{"id":739890,"date":"2025-08-28T00:16:56","date_gmt":"2025-08-27T21:16:56","guid":{"rendered":"https:\/\/roveyayinevi.com.tr\/index.php\/urun\/son-insan-irkinin-sonu\/"},"modified":"2026-04-16T02:50:34","modified_gmt":"2026-04-15T23:50:34","slug":"son-insan-irkinin-sonu","status":"publish","type":"product","link":"https:\/\/roveyayinevi.com.tr\/index.php\/urun\/son-insan-irkinin-sonu\/","title":{"rendered":"Son \u0130nsan Irk\u0131n\u0131n Sonu"},"content":{"rendered":"<p>Tanr\u0131, lsquo;G\u00d6\u011f\u00fcn alt\u0131ndaki sular bir yere toplans\u0131n, kuru toprak g\u00d6r\u00fcns\u00fcn diye buyurdu ve \u00d6yle oldu.rdquo; (Tevrat\/Yarat\u0131l\u0131\u015f1\/9) Tanr\u0131, bu talimat\u0131 verdi\u011finde, ileride g\u00d6rece\u011fimiz gibi D\u00fcnya bir su d\u00fcnyas\u0131yd\u0131; tamamen sularla kapl\u0131yd\u0131. Bunu Tevrat\u0131n ileride g\u00d6rece\u011fimiz ilk ayetlerinden anl\u0131yoruz. Bilim d\u00fcnyas\u0131 da ayn\u0131 \u015feyi s\u00d6yl\u00fcyor; D\u00fcnya, yarat\u0131ld\u0131\u011f\u0131nda bir su d\u00fcnyas\u0131yd\u0131.Bilim d\u00fcnyas\u0131na g\u00d6re, yarat\u0131l\u0131\u015f\u0131n ilk evresinde gaz ve toz bulutundan olu\u015fan d\u00fcnya, kayal\u0131k bir h\u00fcviyet kazand\u0131\u011f\u0131nda kuyruklu y\u0131ld\u0131zlar ve su ta\u015f\u0131yan meteorlar taraf\u0131ndan bombard\u0131mana tutuldu ve her taraf su ile kapland\u0131. (Bu konuda Kurandan ayetler okuyaca\u011f\u0131m size ve bu suyun ldquo;bir \u00d6l\u00e7\u00fcrdquo; ile indirildi\u011fini anlayacaks\u0131n\u0131z.)Ve her \u015feyi t\u00fcm deh\u015fetiyle ortaya koyan o soru gelip \u00e7at\u0131yor: Sular nereye topland\u0131? Yine Tevrattan anlad\u0131\u011f\u0131m\u0131z kadar\u0131yla ldquo;toplanan surdquo;ya ldquo;denizrdquo; ad\u0131 verildi. Peki, bu fazla su denizlerde nerede birikti, nereye topland\u0131<\/p>\n","protected":false},"excerpt":{"rendered":"<p>Tanr\u0131, lsquo;G\u00d6\u011f\u00fcn alt\u0131ndaki sular bir yere toplans\u0131n, kuru toprak g\u00d6r\u00fcns\u00fcn diye buyurdu ve \u00d6yle oldu.rdquo; (Tevrat\/Yarat\u0131l\u0131\u015f1\/9) Tanr\u0131, bu talimat\u0131 verdi\u011finde, ileride g\u00d6rece\u011fimiz gibi D\u00fcnya bir su<span class=\"excerpt-hellip\"> [\u2026]<\/span><\/p>\n","protected":false},"featured_media":0,"template":"","meta":{"_monsterinsights_skip_tracking":false,"_monsterinsights_sitenote_active":false,"_monsterinsights_sitenote_note":"","_monsterinsights_sitenote_category":0},"product_brand":[],"product_cat":[12364],"product_tag":[],"class_list":{"0":"post-739890","1":"product","2":"type-product","3":"status-publish","5":"product_cat-genel-konular","6":"pa_cilt-ciltsiz","7":"pa_tur-kitap","8":"pa_yayinevi-platanus-publishing","9":"pa_yazar-yilmaz-yunak","11":"first","12":"instock","13":"sale","14":"shipping-taxable","15":"purchasable","16":"product-type-simple"},"_links":{"self":[{"href":"https:\/\/roveyayinevi.com.tr\/index.php\/wp-json\/wp\/v2\/product\/739890","targetHints":{"allow":["GET"]}}],"collection":[{"href":"https:\/\/roveyayinevi.com.tr\/index.php\/wp-json\/wp\/v2\/product"}],"about":[{"href":"https:\/\/roveyayinevi.com.tr\/index.php\/wp-json\/wp\/v2\/types\/product"}],"wp:attachment":[{"href":"https:\/\/roveyayinevi.com.tr\/index.php\/wp-json\/wp\/v2\/media?parent=739890"}],"wp:term":[{"taxonomy":"product_brand","embeddable":true,"href":"https:\/\/roveyayinevi.com.tr\/index.php\/wp-json\/wp\/v2\/product_brand?post=739890"},{"taxonomy":"product_cat","embeddable":true,"href":"https:\/\/roveyayinevi.com.tr\/index.php\/wp-json\/wp\/v2\/product_cat?post=739890"},{"taxonomy":"product_tag","embeddable":true,"href":"https:\/\/roveyayinevi.com.tr\/index.php\/wp-json\/wp\/v2\/product_tag?post=739890"}],"curies":[{"name":"wp","href":"https:\/\/api.w.org\/{rel}","templated":true}]}}