{"id":739883,"date":"2025-08-28T00:16:49","date_gmt":"2025-08-27T21:16:49","guid":{"rendered":"https:\/\/roveyayinevi.com.tr\/index.php\/urun\/cardaklida-yasam\/"},"modified":"2026-04-16T02:50:34","modified_gmt":"2026-04-15T23:50:34","slug":"cardaklida-yasam","status":"publish","type":"product","link":"https:\/\/roveyayinevi.com.tr\/index.php\/urun\/cardaklida-yasam\/","title":{"rendered":"\u00c7ardakl\u0131da Ya\u015fam"},"content":{"rendered":"<p>K\u00d6y\u00fcm\u00fc ve k\u00d6y\u00fcm insanlar\u0131n\u0131 seviyorum, dersem son s\u00d6z olur. Vars\u0131n olsun. K\u00d6y\u00fcm\u00fc tan\u0131mak, tan\u0131tmak hizmet say\u0131l\u0131r, d\u00fc\u015f\u00fcncesi ile, ad\u0131ma a\u00e7t\u0131\u011f\u0131m facebook sayfas\u0131nda k\u00d6y\u00fcm\u00fcn ya\u015fanm\u0131\u015flar\u0131n\u0131 anlatmaya \u00e7al\u0131\u015ft\u0131m. Yaz\u0131lar\u0131m\u0131n be\u011fenilerek okundu\u011funu \u00d6\u011frenince mutlu oldum. Yazd\u0131klar\u0131m\u0131n be\u011feni ile okundu\u011funu; ldquo;Devamrdquo; diyerek manevi deste\u011fini esirgemeyen abim Ekrem Y\u0131lmaza, olaylar\u0131 hat\u0131rlamamda yard\u0131mlar\u0131n\u0131 esirgemeyen e\u015fim G\u00fclnaza ve yaz\u0131lar\u0131m\u0131 sayfas\u0131nda payla\u015fan k\u0131z\u0131m G\u00fclesere sonsuz say\u0131da te\u015fekk\u00fcr ediyorum. Yaz\u0131lar\u0131m nedeniyle bilgilerini esirgemeyen tan\u0131d\u0131k, dost ve akrabalar\u0131ma da ayr\u0131ca \u015f\u00fckranlar\u0131m\u0131 sunuyorum. Yazd\u0131klar\u0131mda \u00e7o\u011funlukla k\u00d6yde konu\u015fulan isimler olan lakaplar\u0131 kulland\u0131m. Burada ho\u015f g\u00d6r\u00fcn\u00fcze s\u0131\u011f\u0131n\u0131yorum. Ayn\u0131 ismi ta\u015f\u0131yan birka\u00e7 ki\u015fi varsa, bunlar\u0131 ay\u0131rt etmenin en kolay yolu lakapt\u0131r. Lakaplar\u0131n da cuk oturdu\u011funu, ki\u015fiye uygun oldu\u011funu belirtmek isterim. Keyifli bir ya\u015fam s\u00fcresi i\u00e7inde, zevk alarak okuman\u0131z\u0131 diliyorum.<\/p>\n","protected":false},"excerpt":{"rendered":"<p>K\u00d6y\u00fcm\u00fc ve k\u00d6y\u00fcm insanlar\u0131n\u0131 seviyorum, dersem son s\u00d6z olur. Vars\u0131n olsun. K\u00d6y\u00fcm\u00fc tan\u0131mak, tan\u0131tmak hizmet say\u0131l\u0131r, d\u00fc\u015f\u00fcncesi ile, ad\u0131ma a\u00e7t\u0131\u011f\u0131m facebook sayfas\u0131nda k\u00d6y\u00fcm\u00fcn ya\u015fanm\u0131\u015flar\u0131n\u0131 anlatmaya \u00e7al\u0131\u015ft\u0131m.<span class=\"excerpt-hellip\"> [\u2026]<\/span><\/p>\n","protected":false},"featured_media":0,"template":"","meta":{"_monsterinsights_skip_tracking":false,"_monsterinsights_sitenote_active":false,"_monsterinsights_sitenote_note":"","_monsterinsights_sitenote_category":0},"product_brand":[],"product_cat":[12291],"product_tag":[],"class_list":{"0":"post-739883","1":"product","2":"type-product","3":"status-publish","5":"product_cat-edebiyat","6":"pa_cilt-ciltsiz","7":"pa_tur-kitap","8":"pa_yayinevi-platanus-publishing","9":"pa_yazar-korkmaz-yilmaz","11":"first","12":"instock","13":"sale","14":"shipping-taxable","15":"purchasable","16":"product-type-simple"},"_links":{"self":[{"href":"https:\/\/roveyayinevi.com.tr\/index.php\/wp-json\/wp\/v2\/product\/739883","targetHints":{"allow":["GET"]}}],"collection":[{"href":"https:\/\/roveyayinevi.com.tr\/index.php\/wp-json\/wp\/v2\/product"}],"about":[{"href":"https:\/\/roveyayinevi.com.tr\/index.php\/wp-json\/wp\/v2\/types\/product"}],"wp:attachment":[{"href":"https:\/\/roveyayinevi.com.tr\/index.php\/wp-json\/wp\/v2\/media?parent=739883"}],"wp:term":[{"taxonomy":"product_brand","embeddable":true,"href":"https:\/\/roveyayinevi.com.tr\/index.php\/wp-json\/wp\/v2\/product_brand?post=739883"},{"taxonomy":"product_cat","embeddable":true,"href":"https:\/\/roveyayinevi.com.tr\/index.php\/wp-json\/wp\/v2\/product_cat?post=739883"},{"taxonomy":"product_tag","embeddable":true,"href":"https:\/\/roveyayinevi.com.tr\/index.php\/wp-json\/wp\/v2\/product_tag?post=739883"}],"curies":[{"name":"wp","href":"https:\/\/api.w.org\/{rel}","templated":true}]}}