{"id":739875,"date":"2025-08-28T00:16:41","date_gmt":"2025-08-27T21:16:41","guid":{"rendered":"https:\/\/roveyayinevi.com.tr\/index.php\/urun\/siyasi-analizler\/"},"modified":"2026-04-16T02:50:33","modified_gmt":"2026-04-15T23:50:33","slug":"siyasi-analizler","status":"publish","type":"product","link":"https:\/\/roveyayinevi.com.tr\/index.php\/urun\/siyasi-analizler\/","title":{"rendered":"Siyasi Analizler"},"content":{"rendered":"<p>Ben bu \u00fclkenin, bu milletin, bu vatan\u0131n sevdal\u0131s\u0131y\u0131m. Laik, demokratik, sosyal, hukuk devleti olan bu g\u00fczel \u00fclkede, herkesin, \u00fclke gelirlerinden e\u015fit pay alarak \u00d6zg\u00fcrce ya\u015fama hakk\u0131n\u0131n, e\u015fit yurtta\u015fl\u0131k ve insan hakk\u0131 oldu\u011funa inan\u0131yorum.Bu kitab\u0131 haz\u0131rlamamda hi\u00e7bir maddi \u00e7\u0131kar elde etmek veya kariyer sahibi olma sevdam yoktur. Y\u0131llar\u0131n bana kazand\u0131rd\u0131\u011f\u0131 bilgi, beceri ve tecr\u00fcbelerim \u0131\u015f\u0131\u011f\u0131nda, siyaseten baz\u0131 analizlerin yap\u0131lmas\u0131 gerekti\u011fi kan\u0131s\u0131na vard\u0131\u011f\u0131m i\u00e7in haz\u0131rlad\u0131m.<\/p>\n","protected":false},"excerpt":{"rendered":"<p>Ben bu \u00fclkenin, bu milletin, bu vatan\u0131n sevdal\u0131s\u0131y\u0131m. Laik, demokratik, sosyal, hukuk devleti olan bu g\u00fczel \u00fclkede, herkesin, \u00fclke gelirlerinden e\u015fit pay alarak \u00d6zg\u00fcrce ya\u015fama hakk\u0131n\u0131n,<span class=\"excerpt-hellip\"> [\u2026]<\/span><\/p>\n","protected":false},"featured_media":0,"template":"","meta":{"_monsterinsights_skip_tracking":false,"_monsterinsights_sitenote_active":false,"_monsterinsights_sitenote_note":"","_monsterinsights_sitenote_category":0},"product_brand":[],"product_cat":[52477],"product_tag":[],"class_list":{"0":"post-739875","1":"product","2":"type-product","3":"status-publish","5":"product_cat-arastirma","6":"pa_cilt-ciltsiz","7":"pa_tur-kitap","8":"pa_yayinevi-platanus-publishing","9":"pa_yazar-yasar-yilmaz-odabasoglu","11":"first","12":"instock","13":"sale","14":"shipping-taxable","15":"purchasable","16":"product-type-simple"},"_links":{"self":[{"href":"https:\/\/roveyayinevi.com.tr\/index.php\/wp-json\/wp\/v2\/product\/739875","targetHints":{"allow":["GET"]}}],"collection":[{"href":"https:\/\/roveyayinevi.com.tr\/index.php\/wp-json\/wp\/v2\/product"}],"about":[{"href":"https:\/\/roveyayinevi.com.tr\/index.php\/wp-json\/wp\/v2\/types\/product"}],"wp:attachment":[{"href":"https:\/\/roveyayinevi.com.tr\/index.php\/wp-json\/wp\/v2\/media?parent=739875"}],"wp:term":[{"taxonomy":"product_brand","embeddable":true,"href":"https:\/\/roveyayinevi.com.tr\/index.php\/wp-json\/wp\/v2\/product_brand?post=739875"},{"taxonomy":"product_cat","embeddable":true,"href":"https:\/\/roveyayinevi.com.tr\/index.php\/wp-json\/wp\/v2\/product_cat?post=739875"},{"taxonomy":"product_tag","embeddable":true,"href":"https:\/\/roveyayinevi.com.tr\/index.php\/wp-json\/wp\/v2\/product_tag?post=739875"}],"curies":[{"name":"wp","href":"https:\/\/api.w.org\/{rel}","templated":true}]}}