{"id":739866,"date":"2025-08-28T00:16:28","date_gmt":"2025-08-27T21:16:28","guid":{"rendered":"https:\/\/roveyayinevi.com.tr\/index.php\/urun\/ben-seni-mayin-tarlasinda-sevdim\/"},"modified":"2026-04-12T02:55:32","modified_gmt":"2026-04-11T23:55:32","slug":"ben-seni-mayin-tarlasinda-sevdim","status":"publish","type":"product","link":"https:\/\/roveyayinevi.com.tr\/index.php\/urun\/ben-seni-mayin-tarlasinda-sevdim\/","title":{"rendered":"Ben Seni May\u0131n Tarlas\u0131nda Sevdim"},"content":{"rendered":"<p>\u015eaha kalkm\u0131\u015f yasak arzulara azg\u0131n sular misali gem vurulam\u0131yordu. Kas\u0131rgan\u0131n \u00d6n\u00fcnde savrulan sivrisinekler misali hayatlar t\u00fcm \u00e7\u0131plakl\u0131\u011f\u0131 ile sat\u0131rlara resmedilirken, varl\u0131g\u0131 da yoklugu da erkekler i\u00e7in sorun olan kad\u0131na ait t\u00fcm duygular\u0131n r\u00d6ntgeni \u00e7ekilmi\u015f. Ya\u015f\u0131 k\u00fc\u00e7\u00fck k\u0131z \u00e7ocuklar\u0131n\u0131n gen\u00e7k\u0131z olmadan kad\u0131n olmalar\u0131n\u0131n sonucu ya\u015fad\u0131klar\u0131 travmalar ders niteli\u011finde okuyucuya aktar\u0131l\u0131yor. Anne babas\u0131 bo\u015fanm\u0131\u015f \u00e7ocuklar\u0131n dram\u0131. Aldat\u0131lan kad\u0131n \u00d6fkesinin cehennem ate\u015finden daha beter oldu\u011fu, \u0130ntikam ate\u015fi k\u00fcle d\u00d6nmeden sonuca gitmek isteyen yaral\u0131 bir y\u00fcre\u011fin ya\u015fad\u0131klar\u0131 ve r\u00fczgar\u0131n \u00d6n\u00fcnde savrulan yaprak olmaktansa, kaderin dizginlerini eline al\u0131p onun efendisi olmak isteyen kad\u0131n\u0131n ya\u015fad\u0131klar\u0131 ve daha fazlas\u0131 \u00fcnl\u00fc lsquo;&#8217;\u00fc\u00e7 \u015eehrin Laneti&#8221; roman\u0131n\u0131n yazar\u0131ndan al\u0131\u015f\u0131lm\u0131\u015f\u0131n d\u0131\u015f\u0131nda bir anlat\u0131mla bu kitapta bulabilirsiniz. Ka\u011f\u0131t yan\u0131nca,et g\u00d6m\u00fcl\u00fcnce biter hikaye..&#8221; &#8220;Bak denize ibret al.\u00e7er \u00e7\u00d6p \u00fcsttedir,inci dipte. Kalbi&#8217;M e.. Keyifli okumalar dilerim.. A\u015fkla..<\/p>\n","protected":false},"excerpt":{"rendered":"<p>\u015eaha kalkm\u0131\u015f yasak arzulara azg\u0131n sular misali gem vurulam\u0131yordu. Kas\u0131rgan\u0131n \u00d6n\u00fcnde savrulan sivrisinekler misali hayatlar t\u00fcm \u00e7\u0131plakl\u0131\u011f\u0131 ile sat\u0131rlara resmedilirken, varl\u0131g\u0131 da yoklugu da erkekler i\u00e7in<span class=\"excerpt-hellip\"> [\u2026]<\/span><\/p>\n","protected":false},"featured_media":0,"template":"","meta":{"_monsterinsights_skip_tracking":false,"_monsterinsights_sitenote_active":false,"_monsterinsights_sitenote_note":"","_monsterinsights_sitenote_category":0},"product_brand":[],"product_cat":[12291],"product_tag":[],"class_list":{"0":"post-739866","1":"product","2":"type-product","3":"status-publish","5":"product_cat-edebiyat","6":"pa_cilt-ciltsiz","7":"pa_tur-kitap","8":"pa_yayinevi-platanus-publishing","9":"pa_yazar-ishak-ozlu","11":"first","12":"instock","13":"sale","14":"shipping-taxable","15":"purchasable","16":"product-type-simple"},"_links":{"self":[{"href":"https:\/\/roveyayinevi.com.tr\/index.php\/wp-json\/wp\/v2\/product\/739866","targetHints":{"allow":["GET"]}}],"collection":[{"href":"https:\/\/roveyayinevi.com.tr\/index.php\/wp-json\/wp\/v2\/product"}],"about":[{"href":"https:\/\/roveyayinevi.com.tr\/index.php\/wp-json\/wp\/v2\/types\/product"}],"wp:attachment":[{"href":"https:\/\/roveyayinevi.com.tr\/index.php\/wp-json\/wp\/v2\/media?parent=739866"}],"wp:term":[{"taxonomy":"product_brand","embeddable":true,"href":"https:\/\/roveyayinevi.com.tr\/index.php\/wp-json\/wp\/v2\/product_brand?post=739866"},{"taxonomy":"product_cat","embeddable":true,"href":"https:\/\/roveyayinevi.com.tr\/index.php\/wp-json\/wp\/v2\/product_cat?post=739866"},{"taxonomy":"product_tag","embeddable":true,"href":"https:\/\/roveyayinevi.com.tr\/index.php\/wp-json\/wp\/v2\/product_tag?post=739866"}],"curies":[{"name":"wp","href":"https:\/\/api.w.org\/{rel}","templated":true}]}}