{"id":739863,"date":"2025-08-28T00:16:24","date_gmt":"2025-08-27T21:16:24","guid":{"rendered":"https:\/\/roveyayinevi.com.tr\/index.php\/urun\/duru-huzun\/"},"modified":"2026-04-16T02:50:33","modified_gmt":"2026-04-15T23:50:33","slug":"duru-huzun","status":"publish","type":"product","link":"https:\/\/roveyayinevi.com.tr\/index.php\/urun\/duru-huzun\/","title":{"rendered":"Duru H\u00fcz\u00fcn"},"content":{"rendered":"<p>Veresiye defterlerini, Osmanl\u0131ca yaz\u0131 ve rakamla tuttu\u011fu i\u00e7in yazd\u0131\u011f\u0131 \u015feyleri kimse okuyamazd\u0131. Bazen defterlerden birini yeniler, eski defter yapraklar\u0131n\u0131 y\u0131rt\u0131p, \u00e7\u00d6p tenekesine atard\u0131. Y\u0131rt\u0131lan defter yapraklar\u0131 r\u00fczgar; ya da a\u00e7 bir kedinin y\u00fcz\u00fcnden \u00e7\u00d6p tenekesi devrilince sa\u011fa sola savrulur, Kuran d\u0131\u015f\u0131nda \u00d6mr\u00fcnde ba\u015fka kitap g\u00d6rmemi\u015f, Hasmellerin \u015eevket Amca gibi ya\u015fl\u0131 insanlar, savrulan bu yapraklar\u0131 kutsal kitap sayfalar\u0131 sanarak toplar, bir duvar \u00fczerine ili\u015ftirdikten sonra \u00fcst\u00fcne bir kerpi\u00e7 koyup u\u00e7mas\u0131n diye tedbir al\u0131rlard\u0131. &#8220;K\u00d6Y\u00fcN BEKARI&#8221; adl\u0131 hikayeden..<\/p>\n","protected":false},"excerpt":{"rendered":"<p>Veresiye defterlerini, Osmanl\u0131ca yaz\u0131 ve rakamla tuttu\u011fu i\u00e7in yazd\u0131\u011f\u0131 \u015feyleri kimse okuyamazd\u0131. Bazen defterlerden birini yeniler, eski defter yapraklar\u0131n\u0131 y\u0131rt\u0131p, \u00e7\u00d6p tenekesine atard\u0131. Y\u0131rt\u0131lan defter yapraklar\u0131<span class=\"excerpt-hellip\"> [\u2026]<\/span><\/p>\n","protected":false},"featured_media":0,"template":"","meta":{"_monsterinsights_skip_tracking":false,"_monsterinsights_sitenote_active":false,"_monsterinsights_sitenote_note":"","_monsterinsights_sitenote_category":0},"product_brand":[],"product_cat":[12291],"product_tag":[],"class_list":{"0":"post-739863","1":"product","2":"type-product","3":"status-publish","5":"product_cat-edebiyat","6":"pa_cilt-ciltsiz","7":"pa_tur-kitap","8":"pa_yayinevi-platanus-publishing","9":"pa_yazar-osman-eker","11":"first","12":"instock","13":"sale","14":"shipping-taxable","15":"purchasable","16":"product-type-simple"},"_links":{"self":[{"href":"https:\/\/roveyayinevi.com.tr\/index.php\/wp-json\/wp\/v2\/product\/739863","targetHints":{"allow":["GET"]}}],"collection":[{"href":"https:\/\/roveyayinevi.com.tr\/index.php\/wp-json\/wp\/v2\/product"}],"about":[{"href":"https:\/\/roveyayinevi.com.tr\/index.php\/wp-json\/wp\/v2\/types\/product"}],"wp:attachment":[{"href":"https:\/\/roveyayinevi.com.tr\/index.php\/wp-json\/wp\/v2\/media?parent=739863"}],"wp:term":[{"taxonomy":"product_brand","embeddable":true,"href":"https:\/\/roveyayinevi.com.tr\/index.php\/wp-json\/wp\/v2\/product_brand?post=739863"},{"taxonomy":"product_cat","embeddable":true,"href":"https:\/\/roveyayinevi.com.tr\/index.php\/wp-json\/wp\/v2\/product_cat?post=739863"},{"taxonomy":"product_tag","embeddable":true,"href":"https:\/\/roveyayinevi.com.tr\/index.php\/wp-json\/wp\/v2\/product_tag?post=739863"}],"curies":[{"name":"wp","href":"https:\/\/api.w.org\/{rel}","templated":true}]}}