{"id":739848,"date":"2025-08-28T00:16:07","date_gmt":"2025-08-27T21:16:07","guid":{"rendered":"https:\/\/roveyayinevi.com.tr\/index.php\/urun\/gaziantepte-egitimin-tarihsel-gelisimi\/"},"modified":"2026-04-16T02:50:32","modified_gmt":"2026-04-15T23:50:32","slug":"gaziantepte-egitimin-tarihsel-gelisimi","status":"publish","type":"product","link":"https:\/\/roveyayinevi.com.tr\/index.php\/urun\/gaziantepte-egitimin-tarihsel-gelisimi\/","title":{"rendered":"Gaziantep&#8217;te E\u011fitimin Tarihsel Geli\u015fimi"},"content":{"rendered":"<p>\u0130nsan, sosyal bir varl\u0131kt\u0131r. Bu anlam\u0131yla, insan\u0131n duygu, d\u00fc\u015f\u00fcnce ve davran\u0131\u015flar\u0131 sadece kendi i\u00e7 benli-\u011finden ve d\u00fcrt\u00fclerinden kaynaklanmaz, bunlarla bir-likte ge\u00e7mi\u015f deneyimler, i\u00e7inde ya\u015fan\u0131lan d\u00d6nem, ile-ti\u015fim halinde olunan toplum ve di\u011fer canl\u0131larla etkile-\u015fimi de \u00d6nemli \u00d6l\u00e7\u00fcde etkili olur.Bug\u00fcnk\u00fc yap\u0131m\u0131z\u0131 olu\u015fturan her \u015fey, ge\u00e7mi\u015ften bu g\u00fcne ta\u015f\u0131d\u0131\u011f\u0131m\u0131z deneyim ve birikimlerimizin ortaya \u00e7\u0131kard\u0131\u011f\u0131 bir \u00fcr\u00fcn niteli\u011findedir. G\u00fcndelik ya\u015fant\u0131m\u0131z-daki b\u00fct\u00fcn duygu ve d\u00fc\u015f\u00fcncelerimiz, gelece\u011fe y\u00d6nelik b\u00fct\u00fcn hedef ve beklentilerimiz, ge\u00e7mi\u015fte biriktirdikle-rimizden \u00d6nemli oranda etkilenir. Ge\u00e7mi\u015f, bizimledir ve her zaman bizimle kalmaya devam edecektir.<\/p>\n","protected":false},"excerpt":{"rendered":"<p>\u0130nsan, sosyal bir varl\u0131kt\u0131r. Bu anlam\u0131yla, insan\u0131n duygu, d\u00fc\u015f\u00fcnce ve davran\u0131\u015flar\u0131 sadece kendi i\u00e7 benli-\u011finden ve d\u00fcrt\u00fclerinden kaynaklanmaz, bunlarla bir-likte ge\u00e7mi\u015f deneyimler, i\u00e7inde ya\u015fan\u0131lan d\u00d6nem, ile-ti\u015fim<span class=\"excerpt-hellip\"> [\u2026]<\/span><\/p>\n","protected":false},"featured_media":0,"template":"","meta":{"_monsterinsights_skip_tracking":false,"_monsterinsights_sitenote_active":false,"_monsterinsights_sitenote_note":"","_monsterinsights_sitenote_category":0},"product_brand":[],"product_cat":[12304],"product_tag":[],"class_list":{"0":"post-739848","1":"product","2":"type-product","3":"status-publish","5":"product_cat-tarih","6":"pa_cilt-ciltsiz","7":"pa_tur-kitap","8":"pa_yayinevi-platanus-publishing","9":"pa_yazar-abdullah-damar","11":"first","12":"instock","13":"sale","14":"shipping-taxable","15":"purchasable","16":"product-type-simple"},"_links":{"self":[{"href":"https:\/\/roveyayinevi.com.tr\/index.php\/wp-json\/wp\/v2\/product\/739848","targetHints":{"allow":["GET"]}}],"collection":[{"href":"https:\/\/roveyayinevi.com.tr\/index.php\/wp-json\/wp\/v2\/product"}],"about":[{"href":"https:\/\/roveyayinevi.com.tr\/index.php\/wp-json\/wp\/v2\/types\/product"}],"wp:attachment":[{"href":"https:\/\/roveyayinevi.com.tr\/index.php\/wp-json\/wp\/v2\/media?parent=739848"}],"wp:term":[{"taxonomy":"product_brand","embeddable":true,"href":"https:\/\/roveyayinevi.com.tr\/index.php\/wp-json\/wp\/v2\/product_brand?post=739848"},{"taxonomy":"product_cat","embeddable":true,"href":"https:\/\/roveyayinevi.com.tr\/index.php\/wp-json\/wp\/v2\/product_cat?post=739848"},{"taxonomy":"product_tag","embeddable":true,"href":"https:\/\/roveyayinevi.com.tr\/index.php\/wp-json\/wp\/v2\/product_tag?post=739848"}],"curies":[{"name":"wp","href":"https:\/\/api.w.org\/{rel}","templated":true}]}}