{"id":739847,"date":"2025-08-28T00:16:06","date_gmt":"2025-08-27T21:16:06","guid":{"rendered":"https:\/\/roveyayinevi.com.tr\/index.php\/urun\/hicivden-hirka-i-saadete\/"},"modified":"2026-04-16T02:50:32","modified_gmt":"2026-04-15T23:50:32","slug":"hicivden-hirka-i-saadete","status":"publish","type":"product","link":"https:\/\/roveyayinevi.com.tr\/index.php\/urun\/hicivden-hirka-i-saadete\/","title":{"rendered":"Hicivden H\u0131rka-i Saadete"},"content":{"rendered":"<p>Suad&#8217;\u0131n ayr\u0131l\u0131\u011f\u0131n yetmiyormu\u015f gibi, iki taraf aras\u0131nda s\u00d6z ta\u015f\u0131yanlar bana;nbsp;&#8217;Ey Ebucirc; S\u00fclma&#8217;n\u0131n o\u011flu! Sen, art\u0131k kendini \u00d6lm\u00fc\u015f bil.&#8217;nbsp;dediler.Kendilerine g\u00fcvenip de ba\u015fvurdu\u011fum her dost ise bana;nbsp;&#8217;Seni oyalay\u0131p teselli edemem, ba\u015f\u0131n\u0131n \u00e7aresine bak.&#8217;nbsp;dedi.Ben de,nbsp;&#8217;\u00e7ekilin yolumdan.&#8217;nbsp;dedim. Rahman&#8217;\u0131n takdir etti\u011fi her \u015fey elbette olacakt\u0131r. \u0130nsano\u011flunun mes&#8217;ud hayat\u0131 ne kadar uzun olursan olsun, mutlaka bir g\u00fcn bir tabutta ta\u015f\u0131nacakt\u0131r.Resucirc;lullah\u0131n beni \u00d6ld\u00fcrece\u011fini haber ald\u0131m.Resucirc;lullah\u0131n yan\u0131nda ba\u011f\u0131\u015flanmak en \u00e7ok umulan \u015feydir.\u00d6z\u00fcr beyan ederek Allah El\u00e7isinin yan\u0131na geldim.Resucirc;lullah\u0131n kat\u0131nda \u00d6z\u00fcr daima kabule \u015fayand\u0131r.Merhamet ve teenni ile muamele et bana!\u0130\u00e7inde bir\u00e7ok nasihat ve h\u00fck\u00fcmler bulunan Kur&#8217;an hediyesini sana ihsan eden Allah, hidayetini artt\u0131rs\u0131n!Rakiplerimin dedikodusuyla beni muaheze etme!Hakk\u0131mda bir \u00e7ok dedikodular yap\u0131lm\u0131\u015fsa da, ben pek o kadar su\u00e7lu de\u011filimdir.Ben \u015fimdi \u00d6yle bir makamda bulunuyorum ki, burada g\u00d6rd\u00fc\u011f\u00fcm ve i\u015fitti\u011fim \u015feyleri bir fil g\u00d6r\u00fcp i\u015fitseydi, muhakkak titrerdi.Burada, beni mutlak Allah&#8217;\u0131n izniyle Peygamberin aff\u0131na nail olmak kurtarabilir.Ben, Y\u00fcce Peygambere kar\u015f\u0131 hi\u00e7bir itirazda bulunmadan sa\u011f elimi, onun adaletli eline uzat\u0131yorum.\u015eimdi, s\u00d6z onun s\u00d6z\u00fcd\u00fcr\u015e\u00fcphe yok ki, Resucirc;lullah do\u011fru yolu g\u00d6steren bir nur, k\u00d6t\u00fcl\u00fckleri yok etmek i\u00e7in Allah&#8217;\u0131n s\u0131yr\u0131lm\u0131\u015f keskin ve yal\u0131n k\u0131l\u0131\u00e7lar\u0131ndan bir k\u0131l\u0131\u00e7t\u0131r&#8230;<\/p>\n","protected":false},"excerpt":{"rendered":"<p>Suad&#8217;\u0131n ayr\u0131l\u0131\u011f\u0131n yetmiyormu\u015f gibi, iki taraf aras\u0131nda s\u00d6z ta\u015f\u0131yanlar bana;nbsp;&#8217;Ey Ebucirc; S\u00fclma&#8217;n\u0131n o\u011flu! Sen, art\u0131k kendini \u00d6lm\u00fc\u015f bil.&#8217;nbsp;dediler.Kendilerine g\u00fcvenip de ba\u015fvurdu\u011fum her dost ise bana;nbsp;&#8217;Seni oyalay\u0131p<span class=\"excerpt-hellip\"> [\u2026]<\/span><\/p>\n","protected":false},"featured_media":0,"template":"","meta":{"_monsterinsights_skip_tracking":false,"_monsterinsights_sitenote_active":false,"_monsterinsights_sitenote_note":"","_monsterinsights_sitenote_category":0},"product_brand":[],"product_cat":[12718],"product_tag":[],"class_list":{"0":"post-739847","1":"product","2":"type-product","3":"status-publish","5":"product_cat-din","6":"pa_cilt-ciltsiz","7":"pa_tur-kitap","8":"pa_yayinevi-platanus-publishing","9":"pa_yazar-dincer-ince","11":"first","12":"instock","13":"sale","14":"shipping-taxable","15":"purchasable","16":"product-type-simple"},"_links":{"self":[{"href":"https:\/\/roveyayinevi.com.tr\/index.php\/wp-json\/wp\/v2\/product\/739847","targetHints":{"allow":["GET"]}}],"collection":[{"href":"https:\/\/roveyayinevi.com.tr\/index.php\/wp-json\/wp\/v2\/product"}],"about":[{"href":"https:\/\/roveyayinevi.com.tr\/index.php\/wp-json\/wp\/v2\/types\/product"}],"wp:attachment":[{"href":"https:\/\/roveyayinevi.com.tr\/index.php\/wp-json\/wp\/v2\/media?parent=739847"}],"wp:term":[{"taxonomy":"product_brand","embeddable":true,"href":"https:\/\/roveyayinevi.com.tr\/index.php\/wp-json\/wp\/v2\/product_brand?post=739847"},{"taxonomy":"product_cat","embeddable":true,"href":"https:\/\/roveyayinevi.com.tr\/index.php\/wp-json\/wp\/v2\/product_cat?post=739847"},{"taxonomy":"product_tag","embeddable":true,"href":"https:\/\/roveyayinevi.com.tr\/index.php\/wp-json\/wp\/v2\/product_tag?post=739847"}],"curies":[{"name":"wp","href":"https:\/\/api.w.org\/{rel}","templated":true}]}}