{"id":739844,"date":"2025-08-28T00:16:03","date_gmt":"2025-08-27T21:16:03","guid":{"rendered":"https:\/\/roveyayinevi.com.tr\/index.php\/urun\/dansoz-2\/"},"modified":"2026-04-16T02:50:31","modified_gmt":"2026-04-15T23:50:31","slug":"dansoz-2","status":"publish","type":"product","link":"https:\/\/roveyayinevi.com.tr\/index.php\/urun\/dansoz-2\/","title":{"rendered":"Dans\u00f6z"},"content":{"rendered":"<p>Hayat\u0131mda ilk ve en \u00e7ok istedi\u011fim halde en son realize etmek zorunda kald\u0131\u011f\u0131m yaz\u0131n maceram\u0131n bu ilk kitab\u0131.Acemilik, acelecilik, i\u00e7inde bulundu\u011fumuz ola\u011fan\u00fcst\u00fc problemlerle ve pandemiyle u\u011fra\u015fmak zorunda olup ve hem de bir \u015feyler \u00fcretebilmek ad\u0131na \u00e7alakalem derleyip toparlamaya \u00e7al\u0131\u015ft\u0131\u011f\u0131m bu ilk kitab\u0131 siz de\u011ferli okuyucular\u0131n be\u011fenisine sunuyoruz.\u015eimdiden an\u0131 sepetimde bu ya\u015fanm\u0131\u015fl\u0131klar\u0131 biriktirmeme sebep olan t\u00fcm de\u011ferlilerime \u00d6ncelikle te\u015fekk\u00fcr ediyor ve k\u0131rd\u0131ysam \u015fimdiden aflar\u0131na s\u0131\u011f\u0131n\u0131yorum. \u00d6zellikle bana vizelerim aras\u0131nda tonlarca derse g\u00d6m\u00fclm\u00fc\u015fken ve hi\u00e7 akl\u0131mda yokken bir anda deli cesareti veren Tijen Kinoya,Verdi\u011fim foto\u011fraf\u0131 bir \u015fahesere d\u00d6n\u00fc\u015ft\u00fcren, \u00fcstelik ayn\u0131 anda ka\u011fn\u0131 h\u0131z\u0131ndaki internetten derslerini takip edip di\u011fer yandan verilen sipari\u015fleri yeti\u015ftirme tela\u015f\u0131ndayken araya s\u0131k\u0131\u015ft\u0131r\u0131p bana bu kapak resmini haz\u0131rlayan \u00d6zge \u00e7etine,\u0130nan\u0131lmaz bir sab\u0131rla yazd\u0131klar\u0131m\u0131 b\u00d6ylesi bir kitap haline getirmemde bana k\u0131lavuzluk eden, bilmem ka\u00e7 kere yapt\u0131\u011f\u0131m d\u00fczeltmeleri anlay\u0131\u015f ve zarafetle de\u011fi\u015ftiren Sevgili Platanus Kitapa sonsuz te\u015fekk\u00fcrlerimle. Sevgiler.<\/p>\n","protected":false},"excerpt":{"rendered":"<p>Hayat\u0131mda ilk ve en \u00e7ok istedi\u011fim halde en son realize etmek zorunda kald\u0131\u011f\u0131m yaz\u0131n maceram\u0131n bu ilk kitab\u0131.Acemilik, acelecilik, i\u00e7inde bulundu\u011fumuz ola\u011fan\u00fcst\u00fc problemlerle ve pandemiyle u\u011fra\u015fmak<span class=\"excerpt-hellip\"> [\u2026]<\/span><\/p>\n","protected":false},"featured_media":0,"template":"","meta":{"_monsterinsights_skip_tracking":false,"_monsterinsights_sitenote_active":false,"_monsterinsights_sitenote_note":"","_monsterinsights_sitenote_category":0},"product_brand":[],"product_cat":[12291],"product_tag":[],"class_list":{"0":"post-739844","1":"product","2":"type-product","3":"status-publish","5":"product_cat-edebiyat","6":"pa_cilt-ciltsiz","7":"pa_tur-kitap","8":"pa_yayinevi-platanus-publishing","9":"pa_yazar-a-ferda-kucukcavdar","11":"first","12":"instock","13":"sale","14":"shipping-taxable","15":"purchasable","16":"product-type-simple"},"_links":{"self":[{"href":"https:\/\/roveyayinevi.com.tr\/index.php\/wp-json\/wp\/v2\/product\/739844","targetHints":{"allow":["GET"]}}],"collection":[{"href":"https:\/\/roveyayinevi.com.tr\/index.php\/wp-json\/wp\/v2\/product"}],"about":[{"href":"https:\/\/roveyayinevi.com.tr\/index.php\/wp-json\/wp\/v2\/types\/product"}],"wp:attachment":[{"href":"https:\/\/roveyayinevi.com.tr\/index.php\/wp-json\/wp\/v2\/media?parent=739844"}],"wp:term":[{"taxonomy":"product_brand","embeddable":true,"href":"https:\/\/roveyayinevi.com.tr\/index.php\/wp-json\/wp\/v2\/product_brand?post=739844"},{"taxonomy":"product_cat","embeddable":true,"href":"https:\/\/roveyayinevi.com.tr\/index.php\/wp-json\/wp\/v2\/product_cat?post=739844"},{"taxonomy":"product_tag","embeddable":true,"href":"https:\/\/roveyayinevi.com.tr\/index.php\/wp-json\/wp\/v2\/product_tag?post=739844"}],"curies":[{"name":"wp","href":"https:\/\/api.w.org\/{rel}","templated":true}]}}