{"id":739842,"date":"2025-08-28T00:16:01","date_gmt":"2025-08-27T21:16:01","guid":{"rendered":"https:\/\/roveyayinevi.com.tr\/index.php\/urun\/gazete-bir-gunluk-tarih\/"},"modified":"2026-04-16T02:50:31","modified_gmt":"2026-04-15T23:50:31","slug":"gazete-bir-gunluk-tarih","status":"publish","type":"product","link":"https:\/\/roveyayinevi.com.tr\/index.php\/urun\/gazete-bir-gunluk-tarih\/","title":{"rendered":"Gazete &#8211; Bir G\u00fcnl\u00fck Tarih"},"content":{"rendered":"<p>Kendinize bir soru y\u00d6neltip \/Derseniz ki: &#8220;Nedendir Millet\u00e7e \u00fcst\u00fcm\u00fczdeki \/Bu agresiflik?&#8221; \/Bilin ki; yan\u0131t \/Fazla uzakta de\u011fildir. \/Yan\u0131t: \u00fcst\u00fcm\u00fcze giydirilen \/Deli g\u00d6mle\u011fidir. \/K\u00fclt\u00fcrd\u00fcr, sistemdir, y\u00d6netimdir. \u00e7\u00fcnk\u00fc haks\u0131zl\u0131klarla yeti\u015ftik \/Kinler ve \u00d6fkelerle beslendik! \/Sevgi s\u00d6zctikle\u0131ir\u0131i ay\u0131p sayd\u0131k \/Sevmekten \u00e7ekindik. \/Dikenli bir \u00d6fke a\u011fac\u0131na \/Ve zehirli bir sarma\u015f\u0131\u011fa d\u00d6nd\u00fcrd\u00fc \/Hepimizi sevgisizlik.<\/p>\n","protected":false},"excerpt":{"rendered":"<p>Kendinize bir soru y\u00d6neltip \/Derseniz ki: &#8220;Nedendir Millet\u00e7e \u00fcst\u00fcm\u00fczdeki \/Bu agresiflik?&#8221; \/Bilin ki; yan\u0131t \/Fazla uzakta de\u011fildir. \/Yan\u0131t: \u00fcst\u00fcm\u00fcze giydirilen \/Deli g\u00d6mle\u011fidir. \/K\u00fclt\u00fcrd\u00fcr, sistemdir, y\u00d6netimdir. \u00e7\u00fcnk\u00fc<span class=\"excerpt-hellip\"> [\u2026]<\/span><\/p>\n","protected":false},"featured_media":0,"template":"","meta":{"_monsterinsights_skip_tracking":false,"_monsterinsights_sitenote_active":false,"_monsterinsights_sitenote_note":"","_monsterinsights_sitenote_category":0},"product_brand":[],"product_cat":[12304],"product_tag":[],"class_list":{"0":"post-739842","1":"product","2":"type-product","3":"status-publish","5":"product_cat-tarih","6":"pa_cilt-ciltsiz","7":"pa_tur-kitap","8":"pa_yayinevi-platanus-publishing","9":"pa_yazar-nazmi-oner","11":"first","12":"instock","13":"sale","14":"shipping-taxable","15":"purchasable","16":"product-type-simple"},"_links":{"self":[{"href":"https:\/\/roveyayinevi.com.tr\/index.php\/wp-json\/wp\/v2\/product\/739842","targetHints":{"allow":["GET"]}}],"collection":[{"href":"https:\/\/roveyayinevi.com.tr\/index.php\/wp-json\/wp\/v2\/product"}],"about":[{"href":"https:\/\/roveyayinevi.com.tr\/index.php\/wp-json\/wp\/v2\/types\/product"}],"wp:attachment":[{"href":"https:\/\/roveyayinevi.com.tr\/index.php\/wp-json\/wp\/v2\/media?parent=739842"}],"wp:term":[{"taxonomy":"product_brand","embeddable":true,"href":"https:\/\/roveyayinevi.com.tr\/index.php\/wp-json\/wp\/v2\/product_brand?post=739842"},{"taxonomy":"product_cat","embeddable":true,"href":"https:\/\/roveyayinevi.com.tr\/index.php\/wp-json\/wp\/v2\/product_cat?post=739842"},{"taxonomy":"product_tag","embeddable":true,"href":"https:\/\/roveyayinevi.com.tr\/index.php\/wp-json\/wp\/v2\/product_tag?post=739842"}],"curies":[{"name":"wp","href":"https:\/\/api.w.org\/{rel}","templated":true}]}}