{"id":739838,"date":"2025-08-28T00:15:57","date_gmt":"2025-08-27T21:15:57","guid":{"rendered":"https:\/\/roveyayinevi.com.tr\/index.php\/urun\/bir-turkudur-yasamak\/"},"modified":"2026-04-16T02:50:31","modified_gmt":"2026-04-15T23:50:31","slug":"bir-turkudur-yasamak","status":"publish","type":"product","link":"https:\/\/roveyayinevi.com.tr\/index.php\/urun\/bir-turkudur-yasamak\/","title":{"rendered":"Bir T\u00fcrk\u00fcd\u00fcr Ya\u015famak"},"content":{"rendered":"<p>1950 lsquo;li y\u0131llardan zaman\u0131m\u0131za kadar ya\u015fanan toplumsal, siyasal sosyal, ekonomik olaylar\u0131 anlatan toplumdaki de\u011fi\u015fimleri tespit eden ve sonu\u00e7lar\u0131yla de\u011ferlendirmeye tabi tutarak gelecek nesillere perspektif a\u00e7maya \u00e7al\u0131\u015fan bir \u00e7al\u0131\u015fmad\u0131r.Umar\u0131m bu \u00e7al\u0131\u015fma; gelecek nesillere bilgi ve belge sunarak onlar\u0131n ufkunu geni\u015fletmeye \u00fclkemizi daha iyi tan\u0131malar\u0131na , insan\u0131m\u0131z\u0131 daha \u00e7ok sevmelerine ge\u00e7mi\u015f nesillere sayg\u0131 duymalar\u0131na k\u00fclt\u00fcr\u00fcm\u00fcz\u00fc unutmamalar\u0131na yarayacakt\u0131r.<\/p>\n","protected":false},"excerpt":{"rendered":"<p>1950 lsquo;li y\u0131llardan zaman\u0131m\u0131za kadar ya\u015fanan toplumsal, siyasal sosyal, ekonomik olaylar\u0131 anlatan toplumdaki de\u011fi\u015fimleri tespit eden ve sonu\u00e7lar\u0131yla de\u011ferlendirmeye tabi tutarak gelecek nesillere perspektif a\u00e7maya \u00e7al\u0131\u015fan<span class=\"excerpt-hellip\"> [\u2026]<\/span><\/p>\n","protected":false},"featured_media":0,"template":"","meta":{"_monsterinsights_skip_tracking":false,"_monsterinsights_sitenote_active":false,"_monsterinsights_sitenote_note":"","_monsterinsights_sitenote_category":0},"product_brand":[],"product_cat":[12304],"product_tag":[],"class_list":{"0":"post-739838","1":"product","2":"type-product","3":"status-publish","5":"product_cat-tarih","6":"pa_cilt-ciltsiz","7":"pa_tur-kitap","8":"pa_yayinevi-platanus-publishing","9":"pa_yazar-hasan-huseyin-cabuk","11":"first","12":"instock","13":"sale","14":"shipping-taxable","15":"purchasable","16":"product-type-simple"},"_links":{"self":[{"href":"https:\/\/roveyayinevi.com.tr\/index.php\/wp-json\/wp\/v2\/product\/739838","targetHints":{"allow":["GET"]}}],"collection":[{"href":"https:\/\/roveyayinevi.com.tr\/index.php\/wp-json\/wp\/v2\/product"}],"about":[{"href":"https:\/\/roveyayinevi.com.tr\/index.php\/wp-json\/wp\/v2\/types\/product"}],"wp:attachment":[{"href":"https:\/\/roveyayinevi.com.tr\/index.php\/wp-json\/wp\/v2\/media?parent=739838"}],"wp:term":[{"taxonomy":"product_brand","embeddable":true,"href":"https:\/\/roveyayinevi.com.tr\/index.php\/wp-json\/wp\/v2\/product_brand?post=739838"},{"taxonomy":"product_cat","embeddable":true,"href":"https:\/\/roveyayinevi.com.tr\/index.php\/wp-json\/wp\/v2\/product_cat?post=739838"},{"taxonomy":"product_tag","embeddable":true,"href":"https:\/\/roveyayinevi.com.tr\/index.php\/wp-json\/wp\/v2\/product_tag?post=739838"}],"curies":[{"name":"wp","href":"https:\/\/api.w.org\/{rel}","templated":true}]}}