{"id":739837,"date":"2025-08-28T00:15:56","date_gmt":"2025-08-27T21:15:56","guid":{"rendered":"https:\/\/roveyayinevi.com.tr\/index.php\/urun\/aydinlanma-seyaheti-ferdi-ve-ruhani-inkisafa-addim-addim\/"},"modified":"2026-04-16T02:50:31","modified_gmt":"2026-04-15T23:50:31","slug":"aydinlanma-seyaheti-ferdi-ve-ruhani-inkisafa-addim-addim","status":"publish","type":"product","link":"https:\/\/roveyayinevi.com.tr\/index.php\/urun\/aydinlanma-seyaheti-ferdi-ve-ruhani-inkisafa-addim-addim\/","title":{"rendered":"Ayd\u0131nlanma Seyaheti &#8211; Ferdi ve Ruhani \u0130nki\u015fafa Add\u0131m &#8211; Add\u0131m"},"content":{"rendered":"<p>Kitablar h\u0259mi\u015f\u0259 hans\u0131sa g\u00d6zl\u0259ntini qar\u015f\u0131lamal\u0131d\u0131r. H\u0259l\u0259 bu, elmi \u0259d\u0259biyyat v\u0259 ya m\u00fcxt\u0259lif elml\u0259rd\u0259nnbsp;t\u0259rtib olunmu\u015f m\u0259qs\u0259dli xronikad\u0131rsa, onda oxucu t\u0259f\u0259kk\u00fcr\u00fcn-d\u0259n \u0259n az\u0131 bir add\u0131m \u00d6nd\u0259 olmal\u0131d\u0131r. \u018fsas\u0259n, publisisti-kan\u0131n XXI \u0259sr ara\u015fd\u0131rma\u00e7\u0131l\u0131q \u0259n\u0259n\u0259si indi \u0259d\u0259biyyata da siray\u0259t etm\u0259kd\u0259dir. Bu g\u00fcn d\u00fcnyada m\u00fcxt\u0259lif m\u00d6vzulu ara\u015fd\u0131rma kitablar\u0131n\u0131n milyonlarca oxucusu var. B\u0259dii \u0259d\u0259biyyat h\u0259v\u0259skar\u0131 olmayanlar\u0131n bu tip kitablara b\u0259sl\u0259-diyi maraq anla\u015f\u0131land\u0131r. \u018fg\u0259r m\u0259qs\u0259d \u015f\u0259xsiyy\u0259tin for-mala\u015fmas\u0131na y\u00d6n\u0259libs\u0259, bura m\u00fcxt\u0259lif istisnalar\u0131 yerl\u0259\u015f-dirm\u0259k olar. \u018fsas odur ki, m\u00d6vzunun oxucu \u00fcz\u0259rind\u0259ki t\u0259sir g\u00fcc\u00fc aktual olsun.<\/p>\n","protected":false},"excerpt":{"rendered":"<p>Kitablar h\u0259mi\u015f\u0259 hans\u0131sa g\u00d6zl\u0259ntini qar\u015f\u0131lamal\u0131d\u0131r. H\u0259l\u0259 bu, elmi \u0259d\u0259biyyat v\u0259 ya m\u00fcxt\u0259lif elml\u0259rd\u0259nnbsp;t\u0259rtib olunmu\u015f m\u0259qs\u0259dli xronikad\u0131rsa, onda oxucu t\u0259f\u0259kk\u00fcr\u00fcn-d\u0259n \u0259n az\u0131 bir add\u0131m \u00d6nd\u0259 olmal\u0131d\u0131r. \u018fsas\u0259n,<span class=\"excerpt-hellip\"> [\u2026]<\/span><\/p>\n","protected":false},"featured_media":0,"template":"","meta":{"_monsterinsights_skip_tracking":false,"_monsterinsights_sitenote_active":false,"_monsterinsights_sitenote_note":"","_monsterinsights_sitenote_category":0},"product_brand":[],"product_cat":[12566],"product_tag":[],"class_list":{"0":"post-739837","1":"product","2":"type-product","3":"status-publish","5":"product_cat-egitim","6":"pa_cilt-ciltsiz","7":"pa_tur-kitap","8":"pa_yayinevi-platanus-publishing","9":"pa_yazar-ceylan-mumoglu","11":"first","12":"instock","13":"sale","14":"shipping-taxable","15":"purchasable","16":"product-type-simple"},"_links":{"self":[{"href":"https:\/\/roveyayinevi.com.tr\/index.php\/wp-json\/wp\/v2\/product\/739837","targetHints":{"allow":["GET"]}}],"collection":[{"href":"https:\/\/roveyayinevi.com.tr\/index.php\/wp-json\/wp\/v2\/product"}],"about":[{"href":"https:\/\/roveyayinevi.com.tr\/index.php\/wp-json\/wp\/v2\/types\/product"}],"wp:attachment":[{"href":"https:\/\/roveyayinevi.com.tr\/index.php\/wp-json\/wp\/v2\/media?parent=739837"}],"wp:term":[{"taxonomy":"product_brand","embeddable":true,"href":"https:\/\/roveyayinevi.com.tr\/index.php\/wp-json\/wp\/v2\/product_brand?post=739837"},{"taxonomy":"product_cat","embeddable":true,"href":"https:\/\/roveyayinevi.com.tr\/index.php\/wp-json\/wp\/v2\/product_cat?post=739837"},{"taxonomy":"product_tag","embeddable":true,"href":"https:\/\/roveyayinevi.com.tr\/index.php\/wp-json\/wp\/v2\/product_tag?post=739837"}],"curies":[{"name":"wp","href":"https:\/\/api.w.org\/{rel}","templated":true}]}}