{"id":739828,"date":"2025-08-28T00:15:11","date_gmt":"2025-08-27T21:15:11","guid":{"rendered":"https:\/\/roveyayinevi.com.tr\/index.php\/urun\/istanbulun-markalasma-seruveni\/"},"modified":"2026-04-16T02:50:30","modified_gmt":"2026-04-15T23:50:30","slug":"istanbulun-markalasma-seruveni","status":"publish","type":"product","link":"https:\/\/roveyayinevi.com.tr\/index.php\/urun\/istanbulun-markalasma-seruveni\/","title":{"rendered":"\u0130stanbulun Markala\u015fma Ser\u00fcveni"},"content":{"rendered":"<p>T\u0131pk\u0131 insanlar gibi \u015fehirlerin de do\u011fdu\u011fu, b\u00fcy\u00fcd\u00fc\u011f\u00fc ve ya\u015flanarak maziye kar\u0131\u015ft\u0131klar\u0131 d\u00d6nemleri vard\u0131r. \u015eehirlerin veya b\u00d6lgelerin kendine \u00d6zg\u00fc karakterleri zaman i\u00e7erisinde \u015fekillenir. Bu karakter yap\u0131lar\u0131na g\u00d6re varl\u0131k g\u00d6sterirler. \u015eehirler de duygusal durumlar ge\u00e7irir ve bu duygusal durumlarla \u015fekillenirler. \u0130stanbul \u015fehri karakteri olan, duygular bar\u0131nd\u0131ran bir \u015fehirse e\u011fer bu \u015fehrin il\u00e7elerini de o \u015fehrin duyu organlar\u0131n\u0131, davran\u0131\u015f bi\u00e7imlerini ve tutumlar\u0131n\u0131 olu\u015fturan unsurlar olarak varsaymak gerekmektedir. Duygu ve d\u00fc\u015f\u00fcncelerin yan\u0131 s\u0131ra, il\u00e7eler o \u015fehrin fiziksel bi\u00e7imini de olu\u015fturur. Her bir il\u00e7e, her bir semt o \u015fehrin kolunu, baca\u011f\u0131n\u0131, g\u00d6vdesini olu\u015fturur. B\u00fct\u00fcn bu uzuvlar\u0131n ve unsurlar\u0131n bir araya gelip bir ahenkle varl\u0131k g\u00d6steriyor olmas\u0131yla o \u015fehrin hayat bulmas\u0131 meydana gelir.\u0130stanbul \u015fehrinin alt\u0131nda varl\u0131k g\u00d6steren 39 il\u00e7enin de kendi i\u00e7erisinde bar\u0131nd\u0131rd\u0131\u011f\u0131 mazisi, kendine \u00d6zg\u00fc karakteri, davran\u0131\u015f bi\u00e7imleri, hayalleri ve planlar\u0131, her bir il\u00e7eyi de bir \u015fehir \u00e7at\u0131s\u0131 alt\u0131nda ya\u015fayan farkl\u0131 \u015fehirler konumuna ta\u015f\u0131maktad\u0131r. Bir ailenin bireyleri gibi bir arada ya\u015fayan ve birbirinden \u00e7ok farkl\u0131 karakterlere sahip olan bu il\u00e7eler, varl\u0131k g\u00d6sterdikleri (do\u011fum) an\u0131ndan itibaren ya\u015fad\u0131klar\u0131 s\u00fcre\u00e7leri, geli\u015fimleri, talihsizlikleri ve insana dair ya\u015fanan duygu ve d\u00fc\u015f\u00fcnceleri bir il\u00e7e olarak dile getirerek payla\u015f\u0131yorlar.<\/p>\n","protected":false},"excerpt":{"rendered":"<p>T\u0131pk\u0131 insanlar gibi \u015fehirlerin de do\u011fdu\u011fu, b\u00fcy\u00fcd\u00fc\u011f\u00fc ve ya\u015flanarak maziye kar\u0131\u015ft\u0131klar\u0131 d\u00d6nemleri vard\u0131r. \u015eehirlerin veya b\u00d6lgelerin kendine \u00d6zg\u00fc karakterleri zaman i\u00e7erisinde \u015fekillenir. Bu karakter yap\u0131lar\u0131na g\u00d6re<span class=\"excerpt-hellip\"> [\u2026]<\/span><\/p>\n","protected":false},"featured_media":0,"template":"","meta":{"_monsterinsights_skip_tracking":false,"_monsterinsights_sitenote_active":false,"_monsterinsights_sitenote_note":"","_monsterinsights_sitenote_category":0},"product_brand":[],"product_cat":[12304],"product_tag":[],"class_list":{"0":"post-739828","1":"product","2":"type-product","3":"status-publish","5":"product_cat-tarih","6":"pa_cilt-ciltsiz","7":"pa_tur-kitap","8":"pa_yayinevi-platanus-publishing","9":"pa_yazar-musab-arslan","11":"first","12":"instock","13":"sale","14":"shipping-taxable","15":"purchasable","16":"product-type-simple"},"_links":{"self":[{"href":"https:\/\/roveyayinevi.com.tr\/index.php\/wp-json\/wp\/v2\/product\/739828","targetHints":{"allow":["GET"]}}],"collection":[{"href":"https:\/\/roveyayinevi.com.tr\/index.php\/wp-json\/wp\/v2\/product"}],"about":[{"href":"https:\/\/roveyayinevi.com.tr\/index.php\/wp-json\/wp\/v2\/types\/product"}],"wp:attachment":[{"href":"https:\/\/roveyayinevi.com.tr\/index.php\/wp-json\/wp\/v2\/media?parent=739828"}],"wp:term":[{"taxonomy":"product_brand","embeddable":true,"href":"https:\/\/roveyayinevi.com.tr\/index.php\/wp-json\/wp\/v2\/product_brand?post=739828"},{"taxonomy":"product_cat","embeddable":true,"href":"https:\/\/roveyayinevi.com.tr\/index.php\/wp-json\/wp\/v2\/product_cat?post=739828"},{"taxonomy":"product_tag","embeddable":true,"href":"https:\/\/roveyayinevi.com.tr\/index.php\/wp-json\/wp\/v2\/product_tag?post=739828"}],"curies":[{"name":"wp","href":"https:\/\/api.w.org\/{rel}","templated":true}]}}