{"id":739816,"date":"2025-08-28T00:15:01","date_gmt":"2025-08-27T21:15:01","guid":{"rendered":"https:\/\/roveyayinevi.com.tr\/index.php\/urun\/mesnevi-arifin-kiblesi-altinci-defter\/"},"modified":"2026-04-16T02:50:30","modified_gmt":"2026-04-15T23:50:30","slug":"mesnevi-arifin-kiblesi-altinci-defter","status":"publish","type":"product","link":"https:\/\/roveyayinevi.com.tr\/index.php\/urun\/mesnevi-arifin-kiblesi-altinci-defter\/","title":{"rendered":"Mesnevi &#8211;  Arifin K\u0131blesi (Alt\u0131nc\u0131 Defter)"},"content":{"rendered":"<p>Duydum ki bizi b\u0131rakmaya azmediyorsun etmeBa\u015fka bir yar ba\u015fka bir dosta meylediyorsun etmeSen yad eller d\u00fcnyas\u0131nda ne ar\u0131yorsun yabanc\u0131Hangi hasta g\u00d6n\u00fcll\u00fcy\u00fc kastediyorsun etme\u00e7alma bizi bizden bizi gitme o ellere do\u011fru\u00e7al\u0131nm\u0131\u015f ba\u015fkalar\u0131na nazar ediyorsun etmeEy ay felek harap olmu\u015f alt \u00fcst olmu\u015f senin i\u00e7inBizi \u00d6yle harap \u00d6yle alt \u00fcst ediyorsun etmeEy makam\u0131 var ve yokun \u00fczerinde olan ki\u015fiSen varl\u0131k sahas\u0131n\u0131 \u00d6yle terk ediyorsun etmeSen y\u00fcz \u00e7evirecek olsan ay kapkara olur gamdanAy\u0131n da evini y\u0131kmay\u0131 kastediyorsun etmeBizim duda\u011f\u0131m\u0131z kurur sen kuruyacak olsanG\u00d6zlerimizi \u00d6yle ya\u015f dolu ediyorsun etmea\u015f\u0131klarla ba\u015fa \u00e7\u0131kacak g\u00fcc\u00fcn yoksa e\u011ferA\u015fka \u00d6yleyse ne diye hayret ediyorsun etme<\/p>\n","protected":false},"excerpt":{"rendered":"<p>Duydum ki bizi b\u0131rakmaya azmediyorsun etmeBa\u015fka bir yar ba\u015fka bir dosta meylediyorsun etmeSen yad eller d\u00fcnyas\u0131nda ne ar\u0131yorsun yabanc\u0131Hangi hasta g\u00d6n\u00fcll\u00fcy\u00fc kastediyorsun etme\u00e7alma bizi bizden bizi<span class=\"excerpt-hellip\"> [\u2026]<\/span><\/p>\n","protected":false},"featured_media":0,"template":"","meta":{"_monsterinsights_skip_tracking":false,"_monsterinsights_sitenote_active":false,"_monsterinsights_sitenote_note":"","_monsterinsights_sitenote_category":0},"product_brand":[],"product_cat":[12718],"product_tag":[],"class_list":{"0":"post-739816","1":"product","2":"type-product","3":"status-publish","5":"product_cat-din","6":"pa_cilt-ciltsiz","7":"pa_tur-kitap","8":"pa_yayinevi-platanus-publishing","9":"pa_yazar-mevlana-celaleddin-i-rumi","11":"first","12":"instock","13":"sale","14":"shipping-taxable","15":"purchasable","16":"product-type-simple"},"_links":{"self":[{"href":"https:\/\/roveyayinevi.com.tr\/index.php\/wp-json\/wp\/v2\/product\/739816","targetHints":{"allow":["GET"]}}],"collection":[{"href":"https:\/\/roveyayinevi.com.tr\/index.php\/wp-json\/wp\/v2\/product"}],"about":[{"href":"https:\/\/roveyayinevi.com.tr\/index.php\/wp-json\/wp\/v2\/types\/product"}],"wp:attachment":[{"href":"https:\/\/roveyayinevi.com.tr\/index.php\/wp-json\/wp\/v2\/media?parent=739816"}],"wp:term":[{"taxonomy":"product_brand","embeddable":true,"href":"https:\/\/roveyayinevi.com.tr\/index.php\/wp-json\/wp\/v2\/product_brand?post=739816"},{"taxonomy":"product_cat","embeddable":true,"href":"https:\/\/roveyayinevi.com.tr\/index.php\/wp-json\/wp\/v2\/product_cat?post=739816"},{"taxonomy":"product_tag","embeddable":true,"href":"https:\/\/roveyayinevi.com.tr\/index.php\/wp-json\/wp\/v2\/product_tag?post=739816"}],"curies":[{"name":"wp","href":"https:\/\/api.w.org\/{rel}","templated":true}]}}