{"id":739815,"date":"2025-08-28T00:15:00","date_gmt":"2025-08-27T21:15:00","guid":{"rendered":"https:\/\/roveyayinevi.com.tr\/index.php\/urun\/mesnevi-adem-topragi-besinci-defter\/"},"modified":"2026-04-16T02:50:29","modified_gmt":"2026-04-15T23:50:29","slug":"mesnevi-adem-topragi-besinci-defter","status":"publish","type":"product","link":"https:\/\/roveyayinevi.com.tr\/index.php\/urun\/mesnevi-adem-topragi-besinci-defter\/","title":{"rendered":"Mesnevi &#8211; Adem Topra\u011f\u0131 (Be\u015finci Defter)"},"content":{"rendered":"<p>Mevlana 30 Eyl\u00fcl 1207 y\u0131l\u0131nda bug\u00fcn Afganistan s\u0131n\u0131rlar\u0131 i\u00e7erisinde yer alan Horasan y\u00d6resinde, Belh \u015fehrinde do\u011fmu\u015ftur. Mevlanan\u0131n babas\u0131 Belh \u015fehrinin ileri gelenlerinden olup sa\u011fl\u0131\u011f\u0131nda ldquo;Bilginlerin Sultan\u0131rdquo; \u00fcnvan\u0131n\u0131 alm\u0131\u015f olan H\u00fcseyin Hatibicirc; o\u011flu Bahaeddin Veleddir. Annesi ise Belh Emiri R\u00fckneddinin k\u0131z\u0131 M\u00fcmine Hatundur.Baz\u0131 siyasi olaylar ve yakla\u015fmakta olan Mo\u011fol istilas\u0131 nedeniyle Belhten ayr\u0131lmak zorunda kalan Sultan\u00fcl Ulema Bahaeddin Veled 1212 veya 1213 y\u0131llar\u0131nda aile fertleri ve yak\u0131n dostlar\u0131 ile birlikte Belh ten ayr\u0131lm\u0131\u015ft\u0131r . Sultan\u00fcl Uleman\u0131n ilk dura\u011f\u0131 Ni\u015fabur olmu\u015ftur. Ni\u015fabur \u015fehrinde tan\u0131nm\u0131\u015f Mutasavv\u0131f Fericirc;d\u00fcddin Attar ile de kar\u015f\u0131la\u015fm\u0131\u015ft\u0131r. Mevlana burada k\u00fc\u00e7\u00fck ya\u015f\u0131na ra\u011fmen Fericirc;d\u00fcddin Attar \u0131n ilgisini \u00e7ekmi\u015f ve takdirlerini kazanm\u0131\u015ft\u0131r.<\/p>\n","protected":false},"excerpt":{"rendered":"<p>Mevlana 30 Eyl\u00fcl 1207 y\u0131l\u0131nda bug\u00fcn Afganistan s\u0131n\u0131rlar\u0131 i\u00e7erisinde yer alan Horasan y\u00d6resinde, Belh \u015fehrinde do\u011fmu\u015ftur. Mevlanan\u0131n babas\u0131 Belh \u015fehrinin ileri gelenlerinden olup sa\u011fl\u0131\u011f\u0131nda ldquo;Bilginlerin Sultan\u0131rdquo;<span class=\"excerpt-hellip\"> [\u2026]<\/span><\/p>\n","protected":false},"featured_media":0,"template":"","meta":{"_monsterinsights_skip_tracking":false,"_monsterinsights_sitenote_active":false,"_monsterinsights_sitenote_note":"","_monsterinsights_sitenote_category":0},"product_brand":[],"product_cat":[12718],"product_tag":[],"class_list":{"0":"post-739815","1":"product","2":"type-product","3":"status-publish","5":"product_cat-din","6":"pa_cilt-ciltsiz","7":"pa_tur-kitap","8":"pa_yayinevi-platanus-publishing","9":"pa_yazar-mevlana-celaleddin-i-rumi","11":"first","12":"instock","13":"sale","14":"shipping-taxable","15":"purchasable","16":"product-type-simple"},"_links":{"self":[{"href":"https:\/\/roveyayinevi.com.tr\/index.php\/wp-json\/wp\/v2\/product\/739815","targetHints":{"allow":["GET"]}}],"collection":[{"href":"https:\/\/roveyayinevi.com.tr\/index.php\/wp-json\/wp\/v2\/product"}],"about":[{"href":"https:\/\/roveyayinevi.com.tr\/index.php\/wp-json\/wp\/v2\/types\/product"}],"wp:attachment":[{"href":"https:\/\/roveyayinevi.com.tr\/index.php\/wp-json\/wp\/v2\/media?parent=739815"}],"wp:term":[{"taxonomy":"product_brand","embeddable":true,"href":"https:\/\/roveyayinevi.com.tr\/index.php\/wp-json\/wp\/v2\/product_brand?post=739815"},{"taxonomy":"product_cat","embeddable":true,"href":"https:\/\/roveyayinevi.com.tr\/index.php\/wp-json\/wp\/v2\/product_cat?post=739815"},{"taxonomy":"product_tag","embeddable":true,"href":"https:\/\/roveyayinevi.com.tr\/index.php\/wp-json\/wp\/v2\/product_tag?post=739815"}],"curies":[{"name":"wp","href":"https:\/\/api.w.org\/{rel}","templated":true}]}}