{"id":739814,"date":"2025-08-28T00:14:59","date_gmt":"2025-08-27T21:14:59","guid":{"rendered":"https:\/\/roveyayinevi.com.tr\/index.php\/urun\/mesnevi-ask-seriati-ikinci-defter\/"},"modified":"2026-04-16T02:50:29","modified_gmt":"2026-04-15T23:50:29","slug":"mesnevi-ask-seriati-ikinci-defter","status":"publish","type":"product","link":"https:\/\/roveyayinevi.com.tr\/index.php\/urun\/mesnevi-ask-seriati-ikinci-defter\/","title":{"rendered":"Mesnevi &#8211; A\u015fk \u015eeriat\u0131 (\u0130kinci Defter)"},"content":{"rendered":"<p>Adem peygamber, nefis zevkine bir ad\u0131m att\u0131, cennetin ba\u015fk\u00d6\u015fesinden ayr\u0131lma zinciri bo\u011faz\u0131na ge\u00e7ti. Melek, \u015eeytandan ka\u00e7ar gibi ondan ka\u00e7maya ba\u015flad\u0131. Bir lokma ekmek i\u00e7in ne kadar g\u00d6zya\u015f\u0131d\u00d6kt\u00fc. Ger\u00e7i c\u00fcret etti\u011fi su\u00e7 bir k\u0131l kadard\u0131. Fakat o k\u0131l iki g\u00d6zde bitmi\u015fti. Adem, kadim nur un g\u00d6z\u00fcyd\u00fc. G\u00d6zde k\u0131l, b\u00fcy\u00fck bir da\u011f kesilir. E\u011fer Adem, o hususta dan\u0131\u015fm\u0131\u015f olsayd\u0131 pi\u015fman olup \u00d6z\u00fcrler dilemezdi.<\/p>\n","protected":false},"excerpt":{"rendered":"<p>Adem peygamber, nefis zevkine bir ad\u0131m att\u0131, cennetin ba\u015fk\u00d6\u015fesinden ayr\u0131lma zinciri bo\u011faz\u0131na ge\u00e7ti. Melek, \u015eeytandan ka\u00e7ar gibi ondan ka\u00e7maya ba\u015flad\u0131. Bir lokma ekmek i\u00e7in ne kadar<span class=\"excerpt-hellip\"> [\u2026]<\/span><\/p>\n","protected":false},"featured_media":0,"template":"","meta":{"_monsterinsights_skip_tracking":false,"_monsterinsights_sitenote_active":false,"_monsterinsights_sitenote_note":"","_monsterinsights_sitenote_category":0},"product_brand":[],"product_cat":[12718],"product_tag":[],"class_list":{"0":"post-739814","1":"product","2":"type-product","3":"status-publish","5":"product_cat-din","6":"pa_cilt-ciltsiz","7":"pa_tur-kitap","8":"pa_yayinevi-platanus-publishing","9":"pa_yazar-mevlana-celaleddin-i-rumi","11":"first","12":"instock","13":"sale","14":"shipping-taxable","15":"purchasable","16":"product-type-simple"},"_links":{"self":[{"href":"https:\/\/roveyayinevi.com.tr\/index.php\/wp-json\/wp\/v2\/product\/739814","targetHints":{"allow":["GET"]}}],"collection":[{"href":"https:\/\/roveyayinevi.com.tr\/index.php\/wp-json\/wp\/v2\/product"}],"about":[{"href":"https:\/\/roveyayinevi.com.tr\/index.php\/wp-json\/wp\/v2\/types\/product"}],"wp:attachment":[{"href":"https:\/\/roveyayinevi.com.tr\/index.php\/wp-json\/wp\/v2\/media?parent=739814"}],"wp:term":[{"taxonomy":"product_brand","embeddable":true,"href":"https:\/\/roveyayinevi.com.tr\/index.php\/wp-json\/wp\/v2\/product_brand?post=739814"},{"taxonomy":"product_cat","embeddable":true,"href":"https:\/\/roveyayinevi.com.tr\/index.php\/wp-json\/wp\/v2\/product_cat?post=739814"},{"taxonomy":"product_tag","embeddable":true,"href":"https:\/\/roveyayinevi.com.tr\/index.php\/wp-json\/wp\/v2\/product_tag?post=739814"}],"curies":[{"name":"wp","href":"https:\/\/api.w.org\/{rel}","templated":true}]}}