{"id":739813,"date":"2025-08-28T00:14:59","date_gmt":"2025-08-27T21:14:59","guid":{"rendered":"https:\/\/roveyayinevi.com.tr\/index.php\/urun\/mesnevi-lamekan-alemi-ucuncu-defter\/"},"modified":"2026-04-16T02:50:29","modified_gmt":"2026-04-15T23:50:29","slug":"mesnevi-lamekan-alemi-ucuncu-defter","status":"publish","type":"product","link":"https:\/\/roveyayinevi.com.tr\/index.php\/urun\/mesnevi-lamekan-alemi-ucuncu-defter\/","title":{"rendered":"Mesnevi &#8211; Lamekan Alemi (\u00dc\u00e7\u00fcnc\u00fc Defter)"},"content":{"rendered":"<p>Mesnevi klasik do\u011fu edebiyat\u0131nda, bir \u015fiir tarz\u0131n\u0131n ad\u0131d\u0131r. Edebiyatta ayn\u0131 vezinde ve her beyti kendi aras\u0131nda ayr\u0131 ayr\u0131 kafiyeli naz\u0131m t\u00fcr\u00fcne Mesnevi ad\u0131 verilmi\u015ftir. Uzun s\u00fcrecek konular veya hikayeler \u015fiir yoluyla anlat\u0131lmak istendi\u011finde, kafiye kolayl\u0131\u011f\u0131 nedeniyle mesnevi t\u00fcr\u00fc tercih edilirdi. Mesnevi her ne kadar klasik do\u011fu \u015fiirinin bir t\u00fcr\u00fc ise de, ldquo;Mesnevirdquo; denildi\u011fi zaman akla ldquo;Mevlanan\u0131n Mesnevisirdquo; gelmektedir . Mevlana, Mesneviyi H\u00fcsameddin \u00e7elebinin iste\u011fi \u00fczerine yazm\u0131\u015ft\u0131r. Katibi H\u00fcsameddin \u00e7elebinin s\u00d6yledi\u011fine g\u00d6re, Mevlana, Mesnevi beyitlerini Meramda gezerken, otururken, y\u00fcr\u00fcrken, hatta sema ederken s\u00d6ylermi\u015f. \u00e7elebi H\u00fcsameddin de yazarm\u0131\u015f.<\/p>\n","protected":false},"excerpt":{"rendered":"<p>Mesnevi klasik do\u011fu edebiyat\u0131nda, bir \u015fiir tarz\u0131n\u0131n ad\u0131d\u0131r. Edebiyatta ayn\u0131 vezinde ve her beyti kendi aras\u0131nda ayr\u0131 ayr\u0131 kafiyeli naz\u0131m t\u00fcr\u00fcne Mesnevi ad\u0131 verilmi\u015ftir. Uzun s\u00fcrecek<span class=\"excerpt-hellip\"> [\u2026]<\/span><\/p>\n","protected":false},"featured_media":0,"template":"","meta":{"_monsterinsights_skip_tracking":false,"_monsterinsights_sitenote_active":false,"_monsterinsights_sitenote_note":"","_monsterinsights_sitenote_category":0},"product_brand":[],"product_cat":[12718],"product_tag":[],"class_list":{"0":"post-739813","1":"product","2":"type-product","3":"status-publish","5":"product_cat-din","6":"pa_cilt-ciltsiz","7":"pa_tur-kitap","8":"pa_yayinevi-platanus-publishing","9":"pa_yazar-mevlana-celaleddin-i-rumi","11":"first","12":"instock","13":"sale","14":"shipping-taxable","15":"purchasable","16":"product-type-simple"},"_links":{"self":[{"href":"https:\/\/roveyayinevi.com.tr\/index.php\/wp-json\/wp\/v2\/product\/739813","targetHints":{"allow":["GET"]}}],"collection":[{"href":"https:\/\/roveyayinevi.com.tr\/index.php\/wp-json\/wp\/v2\/product"}],"about":[{"href":"https:\/\/roveyayinevi.com.tr\/index.php\/wp-json\/wp\/v2\/types\/product"}],"wp:attachment":[{"href":"https:\/\/roveyayinevi.com.tr\/index.php\/wp-json\/wp\/v2\/media?parent=739813"}],"wp:term":[{"taxonomy":"product_brand","embeddable":true,"href":"https:\/\/roveyayinevi.com.tr\/index.php\/wp-json\/wp\/v2\/product_brand?post=739813"},{"taxonomy":"product_cat","embeddable":true,"href":"https:\/\/roveyayinevi.com.tr\/index.php\/wp-json\/wp\/v2\/product_cat?post=739813"},{"taxonomy":"product_tag","embeddable":true,"href":"https:\/\/roveyayinevi.com.tr\/index.php\/wp-json\/wp\/v2\/product_tag?post=739813"}],"curies":[{"name":"wp","href":"https:\/\/api.w.org\/{rel}","templated":true}]}}