{"id":739762,"date":"2025-08-28T00:14:23","date_gmt":"2025-08-27T21:14:23","guid":{"rendered":"https:\/\/roveyayinevi.com.tr\/index.php\/urun\/zoraki-tabip-osmanlica-orijinal-metin\/"},"modified":"2026-04-16T02:50:26","modified_gmt":"2026-04-15T23:50:26","slug":"zoraki-tabip-osmanlica-orijinal-metin","status":"publish","type":"product","link":"https:\/\/roveyayinevi.com.tr\/index.php\/urun\/zoraki-tabip-osmanlica-orijinal-metin\/","title":{"rendered":"Zoraki Tabip (Osmanl\u0131ca Orijinal Metin)"},"content":{"rendered":"<p>Zoraki Tabip Ahmet Vefik Pa\u015fan\u0131n, Moliereden \u00e7evirdi\u011fi yerli, sevimli tipler ve canl\u0131 diyaloglarla ustaca uyarlad\u0131\u011f\u0131 bir komedidir. Kocas\u0131ndan s\u0131k s\u0131k dayak yiyen kad\u0131n ona bir oyun oynar. Zengin bir adam, hasta k\u0131z\u0131 i\u00e7in etrafa sald\u0131\u011f\u0131 adamlarla iyi bir hekim aramaktad\u0131r. Kad\u0131n, kocas\u0131n\u0131n hekim oldu\u011funu, ancak bunu inkar etti\u011fini, dayak yemedikten sonra bunu kabul etmedi\u011fini s\u00d6yleyerek gelen adamlar\u0131 kocas\u0131n\u0131n yan\u0131na g\u00d6nderir. Bu durumun yaratt\u0131\u011f\u0131 kar\u0131\u015f\u0131kl\u0131klar, oyunun ana eksenini olu\u015fturur.<\/p>\n","protected":false},"excerpt":{"rendered":"<p>Zoraki Tabip Ahmet Vefik Pa\u015fan\u0131n, Moliereden \u00e7evirdi\u011fi yerli, sevimli tipler ve canl\u0131 diyaloglarla ustaca uyarlad\u0131\u011f\u0131 bir komedidir. Kocas\u0131ndan s\u0131k s\u0131k dayak yiyen kad\u0131n ona bir oyun<span class=\"excerpt-hellip\"> [\u2026]<\/span><\/p>\n","protected":false},"featured_media":0,"template":"","meta":{"_monsterinsights_skip_tracking":false,"_monsterinsights_sitenote_active":false,"_monsterinsights_sitenote_note":"","_monsterinsights_sitenote_category":0},"product_brand":[],"product_cat":[12408],"product_tag":[],"class_list":{"0":"post-739762","1":"product","2":"type-product","3":"status-publish","5":"product_cat-sanat","6":"pa_cilt-ciltsiz","7":"pa_tur-kitap","8":"pa_yayinevi-platanus-publishing","9":"pa_yazar-ahmet-vefik-pasa","11":"first","12":"instock","13":"sale","14":"shipping-taxable","15":"purchasable","16":"product-type-simple"},"_links":{"self":[{"href":"https:\/\/roveyayinevi.com.tr\/index.php\/wp-json\/wp\/v2\/product\/739762","targetHints":{"allow":["GET"]}}],"collection":[{"href":"https:\/\/roveyayinevi.com.tr\/index.php\/wp-json\/wp\/v2\/product"}],"about":[{"href":"https:\/\/roveyayinevi.com.tr\/index.php\/wp-json\/wp\/v2\/types\/product"}],"wp:attachment":[{"href":"https:\/\/roveyayinevi.com.tr\/index.php\/wp-json\/wp\/v2\/media?parent=739762"}],"wp:term":[{"taxonomy":"product_brand","embeddable":true,"href":"https:\/\/roveyayinevi.com.tr\/index.php\/wp-json\/wp\/v2\/product_brand?post=739762"},{"taxonomy":"product_cat","embeddable":true,"href":"https:\/\/roveyayinevi.com.tr\/index.php\/wp-json\/wp\/v2\/product_cat?post=739762"},{"taxonomy":"product_tag","embeddable":true,"href":"https:\/\/roveyayinevi.com.tr\/index.php\/wp-json\/wp\/v2\/product_tag?post=739762"}],"curies":[{"name":"wp","href":"https:\/\/api.w.org\/{rel}","templated":true}]}}