{"id":739671,"date":"2025-08-28T00:13:20","date_gmt":"2025-08-27T21:13:20","guid":{"rendered":"https:\/\/roveyayinevi.com.tr\/index.php\/urun\/hos-gor\/"},"modified":"2026-04-16T02:50:21","modified_gmt":"2026-04-15T23:50:21","slug":"hos-gor","status":"publish","type":"product","link":"https:\/\/roveyayinevi.com.tr\/index.php\/urun\/hos-gor\/","title":{"rendered":"Ho\u015f G\u00f6r"},"content":{"rendered":"<p>Sen ne fani olur , ne de baki kal\u0131rs\u0131n, Ne mahvedebilir , ne de ya\u015fatabilirsin. Sana gelen ilham, ba\u015fkas\u0131ndan gelmez, Sen de bunu ba\u015fkalar\u0131na vermezsin. Hakk\u0131n yaln\u0131z vadinde olmas\u0131 taraf\u0131 kald\u0131. Ceza tehdidinme sad\u0131k oldu\u011funa dair , A\u00e7\u0131k bir alamet yoktur. K\u00fcf\u00fcr ve isyan ehli cehenneme girseler de, Orada kendileri i\u00e7in bir zevk ve lezzet vard\u0131r . O da onlar i\u00e7in cennettir . Ancak onlar\u0131n cennetleri, Huld cennetlerinin nimetlerine benzemez. \u0130kisi de birdir amma, Aralar\u0131nda tecelli fark\u0131 vard\u0131r .<\/p>\n","protected":false},"excerpt":{"rendered":"<p>Sen ne fani olur , ne de baki kal\u0131rs\u0131n, Ne mahvedebilir , ne de ya\u015fatabilirsin. Sana gelen ilham, ba\u015fkas\u0131ndan gelmez, Sen de bunu ba\u015fkalar\u0131na vermezsin. Hakk\u0131n<span class=\"excerpt-hellip\"> [\u2026]<\/span><\/p>\n","protected":false},"featured_media":0,"template":"","meta":{"_monsterinsights_skip_tracking":false,"_monsterinsights_sitenote_active":false,"_monsterinsights_sitenote_note":"","_monsterinsights_sitenote_category":0},"product_brand":[],"product_cat":[12718],"product_tag":[],"class_list":{"0":"post-739671","1":"product","2":"type-product","3":"status-publish","5":"product_cat-din","6":"pa_cilt-ciltsiz","7":"pa_tur-kitap","8":"pa_yayinevi-platanus-publishing","9":"pa_yazar-muhyiddin-ibn-arabi","11":"first","12":"instock","13":"sale","14":"shipping-taxable","15":"purchasable","16":"product-type-simple"},"_links":{"self":[{"href":"https:\/\/roveyayinevi.com.tr\/index.php\/wp-json\/wp\/v2\/product\/739671","targetHints":{"allow":["GET"]}}],"collection":[{"href":"https:\/\/roveyayinevi.com.tr\/index.php\/wp-json\/wp\/v2\/product"}],"about":[{"href":"https:\/\/roveyayinevi.com.tr\/index.php\/wp-json\/wp\/v2\/types\/product"}],"wp:attachment":[{"href":"https:\/\/roveyayinevi.com.tr\/index.php\/wp-json\/wp\/v2\/media?parent=739671"}],"wp:term":[{"taxonomy":"product_brand","embeddable":true,"href":"https:\/\/roveyayinevi.com.tr\/index.php\/wp-json\/wp\/v2\/product_brand?post=739671"},{"taxonomy":"product_cat","embeddable":true,"href":"https:\/\/roveyayinevi.com.tr\/index.php\/wp-json\/wp\/v2\/product_cat?post=739671"},{"taxonomy":"product_tag","embeddable":true,"href":"https:\/\/roveyayinevi.com.tr\/index.php\/wp-json\/wp\/v2\/product_tag?post=739671"}],"curies":[{"name":"wp","href":"https:\/\/api.w.org\/{rel}","templated":true}]}}