{"id":739669,"date":"2025-08-28T00:13:18","date_gmt":"2025-08-27T21:13:18","guid":{"rendered":"https:\/\/roveyayinevi.com.tr\/index.php\/urun\/kalp-ile-zikir\/"},"modified":"2026-04-01T02:55:57","modified_gmt":"2026-03-31T23:55:57","slug":"kalp-ile-zikir","status":"publish","type":"product","link":"https:\/\/roveyayinevi.com.tr\/index.php\/urun\/kalp-ile-zikir\/","title":{"rendered":"Kalp \u0130le Zikir"},"content":{"rendered":"<p>Ey evlat! \u00d6nce nefsine \u00d6\u011f\u00fct ver. Onu yola getir; sonra da ba\u015fkalar\u0131n\u0131. Sana nefsin \u00d6zelliklerini bulmak ba\u015fl\u0131ca vazifedir. Bunu yapmadan ba\u015fkas\u0131na gitme. Senin, hen\u00fcz \u0131slaha muhta\u00e7 hallerin vard\u0131r. Bunu sen de biliyorsun. Yaz\u0131kt\u0131r; bunu bildi\u011fin halde, gayr\u0131n \u0131slah\u0131 sana nice nasip olur? G\u00d6zlerin bir ad\u0131m \u00d6teyi g\u00d6rm\u00fcyor.K\u00d6rleri neyinle yola getirmek sevdas\u0131ndas\u0131n? \u0130nsanlar\u0131, ancak ileri g\u00d6r\u00fc\u015fl\u00fc ve basiret sahibi olanlar yola getirebilir. Daimicirc; dalgalarla kabaran denizden ancak Mahmucirc;d (s.a.v) &#8211; Peygamberimiz- kurtarabilir. Ve onun hakiki varislerihellip; \u0130nsanlar\u0131 Allaha, Allah\u0131n irfan ve tam icirc;man nasip etti\u011fi kimseler g\u00d6t\u00fcrebilir. Ama onun hakikicirc; ilminden ve irfan\u0131ndan nasibi olmayanlar, \u00d6nc\u00fc olamazlar.<\/p>\n","protected":false},"excerpt":{"rendered":"<p>Ey evlat! \u00d6nce nefsine \u00d6\u011f\u00fct ver. Onu yola getir; sonra da ba\u015fkalar\u0131n\u0131. Sana nefsin \u00d6zelliklerini bulmak ba\u015fl\u0131ca vazifedir. Bunu yapmadan ba\u015fkas\u0131na gitme. Senin, hen\u00fcz \u0131slaha muhta\u00e7<span class=\"excerpt-hellip\"> [\u2026]<\/span><\/p>\n","protected":false},"featured_media":0,"template":"","meta":{"_monsterinsights_skip_tracking":false,"_monsterinsights_sitenote_active":false,"_monsterinsights_sitenote_note":"","_monsterinsights_sitenote_category":0},"product_brand":[],"product_cat":[12718],"product_tag":[],"class_list":{"0":"post-739669","1":"product","2":"type-product","3":"status-publish","5":"product_cat-din","6":"pa_cilt-ciltsiz","7":"pa_tur-kitap","8":"pa_yayinevi-platanus-publishing","9":"pa_yazar-abdulkadir-geylani","11":"first","12":"instock","13":"sale","14":"shipping-taxable","15":"purchasable","16":"product-type-simple"},"_links":{"self":[{"href":"https:\/\/roveyayinevi.com.tr\/index.php\/wp-json\/wp\/v2\/product\/739669","targetHints":{"allow":["GET"]}}],"collection":[{"href":"https:\/\/roveyayinevi.com.tr\/index.php\/wp-json\/wp\/v2\/product"}],"about":[{"href":"https:\/\/roveyayinevi.com.tr\/index.php\/wp-json\/wp\/v2\/types\/product"}],"wp:attachment":[{"href":"https:\/\/roveyayinevi.com.tr\/index.php\/wp-json\/wp\/v2\/media?parent=739669"}],"wp:term":[{"taxonomy":"product_brand","embeddable":true,"href":"https:\/\/roveyayinevi.com.tr\/index.php\/wp-json\/wp\/v2\/product_brand?post=739669"},{"taxonomy":"product_cat","embeddable":true,"href":"https:\/\/roveyayinevi.com.tr\/index.php\/wp-json\/wp\/v2\/product_cat?post=739669"},{"taxonomy":"product_tag","embeddable":true,"href":"https:\/\/roveyayinevi.com.tr\/index.php\/wp-json\/wp\/v2\/product_tag?post=739669"}],"curies":[{"name":"wp","href":"https:\/\/api.w.org\/{rel}","templated":true}]}}