{"id":739656,"date":"2025-08-28T00:13:09","date_gmt":"2025-08-27T21:13:09","guid":{"rendered":"https:\/\/roveyayinevi.com.tr\/index.php\/urun\/die-piraterie-beitrage-zum-internationalen-seerecht\/"},"modified":"2026-04-16T02:50:20","modified_gmt":"2026-04-15T23:50:20","slug":"die-piraterie-beitrage-zum-internationalen-seerecht","status":"publish","type":"product","link":"https:\/\/roveyayinevi.com.tr\/index.php\/urun\/die-piraterie-beitrage-zum-internationalen-seerecht\/","title":{"rendered":"Die Piraterie. Beitrage zum internationalen Seerecht"},"content":{"rendered":"<p>Die in der auml;lteren Litteratur viel er\u00d6rterte Frage, ob die Barbareskenstaaten als Piraten oder als rechtmauml;ssige Kriegsfeinde zu betrachten seien, hat eine einm\u00fctige Beantwortung nicht finden k\u00d6nnen,[17] weil die Fragestellung irref\u00fchrend ist. Ihre Piraterie ist eine aus vergangener Zeit in das moderne V\u00d6lkerrecht hineinragende Erscheinung, die sich seinen Begriffen nicht einf\u00fcgt. Die Praxis hat weder das moderne Kriegsrecht auf die Barbaresken angewendet, noch sie als Piraten behandelt. Die Beziehung der feindlichen Mauml;chte steht unter altem Fremdenrecht, jus postliminii nach der romanistischen Wissenschaft.Dieser Rechtszustand ist seit dem 16. Jahrhundert dadurch kompliziert, dass eine Reihe europauml;ischer Mauml;chte ihre Beziehungen zu den Raubstaaten vertraglich regelte, andere einseitig ihnen gegen\u00fcber moderne Rechtsgrundsauml;tze zur Anwendung brachten.<\/p>\n","protected":false},"excerpt":{"rendered":"<p>Die in der auml;lteren Litteratur viel er\u00d6rterte Frage, ob die Barbareskenstaaten als Piraten oder als rechtmauml;ssige Kriegsfeinde zu betrachten seien, hat eine einm\u00fctige Beantwortung nicht finden<span class=\"excerpt-hellip\"> [\u2026]<\/span><\/p>\n","protected":false},"featured_media":0,"template":"","meta":{"_monsterinsights_skip_tracking":false,"_monsterinsights_sitenote_active":false,"_monsterinsights_sitenote_note":"","_monsterinsights_sitenote_category":0},"product_brand":[],"product_cat":[12472],"product_tag":[],"class_list":{"0":"post-739656","1":"product","2":"type-product","3":"status-publish","5":"product_cat-yabanci-dilde-kitaplar","6":"pa_cilt-ciltsiz","7":"pa_tur-kitap","8":"pa_yayinevi-platanus-publishing","9":"pa_yazar-paul-stiel","11":"first","12":"instock","13":"sale","14":"shipping-taxable","15":"purchasable","16":"product-type-simple"},"_links":{"self":[{"href":"https:\/\/roveyayinevi.com.tr\/index.php\/wp-json\/wp\/v2\/product\/739656","targetHints":{"allow":["GET"]}}],"collection":[{"href":"https:\/\/roveyayinevi.com.tr\/index.php\/wp-json\/wp\/v2\/product"}],"about":[{"href":"https:\/\/roveyayinevi.com.tr\/index.php\/wp-json\/wp\/v2\/types\/product"}],"wp:attachment":[{"href":"https:\/\/roveyayinevi.com.tr\/index.php\/wp-json\/wp\/v2\/media?parent=739656"}],"wp:term":[{"taxonomy":"product_brand","embeddable":true,"href":"https:\/\/roveyayinevi.com.tr\/index.php\/wp-json\/wp\/v2\/product_brand?post=739656"},{"taxonomy":"product_cat","embeddable":true,"href":"https:\/\/roveyayinevi.com.tr\/index.php\/wp-json\/wp\/v2\/product_cat?post=739656"},{"taxonomy":"product_tag","embeddable":true,"href":"https:\/\/roveyayinevi.com.tr\/index.php\/wp-json\/wp\/v2\/product_tag?post=739656"}],"curies":[{"name":"wp","href":"https:\/\/api.w.org\/{rel}","templated":true}]}}