{"id":739626,"date":"2025-08-28T00:12:37","date_gmt":"2025-08-27T21:12:37","guid":{"rendered":"https:\/\/roveyayinevi.com.tr\/index.php\/urun\/mesnevi-sabir-kapisi-birinci-defter\/"},"modified":"2026-04-16T02:50:18","modified_gmt":"2026-04-15T23:50:18","slug":"mesnevi-sabir-kapisi-birinci-defter","status":"publish","type":"product","link":"https:\/\/roveyayinevi.com.tr\/index.php\/urun\/mesnevi-sabir-kapisi-birinci-defter\/","title":{"rendered":"Mesnevi &#8211; Sab\u0131r Kap\u0131s\u0131 (Birinci Defter)"},"content":{"rendered":"<p>A\u015fk ate\u015fidir ki neyin i\u00e7ine d\u00fc\u015fm\u00fc\u015ft\u00fcr, a\u015fk co\u015fkunlu\u011fudur ki \u015farab\u0131n i\u00e7ine d\u00fc\u015fm\u00fc\u015ft\u00fcr. Ney, dosttan ayr\u0131lan ki\u015finin arkada\u015f\u0131d\u0131r. Onun perdeleri, perdelerimizi y\u0131rtt\u0131. Ney gibi hem bir zehir, hem bir panzehir, ney gibi hem bir hemdem, hem bir m\u00fc\u015ftak kim g\u00d6rd\u00fc? Ney, kanla dolu olan yoldan bahsetmekte, Mecnun a\u015fk\u0131n\u0131n hikayelerin s\u00d6ylemektedir. Bu akl\u0131n mahremi ak\u0131ls\u0131zdan ba\u015fkas\u0131 de\u011fildir .<\/p>\n","protected":false},"excerpt":{"rendered":"<p>A\u015fk ate\u015fidir ki neyin i\u00e7ine d\u00fc\u015fm\u00fc\u015ft\u00fcr, a\u015fk co\u015fkunlu\u011fudur ki \u015farab\u0131n i\u00e7ine d\u00fc\u015fm\u00fc\u015ft\u00fcr. Ney, dosttan ayr\u0131lan ki\u015finin arkada\u015f\u0131d\u0131r. Onun perdeleri, perdelerimizi y\u0131rtt\u0131. Ney gibi hem bir zehir,<span class=\"excerpt-hellip\"> [\u2026]<\/span><\/p>\n","protected":false},"featured_media":0,"template":"","meta":{"_monsterinsights_skip_tracking":false,"_monsterinsights_sitenote_active":false,"_monsterinsights_sitenote_note":"","_monsterinsights_sitenote_category":0},"product_brand":[],"product_cat":[12718],"product_tag":[],"class_list":{"0":"post-739626","1":"product","2":"type-product","3":"status-publish","5":"product_cat-din","6":"pa_cilt-ciltsiz","7":"pa_tur-kitap","8":"pa_yayinevi-platanus-publishing","9":"pa_yazar-mevlana-celaleddin-i-rumi","11":"first","12":"instock","13":"sale","14":"shipping-taxable","15":"purchasable","16":"product-type-simple"},"_links":{"self":[{"href":"https:\/\/roveyayinevi.com.tr\/index.php\/wp-json\/wp\/v2\/product\/739626","targetHints":{"allow":["GET"]}}],"collection":[{"href":"https:\/\/roveyayinevi.com.tr\/index.php\/wp-json\/wp\/v2\/product"}],"about":[{"href":"https:\/\/roveyayinevi.com.tr\/index.php\/wp-json\/wp\/v2\/types\/product"}],"wp:attachment":[{"href":"https:\/\/roveyayinevi.com.tr\/index.php\/wp-json\/wp\/v2\/media?parent=739626"}],"wp:term":[{"taxonomy":"product_brand","embeddable":true,"href":"https:\/\/roveyayinevi.com.tr\/index.php\/wp-json\/wp\/v2\/product_brand?post=739626"},{"taxonomy":"product_cat","embeddable":true,"href":"https:\/\/roveyayinevi.com.tr\/index.php\/wp-json\/wp\/v2\/product_cat?post=739626"},{"taxonomy":"product_tag","embeddable":true,"href":"https:\/\/roveyayinevi.com.tr\/index.php\/wp-json\/wp\/v2\/product_tag?post=739626"}],"curies":[{"name":"wp","href":"https:\/\/api.w.org\/{rel}","templated":true}]}}