{"id":739625,"date":"2025-08-28T00:12:36","date_gmt":"2025-08-27T21:12:36","guid":{"rendered":"https:\/\/roveyayinevi.com.tr\/index.php\/urun\/dert-etme-dua-et-2\/"},"modified":"2026-04-16T02:50:18","modified_gmt":"2026-04-15T23:50:18","slug":"dert-etme-dua-et-2","status":"publish","type":"product","link":"https:\/\/roveyayinevi.com.tr\/index.php\/urun\/dert-etme-dua-et-2\/","title":{"rendered":"Dert Etme Dua Et"},"content":{"rendered":"<p>Sarho\u015fluktan ge\u00e7, sarho\u015fluk verir ol. Bu renkten renge giri\u015fi b\u0131rak, onun istivas\u0131na naklet. Niceye bir bu sarho\u015flukla nazlan\u0131p duracaks\u0131n? Her mahalle ba\u015f\u0131nda bunca sarho\u015f var. \u0130ki alem de sevgilinin sarho\u015flar\u0131 ile dolsa hepsi de bir olur ki, o bir de hor hakicirc;r de\u011fildir. Onlar bir olmakla derecelerinden d\u00fc\u015fmeyecekleri gibi \u00e7ok olmakla da dereceleri d\u00fc\u015fmez. Hor hakir kimdir? Bedene tapan cehennemlik! alem, g\u00fcne\u015fin nuru ile dolsa o yal\u0131m\u0131 g\u00fczel \u0131s\u0131l\u0131k kayna\u011f\u0131, hor mu olur?<\/p>\n","protected":false},"excerpt":{"rendered":"<p>Sarho\u015fluktan ge\u00e7, sarho\u015fluk verir ol. Bu renkten renge giri\u015fi b\u0131rak, onun istivas\u0131na naklet. Niceye bir bu sarho\u015flukla nazlan\u0131p duracaks\u0131n? Her mahalle ba\u015f\u0131nda bunca sarho\u015f var. \u0130ki<span class=\"excerpt-hellip\"> [\u2026]<\/span><\/p>\n","protected":false},"featured_media":0,"template":"","meta":{"_monsterinsights_skip_tracking":false,"_monsterinsights_sitenote_active":false,"_monsterinsights_sitenote_note":"","_monsterinsights_sitenote_category":0},"product_brand":[],"product_cat":[12718],"product_tag":[],"class_list":{"0":"post-739625","1":"product","2":"type-product","3":"status-publish","5":"product_cat-din","6":"pa_cilt-ciltsiz","7":"pa_tur-kitap","8":"pa_yayinevi-platanus-publishing","9":"pa_yazar-mevlana-celaleddin-i-rumi","11":"first","12":"instock","13":"sale","14":"shipping-taxable","15":"purchasable","16":"product-type-simple"},"_links":{"self":[{"href":"https:\/\/roveyayinevi.com.tr\/index.php\/wp-json\/wp\/v2\/product\/739625","targetHints":{"allow":["GET"]}}],"collection":[{"href":"https:\/\/roveyayinevi.com.tr\/index.php\/wp-json\/wp\/v2\/product"}],"about":[{"href":"https:\/\/roveyayinevi.com.tr\/index.php\/wp-json\/wp\/v2\/types\/product"}],"wp:attachment":[{"href":"https:\/\/roveyayinevi.com.tr\/index.php\/wp-json\/wp\/v2\/media?parent=739625"}],"wp:term":[{"taxonomy":"product_brand","embeddable":true,"href":"https:\/\/roveyayinevi.com.tr\/index.php\/wp-json\/wp\/v2\/product_brand?post=739625"},{"taxonomy":"product_cat","embeddable":true,"href":"https:\/\/roveyayinevi.com.tr\/index.php\/wp-json\/wp\/v2\/product_cat?post=739625"},{"taxonomy":"product_tag","embeddable":true,"href":"https:\/\/roveyayinevi.com.tr\/index.php\/wp-json\/wp\/v2\/product_tag?post=739625"}],"curies":[{"name":"wp","href":"https:\/\/api.w.org\/{rel}","templated":true}]}}