{"id":739624,"date":"2025-08-28T00:12:36","date_gmt":"2025-08-27T21:12:36","guid":{"rendered":"https:\/\/roveyayinevi.com.tr\/index.php\/urun\/rahim\/"},"modified":"2026-04-16T02:50:18","modified_gmt":"2026-04-15T23:50:18","slug":"rahim","status":"publish","type":"product","link":"https:\/\/roveyayinevi.com.tr\/index.php\/urun\/rahim\/","title":{"rendered":"Rahim"},"content":{"rendered":"<p>\u0130\u015flenilen g\u00fcnah\u0131n g\u00fcnah oldu\u011funa inanmak ve onun bir kabahat oldu\u011funu bilmek taattir. Daha g\u00fcnah\u0131 i\u015flerken i\u00e7ine ibadet kar\u0131\u015f\u0131yor demektir. Bu ibadetin kar\u0131\u015fmas\u0131 affa sebebtir. Bir de o g\u00fcnaha isti\u011ffar ve tevbe edilirse, taat taraf\u0131 kuvvetleniyor g\u00fcnaha galebe ediyor. G\u00fcnah\u0131 g\u00fcnah bilmek ve i\u015flerken g\u00fcnah oldu\u011funa inanmak i\u015flemenin sonunda nedamete (i\u00e7in yanmas\u0131na) sebep olur. i\u015fte bu haller g\u00fcnahlar\u0131 y\u0131kayan en \u0130yi hallerdir.Allah\u0131n aff\u0131 ve Rahmeti \u00e7ok vasidir. Allaha do\u011fru bir kan\u015f gidene Allah\u0131n rahmeti bir ar\u015f\u0131n gelir. Bir ar\u015f\u0131n gidene bir kula\u00e7 gelir. Y\u00fcr\u00fcyerek gidene ko\u015farak gelir mealinde Hadis-i Kudsi vard\u0131r. Allahtan bize gelen feyizler, Ahkam-\u0131 \u0130lahiyeye iman ile m\u00fctenasiptir, iman\u0131n ne kadar kuvvetlenirse feyz o kadar fazlala\u015f\u0131r .<\/p>\n","protected":false},"excerpt":{"rendered":"<p>\u0130\u015flenilen g\u00fcnah\u0131n g\u00fcnah oldu\u011funa inanmak ve onun bir kabahat oldu\u011funu bilmek taattir. Daha g\u00fcnah\u0131 i\u015flerken i\u00e7ine ibadet kar\u0131\u015f\u0131yor demektir. Bu ibadetin kar\u0131\u015fmas\u0131 affa sebebtir. Bir de<span class=\"excerpt-hellip\"> [\u2026]<\/span><\/p>\n","protected":false},"featured_media":0,"template":"","meta":{"_monsterinsights_skip_tracking":false,"_monsterinsights_sitenote_active":false,"_monsterinsights_sitenote_note":"","_monsterinsights_sitenote_category":0},"product_brand":[],"product_cat":[12718],"product_tag":[],"class_list":{"0":"post-739624","1":"product","2":"type-product","3":"status-publish","5":"product_cat-din","6":"pa_cilt-ciltsiz","7":"pa_tur-kitap","8":"pa_yayinevi-platanus-publishing","9":"pa_yazar-muhyiddin-ibn-arabi","11":"first","12":"instock","13":"sale","14":"shipping-taxable","15":"purchasable","16":"product-type-simple"},"_links":{"self":[{"href":"https:\/\/roveyayinevi.com.tr\/index.php\/wp-json\/wp\/v2\/product\/739624","targetHints":{"allow":["GET"]}}],"collection":[{"href":"https:\/\/roveyayinevi.com.tr\/index.php\/wp-json\/wp\/v2\/product"}],"about":[{"href":"https:\/\/roveyayinevi.com.tr\/index.php\/wp-json\/wp\/v2\/types\/product"}],"wp:attachment":[{"href":"https:\/\/roveyayinevi.com.tr\/index.php\/wp-json\/wp\/v2\/media?parent=739624"}],"wp:term":[{"taxonomy":"product_brand","embeddable":true,"href":"https:\/\/roveyayinevi.com.tr\/index.php\/wp-json\/wp\/v2\/product_brand?post=739624"},{"taxonomy":"product_cat","embeddable":true,"href":"https:\/\/roveyayinevi.com.tr\/index.php\/wp-json\/wp\/v2\/product_cat?post=739624"},{"taxonomy":"product_tag","embeddable":true,"href":"https:\/\/roveyayinevi.com.tr\/index.php\/wp-json\/wp\/v2\/product_tag?post=739624"}],"curies":[{"name":"wp","href":"https:\/\/api.w.org\/{rel}","templated":true}]}}