{"id":739616,"date":"2025-08-28T00:12:29","date_gmt":"2025-08-27T21:12:29","guid":{"rendered":"https:\/\/roveyayinevi.com.tr\/index.php\/urun\/ask-susmaktir\/"},"modified":"2026-03-02T03:02:59","modified_gmt":"2026-03-02T00:02:59","slug":"ask-susmaktir","status":"publish","type":"product","link":"https:\/\/roveyayinevi.com.tr\/index.php\/urun\/ask-susmaktir\/","title":{"rendered":"A\u015fk Susmakt\u0131r"},"content":{"rendered":"<p>A\u015fk\u0131n tan\u0131m\u0131 yap\u0131lamaz. A\u015fk ancak tad\u0131l\u0131r. Tadan da a\u015fk\u0131n ne oldu\u011funu anlatamaz. Bil ki, insan sevgilisinden duydu\u011fu s\u00d6z\u00fcn d\u0131\u015f\u0131ndaki s\u00d6zlere sa\u011f\u0131r oldu\u011fu, sevgilisinin y\u00fcz\u00fcnden ba\u015fka g\u00d6rd\u00fc\u011f\u00fc her t\u00fcrl\u00fc sa\u011f\u0131r t\u00fcrl\u00fcmanzaraya kar\u015f\u0131 k\u00d6r oldu\u011fu, sevgilisinin konu\u015fmas\u0131n\u0131n vemanzaraya ve sevgilisinin sevdi\u011fi konu\u015fman\u0131n d\u0131\u015f\u0131ndaki konu\u015fmalara ilgisizsevgilisinin ilgisiz kald\u0131\u011f\u0131 zaman, ancak a\u015fk o insana hakim olur. O zaman kalbininkald\u0131\u011f\u0131 kalbinin \u00fczerine bir m\u00fch\u00fcr koyar ve oraya sevgilisinin sevgisinden\u00fczerine sevgisinden ba\u015fka hi\u00e7bir \u015feyi sokmaz. Hayal hazinesinin \u00fczerine bir kilitba\u015fka kilit vurur, bir s\u00fcrg\u00fc s\u00fcrer, b\u00d6ylece hayalinde sevgilisinin suretindenvurur, suretinden ba\u015fkas\u0131n\u0131 hayal etmez, hayalini me\u015fgul edecek bir ba\u015fkaba\u015fkas\u0131n\u0131 ba\u015fka g\u00d6r\u00fcnt\u00fcn\u00fcn \u00d6ne \u00e7\u0131kmas\u0131na ya da bir ba\u015fka suretin oraya sokulmas\u0131nag\u00d6r\u00fcnt\u00fcn\u00fcn sokulmas\u0131na izin vermez. E\u011fer a\u015f\u0131\u011f\u0131n sevgisinde, sevgilisinden ba\u015fkas\u0131n\u0131 d\u00fc\u015f\u00fcnmeye f\u0131rsat verebilen bir ak\u0131l ya da bir ak\u0131l y\u00fcr\u00fctme varsa, sevgi saf vef\u0131rsat ve ger\u00e7ek de\u011fildir. O ancak nefiste ge\u00e7ici bir durumdur.<\/p>\n","protected":false},"excerpt":{"rendered":"<p>A\u015fk\u0131n tan\u0131m\u0131 yap\u0131lamaz. A\u015fk ancak tad\u0131l\u0131r. Tadan da a\u015fk\u0131n ne oldu\u011funu anlatamaz. Bil ki, insan sevgilisinden duydu\u011fu s\u00d6z\u00fcn d\u0131\u015f\u0131ndaki s\u00d6zlere sa\u011f\u0131r oldu\u011fu, sevgilisinin y\u00fcz\u00fcnden ba\u015fka g\u00d6rd\u00fc\u011f\u00fc<span class=\"excerpt-hellip\"> [\u2026]<\/span><\/p>\n","protected":false},"featured_media":0,"template":"","meta":{"_monsterinsights_skip_tracking":false,"_monsterinsights_sitenote_active":false,"_monsterinsights_sitenote_note":"","_monsterinsights_sitenote_category":0},"product_brand":[],"product_cat":[12718],"product_tag":[],"class_list":{"0":"post-739616","1":"product","2":"type-product","3":"status-publish","5":"product_cat-din","6":"pa_cilt-ciltsiz","7":"pa_tur-kitap","8":"pa_yayinevi-platanus-publishing","9":"pa_yazar-ibn-arabi","11":"first","12":"instock","13":"sale","14":"shipping-taxable","15":"purchasable","16":"product-type-simple"},"_links":{"self":[{"href":"https:\/\/roveyayinevi.com.tr\/index.php\/wp-json\/wp\/v2\/product\/739616","targetHints":{"allow":["GET"]}}],"collection":[{"href":"https:\/\/roveyayinevi.com.tr\/index.php\/wp-json\/wp\/v2\/product"}],"about":[{"href":"https:\/\/roveyayinevi.com.tr\/index.php\/wp-json\/wp\/v2\/types\/product"}],"wp:attachment":[{"href":"https:\/\/roveyayinevi.com.tr\/index.php\/wp-json\/wp\/v2\/media?parent=739616"}],"wp:term":[{"taxonomy":"product_brand","embeddable":true,"href":"https:\/\/roveyayinevi.com.tr\/index.php\/wp-json\/wp\/v2\/product_brand?post=739616"},{"taxonomy":"product_cat","embeddable":true,"href":"https:\/\/roveyayinevi.com.tr\/index.php\/wp-json\/wp\/v2\/product_cat?post=739616"},{"taxonomy":"product_tag","embeddable":true,"href":"https:\/\/roveyayinevi.com.tr\/index.php\/wp-json\/wp\/v2\/product_tag?post=739616"}],"curies":[{"name":"wp","href":"https:\/\/api.w.org\/{rel}","templated":true}]}}