{"id":739582,"date":"2025-08-28T00:12:04","date_gmt":"2025-08-27T21:12:04","guid":{"rendered":"https:\/\/roveyayinevi.com.tr\/index.php\/urun\/ilim-uzerine\/"},"modified":"2026-04-16T02:50:15","modified_gmt":"2026-04-15T23:50:15","slug":"ilim-uzerine","status":"publish","type":"product","link":"https:\/\/roveyayinevi.com.tr\/index.php\/urun\/ilim-uzerine\/","title":{"rendered":"\u0130lim \u00dczerine"},"content":{"rendered":"<p>Ebul-Velicirc;d Muhammed \u0130bn-i Ahmed \u0130bn-i Muhammed \u0130bn-i R\u00fc\u015fd 1126da Kurtubada do\u011fdu. Ailesi f\u0131k\u0131h sahas\u0131ndaki derin bilgisiyle tan\u0131n\u0131yordu, babas\u0131 ile dedesi End\u00fcl\u00fcs ba\u015fkad\u0131l\u0131\u011f\u0131 (Kad\u0131u1-kudat) g\u00d6revinde bulunmu\u015flard\u0131. Bu dindar s\u00fclale ona \u0130slami ara\u015ft\u0131rmalarda y\u00fcksek bir seviyeye ula\u015fma f\u0131rsat\u0131 verdi. Bir alimden ald\u0131\u011f\u0131 derslerle Kur an, tefsir, hadis, f\u0131k\u0131h Arap dili ve edebiyat\u0131na dair ilimleri \u00d6\u011frenen \u0130bn-i R\u00fc\u015fd, babas\u0131ndan Malikilerin kitab\u0131 Muvattay\u0131 okuyarak ezberledi. Ayr\u0131ca matematik, fizik, astronomi, mant\u0131k, felsefe ve t\u0131p gibi sahalarda ilmicirc; ara\u015ft\u0131rmalar\u0131n\u0131 s\u00fcrd\u00fcrd\u00fc.<\/p>\n","protected":false},"excerpt":{"rendered":"<p>Ebul-Velicirc;d Muhammed \u0130bn-i Ahmed \u0130bn-i Muhammed \u0130bn-i R\u00fc\u015fd 1126da Kurtubada do\u011fdu. Ailesi f\u0131k\u0131h sahas\u0131ndaki derin bilgisiyle tan\u0131n\u0131yordu, babas\u0131 ile dedesi End\u00fcl\u00fcs ba\u015fkad\u0131l\u0131\u011f\u0131 (Kad\u0131u1-kudat) g\u00d6revinde bulunmu\u015flard\u0131. Bu<span class=\"excerpt-hellip\"> [\u2026]<\/span><\/p>\n","protected":false},"featured_media":0,"template":"","meta":{"_monsterinsights_skip_tracking":false,"_monsterinsights_sitenote_active":false,"_monsterinsights_sitenote_note":"","_monsterinsights_sitenote_category":0},"product_brand":[],"product_cat":[12718],"product_tag":[],"class_list":{"0":"post-739582","1":"product","2":"type-product","3":"status-publish","5":"product_cat-din","6":"pa_cilt-ciltsiz","7":"pa_tur-kitap","8":"pa_yayinevi-platanus-publishing","9":"pa_yazar-ibn-i-rusd","11":"first","12":"instock","13":"sale","14":"shipping-taxable","15":"purchasable","16":"product-type-simple"},"_links":{"self":[{"href":"https:\/\/roveyayinevi.com.tr\/index.php\/wp-json\/wp\/v2\/product\/739582","targetHints":{"allow":["GET"]}}],"collection":[{"href":"https:\/\/roveyayinevi.com.tr\/index.php\/wp-json\/wp\/v2\/product"}],"about":[{"href":"https:\/\/roveyayinevi.com.tr\/index.php\/wp-json\/wp\/v2\/types\/product"}],"wp:attachment":[{"href":"https:\/\/roveyayinevi.com.tr\/index.php\/wp-json\/wp\/v2\/media?parent=739582"}],"wp:term":[{"taxonomy":"product_brand","embeddable":true,"href":"https:\/\/roveyayinevi.com.tr\/index.php\/wp-json\/wp\/v2\/product_brand?post=739582"},{"taxonomy":"product_cat","embeddable":true,"href":"https:\/\/roveyayinevi.com.tr\/index.php\/wp-json\/wp\/v2\/product_cat?post=739582"},{"taxonomy":"product_tag","embeddable":true,"href":"https:\/\/roveyayinevi.com.tr\/index.php\/wp-json\/wp\/v2\/product_tag?post=739582"}],"curies":[{"name":"wp","href":"https:\/\/api.w.org\/{rel}","templated":true}]}}