{"id":739580,"date":"2025-08-28T00:12:02","date_gmt":"2025-08-27T21:12:02","guid":{"rendered":"https:\/\/roveyayinevi.com.tr\/index.php\/urun\/bir-kadinin-yasamindan-24-saat-3\/"},"modified":"2026-04-16T02:50:15","modified_gmt":"2026-04-15T23:50:15","slug":"bir-kadinin-yasamindan-24-saat-3","status":"publish","type":"product","link":"https:\/\/roveyayinevi.com.tr\/index.php\/urun\/bir-kadinin-yasamindan-24-saat-3\/","title":{"rendered":"Bir Kad\u0131n\u0131n Ya\u015fam\u0131ndan 24 Saat"},"content":{"rendered":"<p>\u0130nsanlar\u0131n \u00e7o\u011funun muhakeme yetisi k\u00d6relmi\u015ftir. \u0130nsanlar\u0131n kendilerine de\u011fmeyen, bir ucu \u0131srarla sert bir \u015fekilde onlar\u0131 d\u00fcrtmeyen \u015fey, neredeyse hi\u00e7 umurlar\u0131nda olmaz; ama g\u00d6zlerinin \u00d6n\u00fcnde ya\u015fanan ve onlar\u0131n duygular\u0131na dokunan ufac\u0131k bir \u015fey bile i\u00e7lerinde orant\u0131s\u0131z bir tutkuya sebep olur. \u0130\u015fte tam bu anlarda duyars\u0131z olduklar\u0131n\u0131 anlams\u0131z ve \u015fiddetli bir \u00d6fke g\u00d6sterileriyle kapat\u0131rlar.<\/p>\n","protected":false},"excerpt":{"rendered":"<p>\u0130nsanlar\u0131n \u00e7o\u011funun muhakeme yetisi k\u00d6relmi\u015ftir. \u0130nsanlar\u0131n kendilerine de\u011fmeyen, bir ucu \u0131srarla sert bir \u015fekilde onlar\u0131 d\u00fcrtmeyen \u015fey, neredeyse hi\u00e7 umurlar\u0131nda olmaz; ama g\u00d6zlerinin \u00d6n\u00fcnde ya\u015fanan ve<span class=\"excerpt-hellip\"> [\u2026]<\/span><\/p>\n","protected":false},"featured_media":0,"template":"","meta":{"_monsterinsights_skip_tracking":false,"_monsterinsights_sitenote_active":false,"_monsterinsights_sitenote_note":"","_monsterinsights_sitenote_category":0},"product_brand":[],"product_cat":[12291],"product_tag":[],"class_list":{"0":"post-739580","1":"product","2":"type-product","3":"status-publish","5":"product_cat-edebiyat","6":"pa_cilt-ciltsiz","7":"pa_tur-kitap","8":"pa_yayinevi-platanus-publishing","9":"pa_yazar-stefan-zweig","11":"first","12":"instock","13":"sale","14":"shipping-taxable","15":"purchasable","16":"product-type-simple"},"_links":{"self":[{"href":"https:\/\/roveyayinevi.com.tr\/index.php\/wp-json\/wp\/v2\/product\/739580","targetHints":{"allow":["GET"]}}],"collection":[{"href":"https:\/\/roveyayinevi.com.tr\/index.php\/wp-json\/wp\/v2\/product"}],"about":[{"href":"https:\/\/roveyayinevi.com.tr\/index.php\/wp-json\/wp\/v2\/types\/product"}],"wp:attachment":[{"href":"https:\/\/roveyayinevi.com.tr\/index.php\/wp-json\/wp\/v2\/media?parent=739580"}],"wp:term":[{"taxonomy":"product_brand","embeddable":true,"href":"https:\/\/roveyayinevi.com.tr\/index.php\/wp-json\/wp\/v2\/product_brand?post=739580"},{"taxonomy":"product_cat","embeddable":true,"href":"https:\/\/roveyayinevi.com.tr\/index.php\/wp-json\/wp\/v2\/product_cat?post=739580"},{"taxonomy":"product_tag","embeddable":true,"href":"https:\/\/roveyayinevi.com.tr\/index.php\/wp-json\/wp\/v2\/product_tag?post=739580"}],"curies":[{"name":"wp","href":"https:\/\/api.w.org\/{rel}","templated":true}]}}