{"id":739536,"date":"2025-08-28T00:11:27","date_gmt":"2025-08-27T21:11:27","guid":{"rendered":"https:\/\/roveyayinevi.com.tr\/index.php\/urun\/turkiyede-toptanci-hallerinin-isleyisi-ve-belediyelerin-rolu-perakende-sektorunun-etkileri-ve-tek\/"},"modified":"2026-04-05T02:55:55","modified_gmt":"2026-04-04T23:55:55","slug":"turkiyede-toptanci-hallerinin-isleyisi-ve-belediyelerin-rolu-perakende-sektorunun-etkileri-ve-tek","status":"publish","type":"product","link":"https:\/\/roveyayinevi.com.tr\/index.php\/urun\/turkiyede-toptanci-hallerinin-isleyisi-ve-belediyelerin-rolu-perakende-sektorunun-etkileri-ve-tek\/","title":{"rendered":"T\u00fcrkiyede Toptanc\u0131 Hallerinin \u0130\u015fleyi\u015fi ve Belediyelerin Rol\u00fc:  Perakende Sekt\u00f6r\u00fcn\u00fcn Etkileri ve Tek"},"content":{"rendered":"<p>Meyve ve sebze piyasas\u0131nda yap\u0131lan bu \u00e7al\u0131\u015fma, yazar\u0131n \u00fc\u00e7 sene boyunca \u0130stanbul Toptanc\u0131 Hali&#8217;nde al\u0131c\u0131-sat\u0131c\u0131 olarak bulunup piyasa ara\u015ft\u0131rmas\u0131 sonucu meydana gelmi\u015ftir. Bu \u00e7al\u0131\u015fma sonucunda elde edilen bilgiler ve g\u00d6zlemler bilimsel veri ve metotlar ile birle\u015ftirilip bilimsel tez haline getirilmi\u015ftir. Yap\u0131lan bu tez \u00e7al\u0131\u015fmas\u0131na eklemeler ilave edilmi\u015f olup g\u00fcncel hale getirilerek kitapla\u015ft\u0131r\u0131lm\u0131\u015ft\u0131r. Bu kitapta T\u00fcrkiye&#8217;de meyve-sebze piyasas\u0131nda rol olan toptanc\u0131 halleri, ulusal ve uluslararas\u0131 zincir marketler, manav, pazar vb. gibi akt\u00d6rlerin meyve-sebze ticaretindeki etkisine de\u011finilmi\u015ftir. Bu ba\u011flamda devaml\u0131 fiyat art\u0131\u015f\u0131na maruz kalan meyve-sebzeler t\u00fcketiciyi zor durumda b\u0131rakmaktad\u0131r. Ayr\u0131ca sekt\u00d6rdeki fiyat art\u0131\u015flar\u0131na sebep olan ki\u015fi veya gruplar ile tekelcilik ya da stok\u00e7uluk yaparak nas\u0131l haks\u0131z kazan\u00e7 sa\u011flad\u0131klar\u0131 belirtilmi\u015ftir.<\/p>\n","protected":false},"excerpt":{"rendered":"<p>Meyve ve sebze piyasas\u0131nda yap\u0131lan bu \u00e7al\u0131\u015fma, yazar\u0131n \u00fc\u00e7 sene boyunca \u0130stanbul Toptanc\u0131 Hali&#8217;nde al\u0131c\u0131-sat\u0131c\u0131 olarak bulunup piyasa ara\u015ft\u0131rmas\u0131 sonucu meydana gelmi\u015ftir. Bu \u00e7al\u0131\u015fma sonucunda elde<span class=\"excerpt-hellip\"> [\u2026]<\/span><\/p>\n","protected":false},"featured_media":0,"template":"","meta":{"_monsterinsights_skip_tracking":false,"_monsterinsights_sitenote_active":false,"_monsterinsights_sitenote_note":"","_monsterinsights_sitenote_category":0},"product_brand":[],"product_cat":[12566],"product_tag":[],"class_list":{"0":"post-739536","1":"product","2":"type-product","3":"status-publish","5":"product_cat-egitim","6":"pa_cilt-ciltsiz","7":"pa_tur-kitap","8":"pa_yayinevi-platanus-publishing","9":"pa_yazar-yakup-koc","11":"first","12":"instock","13":"sale","14":"shipping-taxable","15":"purchasable","16":"product-type-simple"},"_links":{"self":[{"href":"https:\/\/roveyayinevi.com.tr\/index.php\/wp-json\/wp\/v2\/product\/739536","targetHints":{"allow":["GET"]}}],"collection":[{"href":"https:\/\/roveyayinevi.com.tr\/index.php\/wp-json\/wp\/v2\/product"}],"about":[{"href":"https:\/\/roveyayinevi.com.tr\/index.php\/wp-json\/wp\/v2\/types\/product"}],"wp:attachment":[{"href":"https:\/\/roveyayinevi.com.tr\/index.php\/wp-json\/wp\/v2\/media?parent=739536"}],"wp:term":[{"taxonomy":"product_brand","embeddable":true,"href":"https:\/\/roveyayinevi.com.tr\/index.php\/wp-json\/wp\/v2\/product_brand?post=739536"},{"taxonomy":"product_cat","embeddable":true,"href":"https:\/\/roveyayinevi.com.tr\/index.php\/wp-json\/wp\/v2\/product_cat?post=739536"},{"taxonomy":"product_tag","embeddable":true,"href":"https:\/\/roveyayinevi.com.tr\/index.php\/wp-json\/wp\/v2\/product_tag?post=739536"}],"curies":[{"name":"wp","href":"https:\/\/api.w.org\/{rel}","templated":true}]}}