{"id":739534,"date":"2025-08-28T00:11:25","date_gmt":"2025-08-27T21:11:25","guid":{"rendered":"https:\/\/roveyayinevi.com.tr\/index.php\/urun\/turk-ceza-hukukunda-koruma-tedbirleri-nedeniyle-tazminat-davalari\/"},"modified":"2026-04-03T02:55:14","modified_gmt":"2026-04-02T23:55:14","slug":"turk-ceza-hukukunda-koruma-tedbirleri-nedeniyle-tazminat-davalari","status":"publish","type":"product","link":"https:\/\/roveyayinevi.com.tr\/index.php\/urun\/turk-ceza-hukukunda-koruma-tedbirleri-nedeniyle-tazminat-davalari\/","title":{"rendered":"T\u00fcrk Ceza Hukukunda Koruma Tedbirleri Nedeniyle Tazminat Davalar\u0131"},"content":{"rendered":"<p>Kitab\u0131mda, koruma tedbirleri nedeniyle zarara u\u011frayan ki\u015filerin sahip oldu\u011fu haklar\u0131n dayanaklar\u0131n\u0131 ve bu haklar\u0131 nas\u0131l kullanacaklar\u0131n\u0131 sade bir bi\u00e7imde anlatmaya \u00e7al\u0131\u015ft\u0131m. Doktrinsel tart\u0131\u015fmalara ve akademik g\u00d6r\u00fc\u015flere yer vermedi\u011fim bu kitap tamamen uygulamaya d\u00d6n\u00fck bir bi\u00e7imde meslekta\u015flar\u0131m\u0131n faydalanmas\u0131n\u0131 ama\u00e7 edinmi\u015ftir. Bu kitapta g\u00fcncel ve ilgili i\u00e7hatlar\u0131n derlenmesinin yan\u0131 s\u0131ra, bir ceza avukat\u0131n\u0131n el kitab\u0131 niteli\u011finde, koruma tedbirlerinin uygulanmas\u0131na y\u00d6nelik farkl\u0131 mevzuatlarda ve par\u00e7al\u0131 bi\u00e7imde yer alan b\u00d6l\u00fcmleri bir arada bulabilirsiniz.<\/p>\n","protected":false},"excerpt":{"rendered":"<p>Kitab\u0131mda, koruma tedbirleri nedeniyle zarara u\u011frayan ki\u015filerin sahip oldu\u011fu haklar\u0131n dayanaklar\u0131n\u0131 ve bu haklar\u0131 nas\u0131l kullanacaklar\u0131n\u0131 sade bir bi\u00e7imde anlatmaya \u00e7al\u0131\u015ft\u0131m. Doktrinsel tart\u0131\u015fmalara ve akademik g\u00d6r\u00fc\u015flere<span class=\"excerpt-hellip\"> [\u2026]<\/span><\/p>\n","protected":false},"featured_media":0,"template":"","meta":{"_monsterinsights_skip_tracking":false,"_monsterinsights_sitenote_active":false,"_monsterinsights_sitenote_note":"","_monsterinsights_sitenote_category":0},"product_brand":[],"product_cat":[12566],"product_tag":[],"class_list":{"0":"post-739534","1":"product","2":"type-product","3":"status-publish","5":"product_cat-egitim","6":"pa_cilt-ciltsiz","7":"pa_tur-kitap","8":"pa_yayinevi-platanus-publishing","9":"pa_yazar-emre-varlik","11":"first","12":"instock","13":"sale","14":"shipping-taxable","15":"purchasable","16":"product-type-simple"},"_links":{"self":[{"href":"https:\/\/roveyayinevi.com.tr\/index.php\/wp-json\/wp\/v2\/product\/739534","targetHints":{"allow":["GET"]}}],"collection":[{"href":"https:\/\/roveyayinevi.com.tr\/index.php\/wp-json\/wp\/v2\/product"}],"about":[{"href":"https:\/\/roveyayinevi.com.tr\/index.php\/wp-json\/wp\/v2\/types\/product"}],"wp:attachment":[{"href":"https:\/\/roveyayinevi.com.tr\/index.php\/wp-json\/wp\/v2\/media?parent=739534"}],"wp:term":[{"taxonomy":"product_brand","embeddable":true,"href":"https:\/\/roveyayinevi.com.tr\/index.php\/wp-json\/wp\/v2\/product_brand?post=739534"},{"taxonomy":"product_cat","embeddable":true,"href":"https:\/\/roveyayinevi.com.tr\/index.php\/wp-json\/wp\/v2\/product_cat?post=739534"},{"taxonomy":"product_tag","embeddable":true,"href":"https:\/\/roveyayinevi.com.tr\/index.php\/wp-json\/wp\/v2\/product_tag?post=739534"}],"curies":[{"name":"wp","href":"https:\/\/api.w.org\/{rel}","templated":true}]}}