{"id":739509,"date":"2025-08-28T00:10:57","date_gmt":"2025-08-27T21:10:57","guid":{"rendered":"https:\/\/roveyayinevi.com.tr\/index.php\/urun\/dusumde-bir-bayram-var\/"},"modified":"2026-04-16T02:50:10","modified_gmt":"2026-04-15T23:50:10","slug":"dusumde-bir-bayram-var","status":"publish","type":"product","link":"https:\/\/roveyayinevi.com.tr\/index.php\/urun\/dusumde-bir-bayram-var\/","title":{"rendered":"D\u00fc\u015f\u00fcmde Bir Bayram Var"},"content":{"rendered":"<p>BayramD\u00fc\u015f\u00fcmde bir bayramD\u00fc\u015f\u00fcmde bir bayram var size \u00e7ocuklarKan k\u0131rm\u0131z\u0131 de\u011fil, maviden, pembeden bayraml\u0131klar\u0131n\u0131zK\u0131r atlar gibi o g\u00fcn, \u00d6zg\u00fcrl\u00fc\u011f\u00fc giyecek ayaklar\u0131n\u0131z\u00d6l\u00fcm korkusundan olmayacak hi\u00e7 tela\u015f\u0131n\u0131zD\u00fc\u015f\u00fcmde bir bayram ki \u00e7ocuklar, g\u00d6zleriniz gibi ayd\u0131nl\u0131kUmut dolu yar\u0131nlar\u0131 kucaklayacak minicik kollar\u0131n\u0131zG\u00d6zya\u015f\u0131ndan de\u011fil, rengarenk \u015fekerlerden \u0131slanacak avu\u00e7lar\u0131n\u0131zD\u00fc\u015f\u00fcmde bir bayram ki \u00e7ocuklar, o g\u00fcn masmavi g\u00d6ky\u00fcz\u00fcne y\u00fckselecek sal\u0131nca\u011f\u0131n\u0131z.<\/p>\n","protected":false},"excerpt":{"rendered":"<p>BayramD\u00fc\u015f\u00fcmde bir bayramD\u00fc\u015f\u00fcmde bir bayram var size \u00e7ocuklarKan k\u0131rm\u0131z\u0131 de\u011fil, maviden, pembeden bayraml\u0131klar\u0131n\u0131zK\u0131r atlar gibi o g\u00fcn, \u00d6zg\u00fcrl\u00fc\u011f\u00fc giyecek ayaklar\u0131n\u0131z\u00d6l\u00fcm korkusundan olmayacak hi\u00e7 tela\u015f\u0131n\u0131zD\u00fc\u015f\u00fcmde bir bayram<span class=\"excerpt-hellip\"> [\u2026]<\/span><\/p>\n","protected":false},"featured_media":0,"template":"","meta":{"_monsterinsights_skip_tracking":false,"_monsterinsights_sitenote_active":false,"_monsterinsights_sitenote_note":"","_monsterinsights_sitenote_category":0},"product_brand":[],"product_cat":[12291],"product_tag":[],"class_list":{"0":"post-739509","1":"product","2":"type-product","3":"status-publish","5":"product_cat-edebiyat","6":"pa_cilt-ciltsiz","7":"pa_tur-kitap","8":"pa_yayinevi-platanus-publishing","9":"pa_yazar-ayse-nehir-sevinc","11":"first","12":"instock","13":"sale","14":"shipping-taxable","15":"purchasable","16":"product-type-simple"},"_links":{"self":[{"href":"https:\/\/roveyayinevi.com.tr\/index.php\/wp-json\/wp\/v2\/product\/739509","targetHints":{"allow":["GET"]}}],"collection":[{"href":"https:\/\/roveyayinevi.com.tr\/index.php\/wp-json\/wp\/v2\/product"}],"about":[{"href":"https:\/\/roveyayinevi.com.tr\/index.php\/wp-json\/wp\/v2\/types\/product"}],"wp:attachment":[{"href":"https:\/\/roveyayinevi.com.tr\/index.php\/wp-json\/wp\/v2\/media?parent=739509"}],"wp:term":[{"taxonomy":"product_brand","embeddable":true,"href":"https:\/\/roveyayinevi.com.tr\/index.php\/wp-json\/wp\/v2\/product_brand?post=739509"},{"taxonomy":"product_cat","embeddable":true,"href":"https:\/\/roveyayinevi.com.tr\/index.php\/wp-json\/wp\/v2\/product_cat?post=739509"},{"taxonomy":"product_tag","embeddable":true,"href":"https:\/\/roveyayinevi.com.tr\/index.php\/wp-json\/wp\/v2\/product_tag?post=739509"}],"curies":[{"name":"wp","href":"https:\/\/api.w.org\/{rel}","templated":true}]}}