{"id":739508,"date":"2025-08-28T00:10:56","date_gmt":"2025-08-27T21:10:56","guid":{"rendered":"https:\/\/roveyayinevi.com.tr\/index.php\/urun\/cikmaz-sokak-dunyadan-cikar-sokak-glosep\/"},"modified":"2026-04-16T02:50:10","modified_gmt":"2026-04-15T23:50:10","slug":"cikmaz-sokak-dunyadan-cikar-sokak-glosep","status":"publish","type":"product","link":"https:\/\/roveyayinevi.com.tr\/index.php\/urun\/cikmaz-sokak-dunyadan-cikar-sokak-glosep\/","title":{"rendered":"\u00c7\u0131kmaz Sokak: D\u00fcnya&#8217;dan \u00c7\u0131kar Sokak &#8211; Glosep"},"content":{"rendered":"<p>D\u00fcnya insanl\u0131k tarihi do\u011fal bir geli\u015fmenin sonucu lsquo;ba\u015flam\u0131\u015f, geli\u015fmi\u015f, d\u00d6n\u00fc\u015fm\u00fc\u015f ve g\u00fcn\u00fcm\u00fcze kadar gelmi\u015ftir.B\u00fct\u00fcn bu a\u015famalardan sonra gelinen durum \u00fcretim ara\u00e7lar\u0131n\u0131 elerinde bulunduranlar\u0131n yaratt\u0131\u011f\u0131,&#8217;\u00e7al\u0131\u015fanlar\u0131n ile \u00e7al\u0131\u015ft\u0131ranlar\u0131n&#8217; ba\u015fka bir de\u011fimle lsquo;egemen olan ile egemen olunanlar&#8217; aras\u0131nda ki her t\u00fcrl\u00fc zenginlik fark\u0131 bir tahta reval\u0131 gibidir. Sermayedarlar say\u0131ca \u00e7ok az olmalar\u0131na ra\u011fmen, tahta reval\u0131n\u0131n lsquo;pik&#8217; k\u0131sm\u0131nda yer al\u0131rken sermayeden yoksun olanlar ise ezici bir \u00e7o\u011funlu\u011fa sahip olmalar\u0131na ra\u011fmen lsquo;dip&#8217; k\u0131sm\u0131ndad\u0131rlar. Tarih boyunca lsquo;G\u00d6r\u00fclen Enk\u00d6t\u00fc Ya\u015fam Ko\u015fular\u0131na Mecbur B\u0131rak\u0131lm\u0131\u015flard\u0131r&#8217;. \u0130\u015fte bu garip \u00e7eli\u015fki insanlara bir taraftan uzay\u0131 fethedecek t\u00fcm ko\u015fular\u0131 ve zenginli\u011fi sunarken di\u011fer taraftan insanlar i\u015fsiz g\u00fc\u00e7s\u00fcz ve a\u015fs\u0131z b\u0131rak\u0131lan sokak d\u0131\u015f\u0131nda hi\u00e7bir yerde ya\u015fam\u0131n\u0131 kazanamayan ezici \u00e7o\u011funlu\u011fa sahip bir kalabal\u0131\u011fa d\u00d6n\u00fc\u015ft\u00fcr\u00fclmek istenmektedir.&#8217; \u0130\u015fin i\u00e7 ac\u0131tan y\u00d6n\u00fc ise, b\u00fct\u00fcn zenginli\u011fi yaratanlar\u0131n bu durum da olmas\u0131d\u0131r&#8217;. Bunun nedeni \u00fcretim ara\u00e7lar\u0131n\u0131n sahibi olan sermaye sahiplerinin kar\u0131n\u0131 art\u0131rarak en geli\u015fmi\u015f teknolojik g\u00fc\u00e7 ve sahip oldu\u011fu imkanlarla kurmu\u015f oldu\u011fu kapitalist toplumdur. Bu toplum \u00e7ok az olan kendi i\u00e7indeki bir avu\u00e7 insan i\u00e7in cenneti uygun g\u00d6r\u00fcrken kendi d\u0131\u015f\u0131nda olan herkese cehennemi reva g\u00d6rmektedir.<\/p>\n","protected":false},"excerpt":{"rendered":"<p>D\u00fcnya insanl\u0131k tarihi do\u011fal bir geli\u015fmenin sonucu lsquo;ba\u015flam\u0131\u015f, geli\u015fmi\u015f, d\u00d6n\u00fc\u015fm\u00fc\u015f ve g\u00fcn\u00fcm\u00fcze kadar gelmi\u015ftir.B\u00fct\u00fcn bu a\u015famalardan sonra gelinen durum \u00fcretim ara\u00e7lar\u0131n\u0131 elerinde bulunduranlar\u0131n yaratt\u0131\u011f\u0131,&#8217;\u00e7al\u0131\u015fanlar\u0131n ile \u00e7al\u0131\u015ft\u0131ranlar\u0131n&#8217;<span class=\"excerpt-hellip\"> [\u2026]<\/span><\/p>\n","protected":false},"featured_media":0,"template":"","meta":{"_monsterinsights_skip_tracking":false,"_monsterinsights_sitenote_active":false,"_monsterinsights_sitenote_note":"","_monsterinsights_sitenote_category":0},"product_brand":[],"product_cat":[12304],"product_tag":[],"class_list":{"0":"post-739508","1":"product","2":"type-product","3":"status-publish","5":"product_cat-tarih","6":"pa_cilt-ciltsiz","7":"pa_tur-kitap","8":"pa_yayinevi-platanus-publishing","9":"pa_yazar-semir-bolat","11":"first","12":"instock","13":"sale","14":"shipping-taxable","15":"purchasable","16":"product-type-simple"},"_links":{"self":[{"href":"https:\/\/roveyayinevi.com.tr\/index.php\/wp-json\/wp\/v2\/product\/739508","targetHints":{"allow":["GET"]}}],"collection":[{"href":"https:\/\/roveyayinevi.com.tr\/index.php\/wp-json\/wp\/v2\/product"}],"about":[{"href":"https:\/\/roveyayinevi.com.tr\/index.php\/wp-json\/wp\/v2\/types\/product"}],"wp:attachment":[{"href":"https:\/\/roveyayinevi.com.tr\/index.php\/wp-json\/wp\/v2\/media?parent=739508"}],"wp:term":[{"taxonomy":"product_brand","embeddable":true,"href":"https:\/\/roveyayinevi.com.tr\/index.php\/wp-json\/wp\/v2\/product_brand?post=739508"},{"taxonomy":"product_cat","embeddable":true,"href":"https:\/\/roveyayinevi.com.tr\/index.php\/wp-json\/wp\/v2\/product_cat?post=739508"},{"taxonomy":"product_tag","embeddable":true,"href":"https:\/\/roveyayinevi.com.tr\/index.php\/wp-json\/wp\/v2\/product_tag?post=739508"}],"curies":[{"name":"wp","href":"https:\/\/api.w.org\/{rel}","templated":true}]}}