{"id":739506,"date":"2025-08-28T00:10:54","date_gmt":"2025-08-27T21:10:54","guid":{"rendered":"https:\/\/roveyayinevi.com.tr\/index.php\/urun\/dinamik-olusum-mekanizmasi\/"},"modified":"2026-01-30T03:19:42","modified_gmt":"2026-01-30T00:19:42","slug":"dinamik-olusum-mekanizmasi","status":"publish","type":"product","link":"https:\/\/roveyayinevi.com.tr\/index.php\/urun\/dinamik-olusum-mekanizmasi\/","title":{"rendered":"Dinamik Olu\u015fum Mekanizmas\u0131"},"content":{"rendered":"<p>Bilgisiz bir \u015fey yapam\u0131yoruz. Toplumsal sistemimizi hangi bilgiye g\u00d6re olu\u015fturaca\u011f\u0131z? \u015eimdiye dek insanlara toplumlar\u0131n lider-kral gibi tepeye yerle\u015ftirilen \u00d6zel ki\u015filerce y\u00d6netilmesi gerekti\u011fi bilgisi verildi, insanl\u0131k da 4 bin y\u0131ld\u0131r bu sistem alt\u0131nda ya\u015f\u0131yor. Bu sistemde insanlara &#8220;toplumun sahibinin insanlar oldu\u011fu&#8221; temel bilgisi verilmedi\u011finden, insanlar asla toplumu kendilerine ait olarak g\u00d6rmemi\u015fler, topluma zarar verecek davran\u0131\u015flarda bulunmu\u015flard\u0131r. Toplumun sahipli\u011finin kendilerine ait oldu\u011fu bilgisiyle yeti\u015fen insanlar asla topluma zarar vermezler. \u00d6yleyse toplumsal sorunlar\u0131 ortadan kald\u0131rman\u0131n en basit yolu, bu bilgiyi insanlara vermektir. Bu bilgiyle yeti\u015fen insan toplumun bir hizmet al\u0131\u015fveri\u015fi ortakl\u0131\u011f\u0131 oldu\u011funu anlar; yetene\u011fine uygun bir meslek bilgilerini edinip, topluma sunar ve di\u011fer hizmetleri de di\u011fer ortaklardan alarak, karde\u015flik i\u00e7inde ya\u015far.<\/p>\n","protected":false},"excerpt":{"rendered":"<p>Bilgisiz bir \u015fey yapam\u0131yoruz. Toplumsal sistemimizi hangi bilgiye g\u00d6re olu\u015fturaca\u011f\u0131z? \u015eimdiye dek insanlara toplumlar\u0131n lider-kral gibi tepeye yerle\u015ftirilen \u00d6zel ki\u015filerce y\u00d6netilmesi gerekti\u011fi bilgisi verildi, insanl\u0131k da<span class=\"excerpt-hellip\"> [\u2026]<\/span><\/p>\n","protected":false},"featured_media":0,"template":"","meta":{"_monsterinsights_skip_tracking":false,"_monsterinsights_sitenote_active":false,"_monsterinsights_sitenote_note":"","_monsterinsights_sitenote_category":0},"product_brand":[],"product_cat":[12357],"product_tag":[],"class_list":{"0":"post-739506","1":"product","2":"type-product","3":"status-publish","5":"product_cat-psikoloji","6":"pa_cilt-ciltsiz","7":"pa_tur-kitap","8":"pa_yayinevi-platanus-publishing","9":"pa_yazar-ismet-gedik","11":"first","12":"instock","13":"sale","14":"shipping-taxable","15":"purchasable","16":"product-type-simple"},"_links":{"self":[{"href":"https:\/\/roveyayinevi.com.tr\/index.php\/wp-json\/wp\/v2\/product\/739506","targetHints":{"allow":["GET"]}}],"collection":[{"href":"https:\/\/roveyayinevi.com.tr\/index.php\/wp-json\/wp\/v2\/product"}],"about":[{"href":"https:\/\/roveyayinevi.com.tr\/index.php\/wp-json\/wp\/v2\/types\/product"}],"wp:attachment":[{"href":"https:\/\/roveyayinevi.com.tr\/index.php\/wp-json\/wp\/v2\/media?parent=739506"}],"wp:term":[{"taxonomy":"product_brand","embeddable":true,"href":"https:\/\/roveyayinevi.com.tr\/index.php\/wp-json\/wp\/v2\/product_brand?post=739506"},{"taxonomy":"product_cat","embeddable":true,"href":"https:\/\/roveyayinevi.com.tr\/index.php\/wp-json\/wp\/v2\/product_cat?post=739506"},{"taxonomy":"product_tag","embeddable":true,"href":"https:\/\/roveyayinevi.com.tr\/index.php\/wp-json\/wp\/v2\/product_tag?post=739506"}],"curies":[{"name":"wp","href":"https:\/\/api.w.org\/{rel}","templated":true}]}}