{"id":739500,"date":"2025-08-28T00:10:47","date_gmt":"2025-08-27T21:10:47","guid":{"rendered":"https:\/\/roveyayinevi.com.tr\/index.php\/urun\/bir-idam-mahkumunun-son-gunu-13\/"},"modified":"2026-04-16T02:50:09","modified_gmt":"2026-04-15T23:50:09","slug":"bir-idam-mahkumunun-son-gunu-13","status":"publish","type":"product","link":"https:\/\/roveyayinevi.com.tr\/index.php\/urun\/bir-idam-mahkumunun-son-gunu-13\/","title":{"rendered":"Bir \u0130dam Mahkumunun Son G\u00fcn\u00fc"},"content":{"rendered":"<p>&#8220;Aniden i\u00e7imde bir isyan patlam\u0131\u015ft\u0131. \u0130dam cezam okunana dek nefes ald\u0131\u011f\u0131m\u0131, hareket etti\u011fimi, di\u011fer insanlarla ayn\u0131 ortam i\u00e7inde var oldu\u011fumu hissedebiliyordum. Oysa \u015fu an, d\u00fcnya ile aramda sanki bir duvar vard . \u015eu an b ana hi\u00e7bir \u015f ey e skisi g ibi g \u00d6r\u00fcnm\u00fcyordu. Bu ayd\u0131nl\u0131k ve geni\u015f pencereler, bu parlak g\u00fcne\u015f, bu billur g\u00d6ky\u00fcz\u00fc, bu g\u00fczel \u00e7i\u00e7ek, hepsi kefen rengi gibi soluk bir beyaza b\u00fcr\u00fcnm\u00fc\u015flerdi. Beni g\u00d6t\u00fcrecekleri yol boyunca s\u0131ralanan erkek, kad\u0131n ve \u00e7ocuklara sanki birer hayaletmi\u015f gibi bak\u0131yordum.&#8221;<\/p>\n","protected":false},"excerpt":{"rendered":"<p>&#8220;Aniden i\u00e7imde bir isyan patlam\u0131\u015ft\u0131. \u0130dam cezam okunana dek nefes ald\u0131\u011f\u0131m\u0131, hareket etti\u011fimi, di\u011fer insanlarla ayn\u0131 ortam i\u00e7inde var oldu\u011fumu hissedebiliyordum. Oysa \u015fu an, d\u00fcnya ile<span class=\"excerpt-hellip\"> [\u2026]<\/span><\/p>\n","protected":false},"featured_media":0,"template":"","meta":{"_monsterinsights_skip_tracking":false,"_monsterinsights_sitenote_active":false,"_monsterinsights_sitenote_note":"","_monsterinsights_sitenote_category":0},"product_brand":[],"product_cat":[12291],"product_tag":[],"class_list":{"0":"post-739500","1":"product","2":"type-product","3":"status-publish","5":"product_cat-edebiyat","6":"pa_cilt-ciltsiz","7":"pa_tur-kitap","8":"pa_yayinevi-platanus-publishing","9":"pa_yazar-victor-hugo","11":"first","12":"instock","13":"sale","14":"shipping-taxable","15":"purchasable","16":"product-type-simple"},"_links":{"self":[{"href":"https:\/\/roveyayinevi.com.tr\/index.php\/wp-json\/wp\/v2\/product\/739500","targetHints":{"allow":["GET"]}}],"collection":[{"href":"https:\/\/roveyayinevi.com.tr\/index.php\/wp-json\/wp\/v2\/product"}],"about":[{"href":"https:\/\/roveyayinevi.com.tr\/index.php\/wp-json\/wp\/v2\/types\/product"}],"wp:attachment":[{"href":"https:\/\/roveyayinevi.com.tr\/index.php\/wp-json\/wp\/v2\/media?parent=739500"}],"wp:term":[{"taxonomy":"product_brand","embeddable":true,"href":"https:\/\/roveyayinevi.com.tr\/index.php\/wp-json\/wp\/v2\/product_brand?post=739500"},{"taxonomy":"product_cat","embeddable":true,"href":"https:\/\/roveyayinevi.com.tr\/index.php\/wp-json\/wp\/v2\/product_cat?post=739500"},{"taxonomy":"product_tag","embeddable":true,"href":"https:\/\/roveyayinevi.com.tr\/index.php\/wp-json\/wp\/v2\/product_tag?post=739500"}],"curies":[{"name":"wp","href":"https:\/\/api.w.org\/{rel}","templated":true}]}}