{"id":739497,"date":"2025-08-28T00:10:44","date_gmt":"2025-08-27T21:10:44","guid":{"rendered":"https:\/\/roveyayinevi.com.tr\/index.php\/urun\/olgun-isiklar\/"},"modified":"2026-04-16T02:50:09","modified_gmt":"2026-04-15T23:50:09","slug":"olgun-isiklar","status":"publish","type":"product","link":"https:\/\/roveyayinevi.com.tr\/index.php\/urun\/olgun-isiklar\/","title":{"rendered":"Olgun I\u015f\u0131klar"},"content":{"rendered":"<p>Yunus Emre(1238 ndash; 1320)nbsp;Ya\u015fam\u0131 konusunda yeterli bilgi olmad\u0131\u011f\u0131 gibi onunla ilgili kaynaklarda anlat\u0131lanlar da birbirini tutmaz. Nerede, hangi y\u0131lda do\u011fdu\u011fu kesinlikle bilinmiyor. Kimi kaynaklarda Anadoluya Do\u011fudan gelen T\u00fcrk oymaklar\u0131ndan birine ba\u011fl\u0131 olup, 1238 dolaylar\u0131nda do\u011fdu\u011fu s\u00d6ylenirse de kesin de\u011fildir. 1320 dolaylar\u0131nda Eski\u015fehir de \u00d6ld\u00fc\u011f\u00fc s\u00d6ylenir.Bat\u0131 Anadolunun birka\u00e7 y\u00d6resinde lsquo;Yunus Emre ad\u0131n\u0131 ta\u015f\u0131yan ve onunla ilgili g\u00d6r\u00fcld\u00fc\u011f\u00fcnden lsquo;makam ad\u0131 verilen yer vard\u0131r. Yap\u0131lan ara\u015ft\u0131rmalara g\u00d6re \u015fiirlerinin topland\u0131\u011f\u0131 Divan \u00d6l\u00fcm\u00fcnden yetmi\u015f y\u0131l sonra d\u00fczenlenmi\u015ftir. Anadoluda lsquo;Yunus Emre ad\u0131n\u0131 ta\u015f\u0131yan ve Yunus Emreden \u00e7ok sonralar\u0131 ya\u015fam\u0131\u015f ba\u015fka \u015fairlerin yap\u0131tlar\u0131yla kar\u0131\u015fan \u015fiirlerinin bir b\u00d6l\u00fcm\u00fc dil incelemeleri sonunda ay\u0131klanm\u0131\u015f, b\u00d6ylece 357 \u015fiirin onun oldu\u011fu konusunda g\u00d6r\u00fc\u015f birli\u011fine var\u0131lm\u0131\u015ft\u0131r.<\/p>\n","protected":false},"excerpt":{"rendered":"<p>Yunus Emre(1238 ndash; 1320)nbsp;Ya\u015fam\u0131 konusunda yeterli bilgi olmad\u0131\u011f\u0131 gibi onunla ilgili kaynaklarda anlat\u0131lanlar da birbirini tutmaz. Nerede, hangi y\u0131lda do\u011fdu\u011fu kesinlikle bilinmiyor. Kimi kaynaklarda Anadoluya Do\u011fudan<span class=\"excerpt-hellip\"> [\u2026]<\/span><\/p>\n","protected":false},"featured_media":0,"template":"","meta":{"_monsterinsights_skip_tracking":false,"_monsterinsights_sitenote_active":false,"_monsterinsights_sitenote_note":"","_monsterinsights_sitenote_category":0},"product_brand":[],"product_cat":[12718],"product_tag":[],"class_list":{"0":"post-739497","1":"product","2":"type-product","3":"status-publish","5":"product_cat-din","6":"pa_cilt-ciltsiz","7":"pa_tur-kitap","8":"pa_yayinevi-platanus-publishing","9":"pa_yazar-yunus-emre","11":"first","12":"instock","13":"sale","14":"shipping-taxable","15":"purchasable","16":"product-type-simple"},"_links":{"self":[{"href":"https:\/\/roveyayinevi.com.tr\/index.php\/wp-json\/wp\/v2\/product\/739497","targetHints":{"allow":["GET"]}}],"collection":[{"href":"https:\/\/roveyayinevi.com.tr\/index.php\/wp-json\/wp\/v2\/product"}],"about":[{"href":"https:\/\/roveyayinevi.com.tr\/index.php\/wp-json\/wp\/v2\/types\/product"}],"wp:attachment":[{"href":"https:\/\/roveyayinevi.com.tr\/index.php\/wp-json\/wp\/v2\/media?parent=739497"}],"wp:term":[{"taxonomy":"product_brand","embeddable":true,"href":"https:\/\/roveyayinevi.com.tr\/index.php\/wp-json\/wp\/v2\/product_brand?post=739497"},{"taxonomy":"product_cat","embeddable":true,"href":"https:\/\/roveyayinevi.com.tr\/index.php\/wp-json\/wp\/v2\/product_cat?post=739497"},{"taxonomy":"product_tag","embeddable":true,"href":"https:\/\/roveyayinevi.com.tr\/index.php\/wp-json\/wp\/v2\/product_tag?post=739497"}],"curies":[{"name":"wp","href":"https:\/\/api.w.org\/{rel}","templated":true}]}}