{"id":739485,"date":"2025-08-28T00:10:29","date_gmt":"2025-08-27T21:10:29","guid":{"rendered":"https:\/\/roveyayinevi.com.tr\/index.php\/urun\/nutuk-11\/"},"modified":"2026-04-16T02:50:08","modified_gmt":"2026-04-15T23:50:08","slug":"nutuk-11","status":"publish","type":"product","link":"https:\/\/roveyayinevi.com.tr\/index.php\/urun\/nutuk-11\/","title":{"rendered":"Nutuk"},"content":{"rendered":"<p>Durumun deh\u015fet ve korkun\u00e7lu\u011fu kar\u015f\u0131s\u0131nda, her yerde, her b\u00d6lgede birtak\u0131m kimseler taraf\u0131ndan kurtulu\u015f \u00e7areleri d\u00fc\u015f\u00fcn\u00fclmeye ba\u015flanm\u0131\u015ft\u0131. Bu d\u00fc\u015f\u00fcnce ile yap\u0131lan te\u015febb\u00fcsler birtak\u0131m kurulu\u015flar\u0131 do\u011furdu. \u00d6rnek olarak, Edirne ve \u00e7evresinde Trakya &#8211; Pa\u015faeli ad\u0131yla bir dernek vard\u0131. Do\u011fuda Erzurumda ve Elaz\u0131\u011fda Rele genel merkezi \u0130stanbulda olmak \u00fczere Vilayat-\u0131 \u015earkiye M\u00fcdafaa-i hukuk-\u0131 Milliye Cemiyeti kurulmu\u015ftu. Trabzonda Muhafaza-i Hukuk ad\u0131nda bir dernek bulundu\u011fu gibi, \u0130stanbulda da Trabzon ve HaValisi Adem-i Merkeziyet Cemiyeti vard\u0131. Bu dernek merkezinin g\u00d6nderdi\u011fi temsilcilerle, Of il\u00e7esinde ve Rize sanca\u011f\u0131nda da \u015fubeler a\u00e7\u0131lm\u0131\u015ft\u0131.<\/p>\n","protected":false},"excerpt":{"rendered":"<p>Durumun deh\u015fet ve korkun\u00e7lu\u011fu kar\u015f\u0131s\u0131nda, her yerde, her b\u00d6lgede birtak\u0131m kimseler taraf\u0131ndan kurtulu\u015f \u00e7areleri d\u00fc\u015f\u00fcn\u00fclmeye ba\u015flanm\u0131\u015ft\u0131. Bu d\u00fc\u015f\u00fcnce ile yap\u0131lan te\u015febb\u00fcsler birtak\u0131m kurulu\u015flar\u0131 do\u011furdu. \u00d6rnek olarak,<span class=\"excerpt-hellip\"> [\u2026]<\/span><\/p>\n","protected":false},"featured_media":0,"template":"","meta":{"_monsterinsights_skip_tracking":false,"_monsterinsights_sitenote_active":false,"_monsterinsights_sitenote_note":"","_monsterinsights_sitenote_category":0},"product_brand":[],"product_cat":[12304],"product_tag":[],"class_list":{"0":"post-739485","1":"product","2":"type-product","3":"status-publish","5":"product_cat-tarih","6":"pa_cilt-ciltsiz","7":"pa_tur-kitap","8":"pa_yayinevi-platanus-publishing","9":"pa_yazar-mustafa-kemal-ataturk","11":"first","12":"instock","13":"sale","14":"shipping-taxable","15":"purchasable","16":"product-type-simple"},"_links":{"self":[{"href":"https:\/\/roveyayinevi.com.tr\/index.php\/wp-json\/wp\/v2\/product\/739485","targetHints":{"allow":["GET"]}}],"collection":[{"href":"https:\/\/roveyayinevi.com.tr\/index.php\/wp-json\/wp\/v2\/product"}],"about":[{"href":"https:\/\/roveyayinevi.com.tr\/index.php\/wp-json\/wp\/v2\/types\/product"}],"wp:attachment":[{"href":"https:\/\/roveyayinevi.com.tr\/index.php\/wp-json\/wp\/v2\/media?parent=739485"}],"wp:term":[{"taxonomy":"product_brand","embeddable":true,"href":"https:\/\/roveyayinevi.com.tr\/index.php\/wp-json\/wp\/v2\/product_brand?post=739485"},{"taxonomy":"product_cat","embeddable":true,"href":"https:\/\/roveyayinevi.com.tr\/index.php\/wp-json\/wp\/v2\/product_cat?post=739485"},{"taxonomy":"product_tag","embeddable":true,"href":"https:\/\/roveyayinevi.com.tr\/index.php\/wp-json\/wp\/v2\/product_tag?post=739485"}],"curies":[{"name":"wp","href":"https:\/\/api.w.org\/{rel}","templated":true}]}}