{"id":739361,"date":"2025-08-28T00:08:19","date_gmt":"2025-08-27T21:08:19","guid":{"rendered":"https:\/\/roveyayinevi.com.tr\/index.php\/urun\/pinokyo-20\/"},"modified":"2025-10-16T16:02:49","modified_gmt":"2025-10-16T13:02:49","slug":"pinokyo-20","status":"publish","type":"product","link":"https:\/\/roveyayinevi.com.tr\/index.php\/urun\/pinokyo-20\/","title":{"rendered":"Pinokyo"},"content":{"rendered":"<p>Of ya! Biz \u00e7ocuklar ne kadar da \u015fanss\u0131z\u0131z. Herkes bizi s\u00fcrekli azarl\u0131yor, \u00d6\u011f\u00fct veriyor ve uyar\u0131yor. \u0130zin versek herkes, hatta c\u0131rc\u0131r b\u00d6cekleri bile, anne babam\u0131z olmaya kalk\u0131\u015f\u0131r. \u00d6rne\u011fin; ben. \u015eu can s\u0131kan c\u0131rc\u0131r b\u00d6ce\u011fini dinlemedim diye kim bilir daha ba\u015f\u0131ma neler gelecek! Haydutlar m\u0131? Yok daha neler, hi\u00e7 \u00d6yle birileri oldu\u011funa inanm\u0131yorum, inanmayaca\u011f\u0131m da! Bence bu anne babalar\u0131n \u00e7ocuklar gece evden ka\u00e7mas\u0131n diye uydurduklar\u0131 bir \u015fey. Hem ayr\u0131ca haydutlarla kar\u015f\u0131la\u015fsam ne olur ki? Giderim yanlar\u0131na, lsquo;Ne istiyorsunuz beyefendi? Beni asla kand\u0131ramazs\u0131n\u0131z, bunu kafan\u0131za sokun ve i\u015finize gidin derim. Bunu s\u00d6yledikten sonra ko\u015farak ka\u00e7acaklar\u0131na eminim. Ka\u00e7mazlarsa da ben ka\u00e7ar\u0131mhellip;<\/p>\n","protected":false},"excerpt":{"rendered":"<p>Of ya! Biz \u00e7ocuklar ne kadar da \u015fanss\u0131z\u0131z. Herkes bizi s\u00fcrekli azarl\u0131yor, \u00d6\u011f\u00fct veriyor ve uyar\u0131yor. \u0130zin versek herkes, hatta c\u0131rc\u0131r b\u00d6cekleri bile, anne babam\u0131z olmaya<span class=\"excerpt-hellip\"> [\u2026]<\/span><\/p>\n","protected":false},"featured_media":0,"template":"","meta":{"_monsterinsights_skip_tracking":false,"_monsterinsights_sitenote_active":false,"_monsterinsights_sitenote_note":"","_monsterinsights_sitenote_category":0},"product_brand":[],"product_cat":[12472],"product_tag":[],"class_list":{"0":"post-739361","1":"product","2":"type-product","3":"status-publish","5":"product_cat-yabanci-dilde-kitaplar","6":"pa_cilt-ciltsiz","7":"pa_tur-kitap","8":"pa_yayinevi-platanus-publishing","9":"pa_yazar-carlo-collodi","11":"first","12":"instock","13":"sale","14":"shipping-taxable","15":"purchasable","16":"product-type-simple"},"_links":{"self":[{"href":"https:\/\/roveyayinevi.com.tr\/index.php\/wp-json\/wp\/v2\/product\/739361","targetHints":{"allow":["GET"]}}],"collection":[{"href":"https:\/\/roveyayinevi.com.tr\/index.php\/wp-json\/wp\/v2\/product"}],"about":[{"href":"https:\/\/roveyayinevi.com.tr\/index.php\/wp-json\/wp\/v2\/types\/product"}],"wp:attachment":[{"href":"https:\/\/roveyayinevi.com.tr\/index.php\/wp-json\/wp\/v2\/media?parent=739361"}],"wp:term":[{"taxonomy":"product_brand","embeddable":true,"href":"https:\/\/roveyayinevi.com.tr\/index.php\/wp-json\/wp\/v2\/product_brand?post=739361"},{"taxonomy":"product_cat","embeddable":true,"href":"https:\/\/roveyayinevi.com.tr\/index.php\/wp-json\/wp\/v2\/product_cat?post=739361"},{"taxonomy":"product_tag","embeddable":true,"href":"https:\/\/roveyayinevi.com.tr\/index.php\/wp-json\/wp\/v2\/product_tag?post=739361"}],"curies":[{"name":"wp","href":"https:\/\/api.w.org\/{rel}","templated":true}]}}