{"id":739266,"date":"2025-08-28T00:07:14","date_gmt":"2025-08-27T21:07:14","guid":{"rendered":"https:\/\/roveyayinevi.com.tr\/index.php\/urun\/der-weihnachtsabend\/"},"modified":"2026-04-16T02:49:37","modified_gmt":"2026-04-15T23:49:37","slug":"der-weihnachtsabend","status":"publish","type":"product","link":"https:\/\/roveyayinevi.com.tr\/index.php\/urun\/der-weihnachtsabend\/","title":{"rendered":"Der Weihnachtsabend"},"content":{"rendered":"<p>Marley war tot, damit wollen wir anfangen. Ein Zweifel dar\u00fcber kann nicht stattfinden. Der Schein \u00fcber seine Bestattung wurde von dem Geistlichen, dem K\u00fcster, dem Leichenbesorger und den vornehmsten Leidtragenden unterschrieben. Scrooge unterschrieb ihn und Scrooges Name wurde auf der B\u00d6rse respektiert, wo er ihn nur hinschrieb. ThDer alte Marley war so tot wie ein Th\u00fcrnagel. Merkt wohl auf! Ich will nicht etwa sagen, daszlig; ein ThTh\u00fcrnagel etwas besonders Totes f\u00fcr mich hauml;tte. Ich selbst m\u00d6chte fast zu der Meinung geneigt sein, ein Sargnagel sei das toteste St\u00fcck Eisenwerk auf der Welt. Aber die Weisheit unsrer Altvordern liegt in dem Gleichnisse und meine unheiligen Hauml;nde sollen sie dort nicht st\u00d6ren, sonst wauml;re es um das Vaterland geschehen. Man wird mir daher erlauben, mit besonderem Nachdruck zu Thwiederholen, daszlig; Marley so tot wie ein Th\u00fcrnagel war.<\/p>\n","protected":false},"excerpt":{"rendered":"<p>Marley war tot, damit wollen wir anfangen. Ein Zweifel dar\u00fcber kann nicht stattfinden. Der Schein \u00fcber seine Bestattung wurde von dem Geistlichen, dem K\u00fcster, dem Leichenbesorger<span class=\"excerpt-hellip\"> [\u2026]<\/span><\/p>\n","protected":false},"featured_media":0,"template":"","meta":{"_monsterinsights_skip_tracking":false,"_monsterinsights_sitenote_active":false,"_monsterinsights_sitenote_note":"","_monsterinsights_sitenote_category":0},"product_brand":[],"product_cat":[12472],"product_tag":[],"class_list":{"0":"post-739266","1":"product","2":"type-product","3":"status-publish","5":"product_cat-yabanci-dilde-kitaplar","6":"pa_cilt-ciltsiz","7":"pa_tur-kitap","8":"pa_yayinevi-platanus-publishing","9":"pa_yazar-charles-dickens","11":"first","12":"instock","13":"sale","14":"shipping-taxable","15":"purchasable","16":"product-type-simple"},"_links":{"self":[{"href":"https:\/\/roveyayinevi.com.tr\/index.php\/wp-json\/wp\/v2\/product\/739266","targetHints":{"allow":["GET"]}}],"collection":[{"href":"https:\/\/roveyayinevi.com.tr\/index.php\/wp-json\/wp\/v2\/product"}],"about":[{"href":"https:\/\/roveyayinevi.com.tr\/index.php\/wp-json\/wp\/v2\/types\/product"}],"wp:attachment":[{"href":"https:\/\/roveyayinevi.com.tr\/index.php\/wp-json\/wp\/v2\/media?parent=739266"}],"wp:term":[{"taxonomy":"product_brand","embeddable":true,"href":"https:\/\/roveyayinevi.com.tr\/index.php\/wp-json\/wp\/v2\/product_brand?post=739266"},{"taxonomy":"product_cat","embeddable":true,"href":"https:\/\/roveyayinevi.com.tr\/index.php\/wp-json\/wp\/v2\/product_cat?post=739266"},{"taxonomy":"product_tag","embeddable":true,"href":"https:\/\/roveyayinevi.com.tr\/index.php\/wp-json\/wp\/v2\/product_tag?post=739266"}],"curies":[{"name":"wp","href":"https:\/\/api.w.org\/{rel}","templated":true}]}}