{"id":739265,"date":"2025-08-28T00:07:14","date_gmt":"2025-08-27T21:07:14","guid":{"rendered":"https:\/\/roveyayinevi.com.tr\/index.php\/urun\/demdeme\/"},"modified":"2026-04-16T02:49:37","modified_gmt":"2026-04-15T23:49:37","slug":"demdeme","status":"publish","type":"product","link":"https:\/\/roveyayinevi.com.tr\/index.php\/urun\/demdeme\/","title":{"rendered":"Demdeme"},"content":{"rendered":"<p>Yedi kap\u0131l\u0131 Teb \u015fehrini kuran kim? Kitaplar yaln\u0131z krallar\u0131n ad\u0131n\u0131 yazar. Yoksa kayalar\u0131 ta\u015f\u0131yan krallar m\u0131? Bir de Babil varm\u0131\u015f boyuna y\u0131k\u0131lan, kim yapm\u0131\u015f Babili her seferinde? Yap\u0131 i\u015f\u00e7ileri hangi evinde oturmu\u015flar alt\u0131nlar i\u00e7inde y\u00fczen Liman\u0131n? Ne oldular dersin duvarc\u0131lar \u00e7in Seddi bitince? Y\u00fcce Romada zafer an\u0131t\u0131 ne kadar \u00e7ok! Kimlerdir acaba bu an\u0131tlar\u0131 dikenler? Sezar kimleri yendi de kazand\u0131 bu zaferleri? Yok muydu saraylardan ba\u015fka oturacak yer dillere destan olmu\u015f koca Bizansta? Atlantikte, o masallar \u00fclkesinde bile, bo\u011fulurken insanlar uluyan denizde bir gece yar\u0131s\u0131, ba\u011f\u0131r\u0131p imdat istedilerdi k\u00d6lelerinden Hindistan\u0131 nas\u0131l ald\u0131yd\u0131 t\u00fcys\u00fcz \u0130skender?<\/p>\n","protected":false},"excerpt":{"rendered":"<p>Yedi kap\u0131l\u0131 Teb \u015fehrini kuran kim? Kitaplar yaln\u0131z krallar\u0131n ad\u0131n\u0131 yazar. Yoksa kayalar\u0131 ta\u015f\u0131yan krallar m\u0131? Bir de Babil varm\u0131\u015f boyuna y\u0131k\u0131lan, kim yapm\u0131\u015f Babili her<span class=\"excerpt-hellip\"> [\u2026]<\/span><\/p>\n","protected":false},"featured_media":0,"template":"","meta":{"_monsterinsights_skip_tracking":false,"_monsterinsights_sitenote_active":false,"_monsterinsights_sitenote_note":"","_monsterinsights_sitenote_category":0},"product_brand":[],"product_cat":[12472],"product_tag":[],"class_list":{"0":"post-739265","1":"product","2":"type-product","3":"status-publish","5":"product_cat-yabanci-dilde-kitaplar","6":"pa_cilt-ciltsiz","7":"pa_tur-kitap","8":"pa_yayinevi-platanus-publishing","9":"pa_yazar-girayalp-karakus","11":"first","12":"instock","13":"sale","14":"shipping-taxable","15":"purchasable","16":"product-type-simple"},"_links":{"self":[{"href":"https:\/\/roveyayinevi.com.tr\/index.php\/wp-json\/wp\/v2\/product\/739265","targetHints":{"allow":["GET"]}}],"collection":[{"href":"https:\/\/roveyayinevi.com.tr\/index.php\/wp-json\/wp\/v2\/product"}],"about":[{"href":"https:\/\/roveyayinevi.com.tr\/index.php\/wp-json\/wp\/v2\/types\/product"}],"wp:attachment":[{"href":"https:\/\/roveyayinevi.com.tr\/index.php\/wp-json\/wp\/v2\/media?parent=739265"}],"wp:term":[{"taxonomy":"product_brand","embeddable":true,"href":"https:\/\/roveyayinevi.com.tr\/index.php\/wp-json\/wp\/v2\/product_brand?post=739265"},{"taxonomy":"product_cat","embeddable":true,"href":"https:\/\/roveyayinevi.com.tr\/index.php\/wp-json\/wp\/v2\/product_cat?post=739265"},{"taxonomy":"product_tag","embeddable":true,"href":"https:\/\/roveyayinevi.com.tr\/index.php\/wp-json\/wp\/v2\/product_tag?post=739265"}],"curies":[{"name":"wp","href":"https:\/\/api.w.org\/{rel}","templated":true}]}}