{"id":739264,"date":"2025-08-28T00:07:13","date_gmt":"2025-08-27T21:07:13","guid":{"rendered":"https:\/\/roveyayinevi.com.tr\/index.php\/urun\/dede-korkut-hikayeleri-15\/"},"modified":"2026-04-16T02:49:36","modified_gmt":"2026-04-15T23:49:36","slug":"dede-korkut-hikayeleri-15","status":"publish","type":"product","link":"https:\/\/roveyayinevi.com.tr\/index.php\/urun\/dede-korkut-hikayeleri-15\/","title":{"rendered":"Dede Korkut Hikayeleri"},"content":{"rendered":"<p>Bir g\u00fcn Ula\u015f o\u011flu Kazan Bey yerinden kalkm\u0131\u015ft\u0131. Kara yerin \u00fczerine ota\u011flar\u0131n\u0131 diktirmi\u015fti. Bin yerde ipek hal\u0131c\u0131\u011f\u0131 d\u00d6\u015fenmi\u015fti. Alaca g\u00d6lgeli\u011fi g\u00d6ky\u00fcz\u00fcne y\u00fckselmi\u015fti. Alt\u0131n kadehler, s\u00fcrahiler dizilmi\u015fti. Dokuz kara g\u00d6zl\u00fc, \u00d6rme sa\u00e7l\u0131, elleri bile\u011finden k\u0131nal\u0131, parmaklar\u0131 s\u00fcsl\u00fc, boyunlar\u0131 birer kar\u0131\u015f kafir k\u0131zlar\u0131 al \u015farab\u0131 alt\u0131n kadeh ile kudretli O\u011fuz beylerine gezdiriyorlard\u0131. Her birinden Ula\u015f o\u011flu Salur Kazan i\u00e7mi\u015fti. Elbise, kaftan, \u00e7ad\u0131r, ota\u011f ba\u011f\u0131\u015fl\u0131yordu, katar katar develer ba\u011f\u0131\u015fl\u0131yordu. O\u011flu Uruz kar\u015f\u0131s\u0131nda yaya dayan\u0131p duruyordu. Sa\u011f yan\u0131nda karde\u015fi Kara G\u00d6ne oturmu\u015ftu. Sol yan\u0131nda day\u0131s\u0131 Aruz oturmu\u015ftu. Kazan sa\u011fma bakt\u0131 kah kah g\u00fcld\u00fc. Soluna bakt\u0131 \u00e7ok sevindi. Kar\u015f\u0131s\u0131na bakt\u0131 o\u011flanc\u0131\u011f\u0131n\u0131, Uruzu g\u00d6rd\u00fc, elini eline \u00e7ald\u0131 a\u011flad\u0131. O\u011flu Uruza bu i\u015f ho\u015f gelmedi. \u0130leri geldi, diz \u00e7\u00d6kt\u00fc, babas\u0131na \u00e7a\u011f\u0131r\u0131p s\u00d6yler, g\u00d6relim han\u0131m ne s\u00d6yler.<\/p>\n","protected":false},"excerpt":{"rendered":"<p>Bir g\u00fcn Ula\u015f o\u011flu Kazan Bey yerinden kalkm\u0131\u015ft\u0131. Kara yerin \u00fczerine ota\u011flar\u0131n\u0131 diktirmi\u015fti. Bin yerde ipek hal\u0131c\u0131\u011f\u0131 d\u00d6\u015fenmi\u015fti. Alaca g\u00d6lgeli\u011fi g\u00d6ky\u00fcz\u00fcne y\u00fckselmi\u015fti. Alt\u0131n kadehler, s\u00fcrahiler dizilmi\u015fti.<span class=\"excerpt-hellip\"> [\u2026]<\/span><\/p>\n","protected":false},"featured_media":0,"template":"","meta":{"_monsterinsights_skip_tracking":false,"_monsterinsights_sitenote_active":false,"_monsterinsights_sitenote_note":"","_monsterinsights_sitenote_category":0},"product_brand":[],"product_cat":[12472],"product_tag":[],"class_list":{"0":"post-739264","1":"product","2":"type-product","3":"status-publish","5":"product_cat-yabanci-dilde-kitaplar","6":"pa_cilt-ciltsiz","7":"pa_tur-kitap","8":"pa_yayinevi-platanus-publishing","9":"pa_yazar-kolektif","11":"first","12":"instock","13":"sale","14":"shipping-taxable","15":"purchasable","16":"product-type-simple"},"_links":{"self":[{"href":"https:\/\/roveyayinevi.com.tr\/index.php\/wp-json\/wp\/v2\/product\/739264","targetHints":{"allow":["GET"]}}],"collection":[{"href":"https:\/\/roveyayinevi.com.tr\/index.php\/wp-json\/wp\/v2\/product"}],"about":[{"href":"https:\/\/roveyayinevi.com.tr\/index.php\/wp-json\/wp\/v2\/types\/product"}],"wp:attachment":[{"href":"https:\/\/roveyayinevi.com.tr\/index.php\/wp-json\/wp\/v2\/media?parent=739264"}],"wp:term":[{"taxonomy":"product_brand","embeddable":true,"href":"https:\/\/roveyayinevi.com.tr\/index.php\/wp-json\/wp\/v2\/product_brand?post=739264"},{"taxonomy":"product_cat","embeddable":true,"href":"https:\/\/roveyayinevi.com.tr\/index.php\/wp-json\/wp\/v2\/product_cat?post=739264"},{"taxonomy":"product_tag","embeddable":true,"href":"https:\/\/roveyayinevi.com.tr\/index.php\/wp-json\/wp\/v2\/product_tag?post=739264"}],"curies":[{"name":"wp","href":"https:\/\/api.w.org\/{rel}","templated":true}]}}