{"id":739183,"date":"2025-08-28T00:05:43","date_gmt":"2025-08-27T21:05:43","guid":{"rendered":"https:\/\/roveyayinevi.com.tr\/index.php\/urun\/kanserx2-10\/"},"modified":"2026-04-16T02:49:31","modified_gmt":"2026-04-15T23:49:31","slug":"kanserx2-10","status":"publish","type":"product","link":"https:\/\/roveyayinevi.com.tr\/index.php\/urun\/kanserx2-10\/","title":{"rendered":"Kanser\u00d72\u20131=0"},"content":{"rendered":"<p>\u2026   Nefes nefese \u00e7\u0131kt\u0131m odadan ve ne oldu\u011funu alg\u0131layamad\u0131m. \u015eaka gibiydi biraz \u00f6nce olanlar.  Hi\u00e7 beklemedi\u011fim bir anda, hi\u00e7 beklemedi\u011fim bir sebeple doktorun kar\u015f\u0131s\u0131nda otururken, sakin bir halim vard\u0131. S\u00f6ylediklerini alg\u0131lamam ya\u011fmurun surat\u0131m\u0131 s\u0131vazlayan dokunu\u015fuyla oldu ve g\u00fcl\u00fcmsedim. Bu bir elli ya\u015f hediyesi herhalde diye d\u00fc\u015f\u00fcnd\u00fcm.   \u2026 <\/p>\n","protected":false},"excerpt":{"rendered":"<p>\u2026 Nefes nefese \u00e7\u0131kt\u0131m odadan ve ne oldu\u011funu alg\u0131layamad\u0131m. \u015eaka gibiydi biraz \u00f6nce olanlar. Hi\u00e7 beklemedi\u011fim bir anda, hi\u00e7 beklemedi\u011fim bir sebeple doktorun kar\u015f\u0131s\u0131nda otururken, sakin<span class=\"excerpt-hellip\"> [\u2026]<\/span><\/p>\n","protected":false},"featured_media":0,"template":"","meta":{"_monsterinsights_skip_tracking":false,"_monsterinsights_sitenote_active":false,"_monsterinsights_sitenote_note":"","_monsterinsights_sitenote_category":0},"product_brand":[],"product_cat":[12291,12711],"product_tag":[],"class_list":{"0":"post-739183","1":"product","2":"type-product","3":"status-publish","5":"product_cat-edebiyat","6":"product_cat-roman-oyku","7":"pa_cilt-ciltsiz","8":"pa_tur-kitap","9":"pa_yayinevi-gulnar-yayinlari","10":"pa_yazar-candan-sevinc","12":"first","13":"instock","14":"sale","15":"shipping-taxable","16":"purchasable","17":"product-type-simple"},"_links":{"self":[{"href":"https:\/\/roveyayinevi.com.tr\/index.php\/wp-json\/wp\/v2\/product\/739183","targetHints":{"allow":["GET"]}}],"collection":[{"href":"https:\/\/roveyayinevi.com.tr\/index.php\/wp-json\/wp\/v2\/product"}],"about":[{"href":"https:\/\/roveyayinevi.com.tr\/index.php\/wp-json\/wp\/v2\/types\/product"}],"wp:attachment":[{"href":"https:\/\/roveyayinevi.com.tr\/index.php\/wp-json\/wp\/v2\/media?parent=739183"}],"wp:term":[{"taxonomy":"product_brand","embeddable":true,"href":"https:\/\/roveyayinevi.com.tr\/index.php\/wp-json\/wp\/v2\/product_brand?post=739183"},{"taxonomy":"product_cat","embeddable":true,"href":"https:\/\/roveyayinevi.com.tr\/index.php\/wp-json\/wp\/v2\/product_cat?post=739183"},{"taxonomy":"product_tag","embeddable":true,"href":"https:\/\/roveyayinevi.com.tr\/index.php\/wp-json\/wp\/v2\/product_tag?post=739183"}],"curies":[{"name":"wp","href":"https:\/\/api.w.org\/{rel}","templated":true}]}}