{"id":739181,"date":"2025-08-28T00:05:41","date_gmt":"2025-08-27T21:05:41","guid":{"rendered":"https:\/\/roveyayinevi.com.tr\/index.php\/urun\/menfi-surgun-ciltli\/"},"modified":"2026-04-16T02:49:31","modified_gmt":"2026-04-15T23:49:31","slug":"menfi-surgun-ciltli","status":"publish","type":"product","link":"https:\/\/roveyayinevi.com.tr\/index.php\/urun\/menfi-surgun-ciltli\/","title":{"rendered":"Menfi (S\u00fcrg\u00fcn) (Ciltli)"},"content":{"rendered":"<p>Fazl\u0131 Necib\u2019in bir s\u00fcrg\u00fcn hik\u00e2yesini anlatt\u0131\u011f\u0131 Menf\u00ee istibdada kar\u015f\u0131 en yo\u011fun direni\u015fin ger\u00e7ekle\u015fti\u011fi Me\u015frutiyet \u00f6ncesi Selanik\u2019inde ge\u00e7iyor. Annesinin kendisine bonk\u00f6rce tahsis etti\u011fi paralar\u0131 \u0130stanbul\u2019da hesaps\u0131zca harcad\u0131ktan sonra memleketi Selanik\u2019e d\u00f6nen havai bir delikanl\u0131 olan Ekrem annesini hasta oldu\u011funa inand\u0131r\u0131p kapa\u011f\u0131 Avrupa\u2019ya atman\u0131n hesaplar\u0131n\u0131 yapmaktad\u0131r.  Ne var ki kad\u0131nlar aras\u0131 k\u0131skan\u00e7l\u0131k ve haset bulutlar\u0131 gen\u00e7 adam\u0131n \u00e7evresini b\u00fcr\u00fcmekte gecikmeyecektir. Zaman\u0131n\u0131n velut bir yazar\u0131 olan Necib\u2019in g\u00fcn\u00fcm\u00fcz okuyucusu taraf\u0131ndan b\u00fcy\u00fck b\u00f6l\u00fcm\u00fc zorlanmadan okunabilecek olan Menf\u00ee\u2019si tekrar okuyucuyla bulu\u015fmay\u0131 fazlas\u0131yla hak ediyor.<\/p>\n","protected":false},"excerpt":{"rendered":"<p>Fazl\u0131 Necib\u2019in bir s\u00fcrg\u00fcn hik\u00e2yesini anlatt\u0131\u011f\u0131 Menf\u00ee istibdada kar\u015f\u0131 en yo\u011fun direni\u015fin ger\u00e7ekle\u015fti\u011fi Me\u015frutiyet \u00f6ncesi Selanik\u2019inde ge\u00e7iyor. Annesinin kendisine bonk\u00f6rce tahsis etti\u011fi paralar\u0131 \u0130stanbul\u2019da hesaps\u0131zca harcad\u0131ktan<span class=\"excerpt-hellip\"> [\u2026]<\/span><\/p>\n","protected":false},"featured_media":0,"template":"","meta":{"_monsterinsights_skip_tracking":false,"_monsterinsights_sitenote_active":false,"_monsterinsights_sitenote_note":"","_monsterinsights_sitenote_category":0},"product_brand":[],"product_cat":[12291,12711],"product_tag":[],"class_list":{"0":"post-739181","1":"product","2":"type-product","3":"status-publish","5":"product_cat-edebiyat","6":"product_cat-roman-oyku","7":"pa_cilt-ciltli","8":"pa_tur-kitap","9":"pa_yayinevi-otuken-nesriyat","10":"pa_yazar-fazli-necip","12":"first","13":"instock","14":"sale","15":"shipping-taxable","16":"purchasable","17":"product-type-simple"},"_links":{"self":[{"href":"https:\/\/roveyayinevi.com.tr\/index.php\/wp-json\/wp\/v2\/product\/739181","targetHints":{"allow":["GET"]}}],"collection":[{"href":"https:\/\/roveyayinevi.com.tr\/index.php\/wp-json\/wp\/v2\/product"}],"about":[{"href":"https:\/\/roveyayinevi.com.tr\/index.php\/wp-json\/wp\/v2\/types\/product"}],"wp:attachment":[{"href":"https:\/\/roveyayinevi.com.tr\/index.php\/wp-json\/wp\/v2\/media?parent=739181"}],"wp:term":[{"taxonomy":"product_brand","embeddable":true,"href":"https:\/\/roveyayinevi.com.tr\/index.php\/wp-json\/wp\/v2\/product_brand?post=739181"},{"taxonomy":"product_cat","embeddable":true,"href":"https:\/\/roveyayinevi.com.tr\/index.php\/wp-json\/wp\/v2\/product_cat?post=739181"},{"taxonomy":"product_tag","embeddable":true,"href":"https:\/\/roveyayinevi.com.tr\/index.php\/wp-json\/wp\/v2\/product_tag?post=739181"}],"curies":[{"name":"wp","href":"https:\/\/api.w.org\/{rel}","templated":true}]}}