{"id":739180,"date":"2025-08-28T00:05:40","date_gmt":"2025-08-27T21:05:40","guid":{"rendered":"https:\/\/roveyayinevi.com.tr\/index.php\/urun\/cinler-ciltli\/"},"modified":"2026-04-16T02:49:31","modified_gmt":"2026-04-15T23:49:31","slug":"cinler-ciltli","status":"publish","type":"product","link":"https:\/\/roveyayinevi.com.tr\/index.php\/urun\/cinler-ciltli\/","title":{"rendered":"Cinler (Ciltli)"},"content":{"rendered":"<p>Dostoyevski\u2019nin 1869 Rusyas\u0131\u2019nda ger\u00e7ekle\u015fen bir suikasttan ilham alarak kaleme ald\u0131\u011f\u0131 roman\u0131 Cinler yazar\u0131n hacimli romanlar\u0131ndan birisidir. Yazar\u0131n Sibirya s\u00fcrg\u00fcn\u00fcnden d\u00f6nd\u00fckten sonra 1870-72 aral\u0131\u011f\u0131nda kaleme ald\u0131\u011f\u0131 eser Dostoyevski\u2019nin be\u015f b\u00fcy\u00fck roman\u0131ndan biri olarak kabul edilmektedir. Konusunu ger\u00e7ek bir olaydan alan Cinler Dostoyevski\u2019nin ya\u015fad\u0131\u011f\u0131 d\u00f6nemdeki siyasi olaylara kay\u0131ts\u0131z kalmad\u0131\u011f\u0131n\u0131 g\u00f6stermesi bak\u0131m\u0131ndan ehemmiyetlidir Ayr\u0131ca roman\u0131n bir ba\u015fka ehemmiyetli y\u00f6n\u00fc de yazar\u0131n yar\u0131m as\u0131r sonra Rusya\u2019ya tam manas\u0131yla h\u00e2kim olacak olan ihtilalci ak\u0131mlara nas\u0131l bakt\u0131\u011f\u0131n\u0131 g\u00f6rmemizi sa\u011flamas\u0131d\u0131r. Dostoyevski\u2019nin Cinler\u2019i yazar\u0131n ba\u015fyap\u0131tlar\u0131 aras\u0131nda en tart\u0131\u015fmal\u0131 olan\u0131d\u0131r. Rus Devrimi\u2019ni \u00f6ng\u00f6ren Cinler, ba\u015far\u0131l\u0131 bir kehanet olmas\u0131 y\u00f6n\u00fcyle selamlansa da yazar\u0131n\u0131n \u201cd\u00f6neklik\u201d itham\u0131na maruz kalmas\u0131na sebep olmu\u015ftu.<\/p>\n","protected":false},"excerpt":{"rendered":"<p>Dostoyevski\u2019nin 1869 Rusyas\u0131\u2019nda ger\u00e7ekle\u015fen bir suikasttan ilham alarak kaleme ald\u0131\u011f\u0131 roman\u0131 Cinler yazar\u0131n hacimli romanlar\u0131ndan birisidir. Yazar\u0131n Sibirya s\u00fcrg\u00fcn\u00fcnden d\u00f6nd\u00fckten sonra 1870-72 aral\u0131\u011f\u0131nda kaleme ald\u0131\u011f\u0131 eser<span class=\"excerpt-hellip\"> [\u2026]<\/span><\/p>\n","protected":false},"featured_media":0,"template":"","meta":{"_monsterinsights_skip_tracking":false,"_monsterinsights_sitenote_active":false,"_monsterinsights_sitenote_note":"","_monsterinsights_sitenote_category":0},"product_brand":[],"product_cat":[12291,13872],"product_tag":[],"class_list":{"0":"post-739180","1":"product","2":"type-product","3":"status-publish","5":"product_cat-edebiyat","6":"product_cat-klasikler","7":"pa_cilt-ciltli","8":"pa_tur-kitap","9":"pa_yayinevi-otuken-nesriyat","10":"pa_yazar-fyodor-mihaylovic-dostoyevski","12":"first","13":"instock","14":"sale","15":"shipping-taxable","16":"purchasable","17":"product-type-simple"},"_links":{"self":[{"href":"https:\/\/roveyayinevi.com.tr\/index.php\/wp-json\/wp\/v2\/product\/739180","targetHints":{"allow":["GET"]}}],"collection":[{"href":"https:\/\/roveyayinevi.com.tr\/index.php\/wp-json\/wp\/v2\/product"}],"about":[{"href":"https:\/\/roveyayinevi.com.tr\/index.php\/wp-json\/wp\/v2\/types\/product"}],"wp:attachment":[{"href":"https:\/\/roveyayinevi.com.tr\/index.php\/wp-json\/wp\/v2\/media?parent=739180"}],"wp:term":[{"taxonomy":"product_brand","embeddable":true,"href":"https:\/\/roveyayinevi.com.tr\/index.php\/wp-json\/wp\/v2\/product_brand?post=739180"},{"taxonomy":"product_cat","embeddable":true,"href":"https:\/\/roveyayinevi.com.tr\/index.php\/wp-json\/wp\/v2\/product_cat?post=739180"},{"taxonomy":"product_tag","embeddable":true,"href":"https:\/\/roveyayinevi.com.tr\/index.php\/wp-json\/wp\/v2\/product_tag?post=739180"}],"curies":[{"name":"wp","href":"https:\/\/api.w.org\/{rel}","templated":true}]}}