{"id":739179,"date":"2025-08-28T00:05:38","date_gmt":"2025-08-27T21:05:38","guid":{"rendered":"https:\/\/roveyayinevi.com.tr\/index.php\/urun\/denizler-altinda-20000-fersah-ciltli\/"},"modified":"2026-04-16T02:49:31","modified_gmt":"2026-04-15T23:49:31","slug":"denizler-altinda-20000-fersah-ciltli","status":"publish","type":"product","link":"https:\/\/roveyayinevi.com.tr\/index.php\/urun\/denizler-altinda-20000-fersah-ciltli\/","title":{"rendered":"Denizler Alt\u0131nda 20000 Fersah (Ciltli)"},"content":{"rendered":"<p>1866 y\u0131l\u0131nda denizlerde g\u00f6r\u00fcld\u00fc\u011f\u00fc s\u00f6ylenen bir deniz canavar\u0131n\u0131 ara\u015ft\u0131rmak i\u00e7in sefere \u00e7\u0131kan Abraham Lincoln gemisinde bulunan Profes\u00f6r Aronnax ve sad\u0131k hizmetk\u00e2r\u0131 Conseil \u00e7ok ge\u00e7meden arad\u0131klar\u0131 canavarla kar\u015f\u0131la\u015f\u0131rlar. \u0130kili ve aralar\u0131na yeni kat\u0131lan dostlar\u0131 denizci Ned Land son derece \u015fiddetli bir bo\u011fu\u015fmadan sonra kendilerini denizin dibinde bulacaklard\u0131. Bir \u00f6l\u00fcm kal\u0131m sava\u015f\u0131n\u0131 and\u0131ran bo\u011fu\u015fma sonunda canavar sand\u0131klar\u0131 Kaptan Nemo idaresindeki Nautilus denizalt\u0131s\u0131ndan ba\u015fka bir \u015fey de\u011fildir. Verne\u2019in e\u015fsiz hayal g\u00fcc\u00fcn\u00fcn e\u015fli\u011finde o g\u00fcne dek emsali g\u00f6r\u00fclmemi\u015f deniz arac\u0131yla bir\u00e7ok ser\u00fcven ya\u015fayan \u00fc\u00e7l\u00fc denizin derinliklerinin karanl\u0131k s\u0131rlar\u0131na da vak\u0131f olacakt\u0131r. Jules Verne\u2019in onlarca filme hatta 1954 y\u0131l\u0131nda denize indirdi\u011fi denizalt\u0131ya da ilham olacak Denizler Alt\u0131nda Yirmi Bin Fersah roman\u0131 Verne\u2019i T\u00fcrkiye\u2019ye tan\u0131tan Ahmet \u0130hsan Tokg\u00f6z\u2019\u00fcn terc\u00fcmesiyle okuruyla bulu\u015fuyor.<\/p>\n","protected":false},"excerpt":{"rendered":"<p>1866 y\u0131l\u0131nda denizlerde g\u00f6r\u00fcld\u00fc\u011f\u00fc s\u00f6ylenen bir deniz canavar\u0131n\u0131 ara\u015ft\u0131rmak i\u00e7in sefere \u00e7\u0131kan Abraham Lincoln gemisinde bulunan Profes\u00f6r Aronnax ve sad\u0131k hizmetk\u00e2r\u0131 Conseil \u00e7ok ge\u00e7meden arad\u0131klar\u0131 canavarla<span class=\"excerpt-hellip\"> [\u2026]<\/span><\/p>\n","protected":false},"featured_media":0,"template":"","meta":{"_monsterinsights_skip_tracking":false,"_monsterinsights_sitenote_active":false,"_monsterinsights_sitenote_note":"","_monsterinsights_sitenote_category":0},"product_brand":[],"product_cat":[12291,13872],"product_tag":[],"class_list":{"0":"post-739179","1":"product","2":"type-product","3":"status-publish","5":"product_cat-edebiyat","6":"product_cat-klasikler","7":"pa_cilt-ciltli","8":"pa_tur-kitap","9":"pa_yayinevi-otuken-nesriyat","10":"pa_yazar-jules-verne","12":"first","13":"instock","14":"sale","15":"shipping-taxable","16":"purchasable","17":"product-type-simple"},"_links":{"self":[{"href":"https:\/\/roveyayinevi.com.tr\/index.php\/wp-json\/wp\/v2\/product\/739179","targetHints":{"allow":["GET"]}}],"collection":[{"href":"https:\/\/roveyayinevi.com.tr\/index.php\/wp-json\/wp\/v2\/product"}],"about":[{"href":"https:\/\/roveyayinevi.com.tr\/index.php\/wp-json\/wp\/v2\/types\/product"}],"wp:attachment":[{"href":"https:\/\/roveyayinevi.com.tr\/index.php\/wp-json\/wp\/v2\/media?parent=739179"}],"wp:term":[{"taxonomy":"product_brand","embeddable":true,"href":"https:\/\/roveyayinevi.com.tr\/index.php\/wp-json\/wp\/v2\/product_brand?post=739179"},{"taxonomy":"product_cat","embeddable":true,"href":"https:\/\/roveyayinevi.com.tr\/index.php\/wp-json\/wp\/v2\/product_cat?post=739179"},{"taxonomy":"product_tag","embeddable":true,"href":"https:\/\/roveyayinevi.com.tr\/index.php\/wp-json\/wp\/v2\/product_tag?post=739179"}],"curies":[{"name":"wp","href":"https:\/\/api.w.org\/{rel}","templated":true}]}}