{"id":739169,"date":"2025-08-28T00:05:28","date_gmt":"2025-08-27T21:05:28","guid":{"rendered":"https:\/\/roveyayinevi.com.tr\/index.php\/urun\/kucuk-bay-ve-bayanlar-merkalilar-kulubu-su-alti-macerasi\/"},"modified":"2026-04-16T02:49:31","modified_gmt":"2026-04-15T23:49:31","slug":"kucuk-bay-ve-bayanlar-merkalilar-kulubu-su-alti-macerasi","status":"publish","type":"product","link":"https:\/\/roveyayinevi.com.tr\/index.php\/urun\/kucuk-bay-ve-bayanlar-merkalilar-kulubu-su-alti-macerasi\/","title":{"rendered":"K\u00fc\u00e7\u00fck Bay Ve Bayanlar Merkal\u0131lar Kul\u00fcb\u00fc Su Alt\u0131 Maceras\u0131"},"content":{"rendered":"<p>K\u00fc\u00e7\u00fck Bay ve Bayanlar 1971\u2019den beri d\u00fcnya \u00e7ap\u0131nda 100 milyondan fazla \u00e7ocu\u011fun e\u015flik etti\u011fi maceralar\u0131na yenilerini ekliyor. En renkli kahramanlar\u0131n su alt\u0131 maceras\u0131nda \u00e7ocuklar yine k\u0131k\u0131r k\u0131k\u0131r g\u00fclecek, deniz alt\u0131 ve deniz canl\u0131lar\u0131 hakk\u0131nda \u00e7ok \u015fey \u00f6\u011frenecekler. <\/p>\n","protected":false},"excerpt":{"rendered":"<p>K\u00fc\u00e7\u00fck Bay ve Bayanlar 1971\u2019den beri d\u00fcnya \u00e7ap\u0131nda 100 milyondan fazla \u00e7ocu\u011fun e\u015flik etti\u011fi maceralar\u0131na yenilerini ekliyor. En renkli kahramanlar\u0131n su alt\u0131 maceras\u0131nda \u00e7ocuklar yine k\u0131k\u0131r<span class=\"excerpt-hellip\"> [\u2026]<\/span><\/p>\n","protected":false},"featured_media":0,"template":"","meta":{"_monsterinsights_skip_tracking":false,"_monsterinsights_sitenote_active":false,"_monsterinsights_sitenote_note":"","_monsterinsights_sitenote_category":0},"product_brand":[],"product_cat":[12913,12274],"product_tag":[],"class_list":{"0":"post-739169","1":"product","2":"type-product","3":"status-publish","5":"product_cat-3-6-yas-kitaplari","6":"product_cat-cocuk-ve-genclik-kitaplari","7":"pa_cilt-ciltsiz","8":"pa_tur-kitap","9":"pa_yayinevi-dogan-cocuk","10":"pa_yazar-dogan-cocuk-kolektif","12":"first","13":"instock","14":"sale","15":"shipping-taxable","16":"purchasable","17":"product-type-simple"},"_links":{"self":[{"href":"https:\/\/roveyayinevi.com.tr\/index.php\/wp-json\/wp\/v2\/product\/739169","targetHints":{"allow":["GET"]}}],"collection":[{"href":"https:\/\/roveyayinevi.com.tr\/index.php\/wp-json\/wp\/v2\/product"}],"about":[{"href":"https:\/\/roveyayinevi.com.tr\/index.php\/wp-json\/wp\/v2\/types\/product"}],"wp:attachment":[{"href":"https:\/\/roveyayinevi.com.tr\/index.php\/wp-json\/wp\/v2\/media?parent=739169"}],"wp:term":[{"taxonomy":"product_brand","embeddable":true,"href":"https:\/\/roveyayinevi.com.tr\/index.php\/wp-json\/wp\/v2\/product_brand?post=739169"},{"taxonomy":"product_cat","embeddable":true,"href":"https:\/\/roveyayinevi.com.tr\/index.php\/wp-json\/wp\/v2\/product_cat?post=739169"},{"taxonomy":"product_tag","embeddable":true,"href":"https:\/\/roveyayinevi.com.tr\/index.php\/wp-json\/wp\/v2\/product_tag?post=739169"}],"curies":[{"name":"wp","href":"https:\/\/api.w.org\/{rel}","templated":true}]}}