{"id":739166,"date":"2025-08-28T00:05:25","date_gmt":"2025-08-27T21:05:25","guid":{"rendered":"https:\/\/roveyayinevi.com.tr\/index.php\/urun\/kumon-mantik\/"},"modified":"2026-04-16T02:49:31","modified_gmt":"2026-04-15T23:49:31","slug":"kumon-mantik","status":"publish","type":"product","link":"https:\/\/roveyayinevi.com.tr\/index.php\/urun\/kumon-mantik\/","title":{"rendered":"Kumon Mant\u0131k"},"content":{"rendered":"<p>\u00c7ocu\u011funuzun d\u00fc\u015f\u00fcnce becerilerinin geli\u015fimini kar\u015f\u0131la\u015ft\u0131rma, dizi tan\u0131mlama ve sonu\u00e7 \u00e7\u0131karma al\u0131\u015ft\u0131rmalar\u0131 ile destekler.   D\u00fc\u015f\u00fcnme Becerileri Serisi, \u00e7ocu\u011funuzun d\u00fc\u015f\u00fcnme becerilerini geli\u015ftirece\u011fi kapsaml\u0131 bir temel olu\u015fturmak \u00fczere tasarlanm\u0131\u015ft\u0131r. Mant\u0131k Al\u0131\u015ft\u0131rma Kitab\u0131, bu serideki okul \u00f6ncesi d\u00f6rt al\u0131\u015ft\u0131rma kitab\u0131m\u0131z aras\u0131nda yer almaktad\u0131r. \u0130\u00e7eri\u011finde yer verilen beceriler, e\u011fitimcilerin dan\u0131\u015fmanl\u0131\u011f\u0131nda geni\u015f kapsaml\u0131 ulusal ve uluslararas\u0131 e\u011fitsel kaynaklar de\u011ferlendirilerek se\u00e7ilmi\u015ftir. <\/p>\n","protected":false},"excerpt":{"rendered":"<p>\u00c7ocu\u011funuzun d\u00fc\u015f\u00fcnce becerilerinin geli\u015fimini kar\u015f\u0131la\u015ft\u0131rma, dizi tan\u0131mlama ve sonu\u00e7 \u00e7\u0131karma al\u0131\u015ft\u0131rmalar\u0131 ile destekler. D\u00fc\u015f\u00fcnme Becerileri Serisi, \u00e7ocu\u011funuzun d\u00fc\u015f\u00fcnme becerilerini geli\u015ftirece\u011fi kapsaml\u0131 bir temel olu\u015fturmak \u00fczere tasarlanm\u0131\u015ft\u0131r.<span class=\"excerpt-hellip\"> [\u2026]<\/span><\/p>\n","protected":false},"featured_media":0,"template":"","meta":{"_monsterinsights_skip_tracking":false,"_monsterinsights_sitenote_active":false,"_monsterinsights_sitenote_note":"","_monsterinsights_sitenote_category":0},"product_brand":[],"product_cat":[12274,15842],"product_tag":[],"class_list":{"0":"post-739166","1":"product","2":"type-product","3":"status-publish","5":"product_cat-cocuk-ve-genclik-kitaplari","6":"product_cat-egitici-kitaplar","7":"pa_cilt-ciltsiz","8":"pa_tur-kitap","9":"pa_yayinevi-dogan-cocuk","10":"pa_yazar-dogan-cocuk-kolektif","12":"first","13":"instock","14":"sale","15":"shipping-taxable","16":"purchasable","17":"product-type-simple"},"_links":{"self":[{"href":"https:\/\/roveyayinevi.com.tr\/index.php\/wp-json\/wp\/v2\/product\/739166","targetHints":{"allow":["GET"]}}],"collection":[{"href":"https:\/\/roveyayinevi.com.tr\/index.php\/wp-json\/wp\/v2\/product"}],"about":[{"href":"https:\/\/roveyayinevi.com.tr\/index.php\/wp-json\/wp\/v2\/types\/product"}],"wp:attachment":[{"href":"https:\/\/roveyayinevi.com.tr\/index.php\/wp-json\/wp\/v2\/media?parent=739166"}],"wp:term":[{"taxonomy":"product_brand","embeddable":true,"href":"https:\/\/roveyayinevi.com.tr\/index.php\/wp-json\/wp\/v2\/product_brand?post=739166"},{"taxonomy":"product_cat","embeddable":true,"href":"https:\/\/roveyayinevi.com.tr\/index.php\/wp-json\/wp\/v2\/product_cat?post=739166"},{"taxonomy":"product_tag","embeddable":true,"href":"https:\/\/roveyayinevi.com.tr\/index.php\/wp-json\/wp\/v2\/product_tag?post=739166"}],"curies":[{"name":"wp","href":"https:\/\/api.w.org\/{rel}","templated":true}]}}