{"id":739165,"date":"2025-08-28T00:05:24","date_gmt":"2025-08-27T21:05:24","guid":{"rendered":"https:\/\/roveyayinevi.com.tr\/index.php\/urun\/kumon-ayni-farkli\/"},"modified":"2026-04-16T02:49:30","modified_gmt":"2026-04-15T23:49:30","slug":"kumon-ayni-farkli","status":"publish","type":"product","link":"https:\/\/roveyayinevi.com.tr\/index.php\/urun\/kumon-ayni-farkli\/","title":{"rendered":"Kumon Ayn\u0131 Farkl\u0131"},"content":{"rendered":"<p>\u00c7ocu\u011funuzun d\u00fc\u015f\u00fcnme becerilerinin geli\u015fimini \u015fekilleri, nesneleri e\u015fle\u015ftirme ve ayn\u0131\/farkl\u0131 olanlar\u0131 tan\u0131mlama ile destekler.   D\u00fc\u015f\u00fcnme Becerileri Serisi, \u00e7ocu\u011funuzun d\u00fc\u015f\u00fcnme becerilerini geli\u015ftirece\u011fi kapsaml\u0131 bir temel olu\u015fturmak \u00fczere haz\u0131rlanm\u0131\u015ft\u0131r. Ayn\u0131, Farkl\u0131 Al\u0131\u015ft\u0131rma Kitab\u0131, bu serideki okul \u00f6ncesi d\u00f6rt al\u0131\u015ft\u0131rma kitab\u0131m\u0131z aras\u0131nda yer almaktad\u0131r. \u0130\u00e7eri\u011finde yer verilen beceriler, e\u011fitimcilerin dan\u0131\u015fmanl\u0131\u011f\u0131nda geni\u015f kapsaml\u0131 ulusal ve uluslararas\u0131 e\u011fitsel kaynaklar de\u011ferlendirilerek se\u00e7ilmi\u015ftir. <\/p>\n","protected":false},"excerpt":{"rendered":"<p>\u00c7ocu\u011funuzun d\u00fc\u015f\u00fcnme becerilerinin geli\u015fimini \u015fekilleri, nesneleri e\u015fle\u015ftirme ve ayn\u0131\/farkl\u0131 olanlar\u0131 tan\u0131mlama ile destekler. D\u00fc\u015f\u00fcnme Becerileri Serisi, \u00e7ocu\u011funuzun d\u00fc\u015f\u00fcnme becerilerini geli\u015ftirece\u011fi kapsaml\u0131 bir temel olu\u015fturmak \u00fczere haz\u0131rlanm\u0131\u015ft\u0131r.<span class=\"excerpt-hellip\"> [\u2026]<\/span><\/p>\n","protected":false},"featured_media":0,"template":"","meta":{"_monsterinsights_skip_tracking":false,"_monsterinsights_sitenote_active":false,"_monsterinsights_sitenote_note":"","_monsterinsights_sitenote_category":0},"product_brand":[],"product_cat":[12274,15842],"product_tag":[],"class_list":{"0":"post-739165","1":"product","2":"type-product","3":"status-publish","5":"product_cat-cocuk-ve-genclik-kitaplari","6":"product_cat-egitici-kitaplar","7":"pa_cilt-ciltsiz","8":"pa_tur-kitap","9":"pa_yayinevi-dogan-cocuk","10":"pa_yazar-dogan-cocuk-kolektif","12":"first","13":"instock","14":"sale","15":"shipping-taxable","16":"purchasable","17":"product-type-simple"},"_links":{"self":[{"href":"https:\/\/roveyayinevi.com.tr\/index.php\/wp-json\/wp\/v2\/product\/739165","targetHints":{"allow":["GET"]}}],"collection":[{"href":"https:\/\/roveyayinevi.com.tr\/index.php\/wp-json\/wp\/v2\/product"}],"about":[{"href":"https:\/\/roveyayinevi.com.tr\/index.php\/wp-json\/wp\/v2\/types\/product"}],"wp:attachment":[{"href":"https:\/\/roveyayinevi.com.tr\/index.php\/wp-json\/wp\/v2\/media?parent=739165"}],"wp:term":[{"taxonomy":"product_brand","embeddable":true,"href":"https:\/\/roveyayinevi.com.tr\/index.php\/wp-json\/wp\/v2\/product_brand?post=739165"},{"taxonomy":"product_cat","embeddable":true,"href":"https:\/\/roveyayinevi.com.tr\/index.php\/wp-json\/wp\/v2\/product_cat?post=739165"},{"taxonomy":"product_tag","embeddable":true,"href":"https:\/\/roveyayinevi.com.tr\/index.php\/wp-json\/wp\/v2\/product_tag?post=739165"}],"curies":[{"name":"wp","href":"https:\/\/api.w.org\/{rel}","templated":true}]}}