{"id":739164,"date":"2025-08-28T00:05:22","date_gmt":"2025-08-27T21:05:22","guid":{"rendered":"https:\/\/roveyayinevi.com.tr\/index.php\/urun\/cilgin-deneyler-kulubu-4-ote-evrene-yolculuk\/"},"modified":"2026-03-30T02:56:56","modified_gmt":"2026-03-29T23:56:56","slug":"cilgin-deneyler-kulubu-4-ote-evrene-yolculuk","status":"publish","type":"product","link":"https:\/\/roveyayinevi.com.tr\/index.php\/urun\/cilgin-deneyler-kulubu-4-ote-evrene-yolculuk\/","title":{"rendered":"\u00c7\u0131lg\u0131n Deneyler Kul\u00fcb\u00fc 4-\u00d6te Evrene Yolculuk"},"content":{"rendered":"<p>B\u00fcy\u00fck hesapla\u015fma ba\u015fl\u0131yor! Deli Profes\u00f6r ye\u015fil kapl\u0131 defteri ele ge\u00e7irmek i\u00e7in Berk\u2019i ve Ceren\u2019le ekibini ka\u00e7\u0131r\u0131yor. \u00c7\u0131lg\u0131n Deneyler Kul\u00fcb\u00fc, onlar\u0131 kurtarmak ve Profes\u00f6r\u2019\u00fcn d\u00fcnyay\u0131 ele ge\u00e7irme planlar\u0131n\u0131 durdurmak zorunda. \u015eimdi kahramanlar\u0131m\u0131z\u0131 \u00f6te evrenler (\u015fu metaverse dedikleri) aras\u0131 yolculuklarla dolu bir macera bekliyor. Yani&#8230; \u00d6nemsiz yolculuklar can\u0131m. Ne kadar zor olabilir ki? Bu kitapta \u00f6te evren (metaverse), paralel evren nedir, gelecekte bizi nas\u0131l bir d\u00fcnya bekliyor gibi sorular\u0131n cevaplar\u0131n\u0131 bulaca\u011f\u0131n\u0131z\u0131 san\u0131yorsan\u0131z yan\u0131l\u0131yorsunuz. Sadece daha fazla soru sorman\u0131z\u0131 sa\u011flayacak \u00e7\u0131lg\u0131n bir macera okuyacaks\u0131n\u0131z.   <\/p>\n","protected":false},"excerpt":{"rendered":"<p>B\u00fcy\u00fck hesapla\u015fma ba\u015fl\u0131yor! Deli Profes\u00f6r ye\u015fil kapl\u0131 defteri ele ge\u00e7irmek i\u00e7in Berk\u2019i ve Ceren\u2019le ekibini ka\u00e7\u0131r\u0131yor. \u00c7\u0131lg\u0131n Deneyler Kul\u00fcb\u00fc, onlar\u0131 kurtarmak ve Profes\u00f6r\u2019\u00fcn d\u00fcnyay\u0131 ele ge\u00e7irme<span class=\"excerpt-hellip\"> [\u2026]<\/span><\/p>\n","protected":false},"featured_media":0,"template":"","meta":{"_monsterinsights_skip_tracking":false,"_monsterinsights_sitenote_active":false,"_monsterinsights_sitenote_note":"","_monsterinsights_sitenote_category":0},"product_brand":[],"product_cat":[12274,12284],"product_tag":[],"class_list":{"0":"post-739164","1":"product","2":"type-product","3":"status-publish","5":"product_cat-cocuk-ve-genclik-kitaplari","6":"product_cat-hikayeler","7":"pa_cilt-ciltsiz","8":"pa_tur-kitap","9":"pa_yayinevi-dogan-cocuk","10":"pa_yazar-esra-ilter-demirbilek","12":"first","13":"instock","14":"sale","15":"shipping-taxable","16":"purchasable","17":"product-type-simple"},"_links":{"self":[{"href":"https:\/\/roveyayinevi.com.tr\/index.php\/wp-json\/wp\/v2\/product\/739164","targetHints":{"allow":["GET"]}}],"collection":[{"href":"https:\/\/roveyayinevi.com.tr\/index.php\/wp-json\/wp\/v2\/product"}],"about":[{"href":"https:\/\/roveyayinevi.com.tr\/index.php\/wp-json\/wp\/v2\/types\/product"}],"wp:attachment":[{"href":"https:\/\/roveyayinevi.com.tr\/index.php\/wp-json\/wp\/v2\/media?parent=739164"}],"wp:term":[{"taxonomy":"product_brand","embeddable":true,"href":"https:\/\/roveyayinevi.com.tr\/index.php\/wp-json\/wp\/v2\/product_brand?post=739164"},{"taxonomy":"product_cat","embeddable":true,"href":"https:\/\/roveyayinevi.com.tr\/index.php\/wp-json\/wp\/v2\/product_cat?post=739164"},{"taxonomy":"product_tag","embeddable":true,"href":"https:\/\/roveyayinevi.com.tr\/index.php\/wp-json\/wp\/v2\/product_tag?post=739164"}],"curies":[{"name":"wp","href":"https:\/\/api.w.org\/{rel}","templated":true}]}}