{"id":739160,"date":"2025-08-28T00:05:17","date_gmt":"2025-08-27T21:05:17","guid":{"rendered":"https:\/\/roveyayinevi.com.tr\/index.php\/urun\/gokyuzu-ve-nefes-hanesi-hilal-sehir-2\/"},"modified":"2026-04-16T02:49:30","modified_gmt":"2026-04-15T23:49:30","slug":"gokyuzu-ve-nefes-hanesi-hilal-sehir-2","status":"publish","type":"product","link":"https:\/\/roveyayinevi.com.tr\/index.php\/urun\/gokyuzu-ve-nefes-hanesi-hilal-sehir-2\/","title":{"rendered":"G\u00f6ky\u00fcz\u00fc ve Nefes Hanesi Hilal \u015eehir 2"},"content":{"rendered":"<p>En \u00f6l\u00fcmc\u00fcl G\u00dc\u00c7. En vah\u015fi TUTKU. En ac\u0131mas\u0131z KADER.   \u201cTaht Oyunlar\u0131\u2019n\u0131n Buffy Vampir Avc\u0131s\u0131 ile bulu\u015ftu\u011funu ve \u00fczerine bir tutam da E.L. James eklendi\u011fini hayal edin. \u2014Telegraph   \u201cBa\u015f d\u00f6nd\u00fcr\u00fcc\u00fc, her f\u0131rsatta yaratt\u0131\u011f\u0131 merak uyand\u0131ran s\u00fcrprizleriyle sizi i\u00e7ine \u00e7eken bir girdap.\u201d \u2014Daily Mail   Bryce Quinlan ve Hunt Athalar bir anla\u015fma yapt\u0131lar: Aralar\u0131ndaki \u00e7ekimin g\u00fcc\u00fcne kap\u0131lmayacak ve K\u0131\u015f G\u00fcnd\u00f6n\u00fcm\u00fc\u2019n\u00fc bekleyecekler. \u00c7\u00fcnk\u00fc hen\u00fcz kimse g\u00fcvende de\u011fil. Fakat birbirlerine her yakla\u015ft\u0131klar\u0131nda \u00e7akan k\u0131v\u0131lc\u0131mlar, neredeyse t\u00fcm Hilal \u015eehir\u2019i alevler i\u00e7inde b\u0131rakmaya yeter. Bryce ve Hunt isyanc\u0131lara kat\u0131l\u0131rken ve isyan\u0131n nedenlerini \u00f6\u011frenirken, \u00e7evrelerini g\u00fcvende tutmak i\u00e7in susmak zorunda olduklar\u0131n\u0131 fark ettiler. Ama bildi\u011finiz gibi ikisi de sessiz kalmak konusunda hi\u00e7 de ba\u015far\u0131l\u0131 de\u011filler\u2026   Cam \u015eato, Dikenler ve G\u00fcller Saray\u0131 serileri 37 dile \u00e7evrilen Sarah J. Maas Hilal \u015eehir serisinin ikinci kitab\u0131yla ustal\u0131k eserine okurlar\u0131na hediye ediyor. <\/p>\n","protected":false},"excerpt":{"rendered":"<p>En \u00f6l\u00fcmc\u00fcl G\u00dc\u00c7. En vah\u015fi TUTKU. En ac\u0131mas\u0131z KADER. \u201cTaht Oyunlar\u0131\u2019n\u0131n Buffy Vampir Avc\u0131s\u0131 ile bulu\u015ftu\u011funu ve \u00fczerine bir tutam da E.L. James eklendi\u011fini hayal edin.<span class=\"excerpt-hellip\"> [\u2026]<\/span><\/p>\n","protected":false},"featured_media":0,"template":"","meta":{"_monsterinsights_skip_tracking":false,"_monsterinsights_sitenote_active":false,"_monsterinsights_sitenote_note":"","_monsterinsights_sitenote_category":0},"product_brand":[],"product_cat":[12291,12711],"product_tag":[],"class_list":{"0":"post-739160","1":"product","2":"type-product","3":"status-publish","5":"product_cat-edebiyat","6":"product_cat-roman-oyku","7":"pa_cilt-ciltsiz","8":"pa_tur-kitap","9":"pa_yayinevi-dex-yayinevi","10":"pa_yazar-sarah-j-maas","12":"first","13":"instock","14":"sale","15":"shipping-taxable","16":"purchasable","17":"product-type-simple"},"_links":{"self":[{"href":"https:\/\/roveyayinevi.com.tr\/index.php\/wp-json\/wp\/v2\/product\/739160","targetHints":{"allow":["GET"]}}],"collection":[{"href":"https:\/\/roveyayinevi.com.tr\/index.php\/wp-json\/wp\/v2\/product"}],"about":[{"href":"https:\/\/roveyayinevi.com.tr\/index.php\/wp-json\/wp\/v2\/types\/product"}],"wp:attachment":[{"href":"https:\/\/roveyayinevi.com.tr\/index.php\/wp-json\/wp\/v2\/media?parent=739160"}],"wp:term":[{"taxonomy":"product_brand","embeddable":true,"href":"https:\/\/roveyayinevi.com.tr\/index.php\/wp-json\/wp\/v2\/product_brand?post=739160"},{"taxonomy":"product_cat","embeddable":true,"href":"https:\/\/roveyayinevi.com.tr\/index.php\/wp-json\/wp\/v2\/product_cat?post=739160"},{"taxonomy":"product_tag","embeddable":true,"href":"https:\/\/roveyayinevi.com.tr\/index.php\/wp-json\/wp\/v2\/product_tag?post=739160"}],"curies":[{"name":"wp","href":"https:\/\/api.w.org\/{rel}","templated":true}]}}