{"id":739158,"date":"2025-08-28T00:05:15","date_gmt":"2025-08-27T21:05:15","guid":{"rendered":"https:\/\/roveyayinevi.com.tr\/index.php\/urun\/eserlerinde-nietzsche\/"},"modified":"2026-04-16T02:49:30","modified_gmt":"2026-04-15T23:49:30","slug":"eserlerinde-nietzsche","status":"publish","type":"product","link":"https:\/\/roveyayinevi.com.tr\/index.php\/urun\/eserlerinde-nietzsche\/","title":{"rendered":"Eserlerinde N\u0131etzsche"},"content":{"rendered":"<p>Lou Andreas Salome, felsefe ve ps\u015fkanalize katk\u0131lar\u0131yla bilinen ancak hep birlikte an\u0131ld\u0131\u011f\u0131 erkeklerin ard\u0131ndan (Nietzsche, Rilke, Freud) say\u0131lan \u00e7ok parlak bir entellekt\u00fceldir.   \u00c7a\u011f\u0131n\u0131n kad\u0131n \u00f6zg\u00fcrl\u00fck anlay\u0131\u015f\u0131n\u0131n  \u00f6tesinde bir ruha ve eyleme sahip Salome, 1879\u2019da k\u0131z \u00f6\u011frenci kab\u00fcl eden ender \u00fcniversitelerden olan z\u00fcrih\u2019te felsefe ve psikoloji e\u011fitimini tamamlar.   1882\u2019de ise iki kahraman\u0131m\u0131z\u0131n d\u00f6n\u00fcm noktalar\u0131 olan kar\u015f\u0131la\u015fma roma\u2019da ger\u00e7ekle\u015fir.   Nietzsche Salome\u2019nin hem g\u00fczelli\u011fi hem de 21 ya\u015f\u0131nda olmas\u0131na ra\u011fmen derin entelekt\u00fcalizmi kar\u015f\u0131s\u0131nda hayranl\u0131k duyar. Nietzsche, tan\u0131\u015fmalar\u0131ndan birka\u00e7 g\u00fcn sonra \u201cHangi y\u0131ld\u0131zlardan d\u00fc\u015f\u00fcp birbirimizi bulduk biz\u201d diyecek kadar a\u015f\u0131k olur. Salome\u2019nin Eserlerinde Nietzsche\u2019si, ikilinin ili\u015fkisine,   Nietzsche\u2019nin eserlerine bak\u0131\u015f\u0131n\u0131 yans\u0131tan, mektuplar\u0131n da bulundu\u011fu etkileyici bir \u00e7al\u0131\u015fmad\u0131r.<\/p>\n","protected":false},"excerpt":{"rendered":"<p>Lou Andreas Salome, felsefe ve ps\u015fkanalize katk\u0131lar\u0131yla bilinen ancak hep birlikte an\u0131ld\u0131\u011f\u0131 erkeklerin ard\u0131ndan (Nietzsche, Rilke, Freud) say\u0131lan \u00e7ok parlak bir entellekt\u00fceldir. \u00c7a\u011f\u0131n\u0131n kad\u0131n \u00f6zg\u00fcrl\u00fck anlay\u0131\u015f\u0131n\u0131n<span class=\"excerpt-hellip\"> [\u2026]<\/span><\/p>\n","protected":false},"featured_media":0,"template":"","meta":{"_monsterinsights_skip_tracking":false,"_monsterinsights_sitenote_active":false,"_monsterinsights_sitenote_note":"","_monsterinsights_sitenote_category":0},"product_brand":[],"product_cat":[12573,12566],"product_tag":[],"class_list":{"0":"post-739158","1":"product","2":"type-product","3":"status-publish","5":"product_cat-akademik-kitaplar","6":"product_cat-egitim","7":"pa_cilt-ciltsiz","8":"pa_tur-kitap","9":"pa_yayinevi-egiten-kitap","10":"pa_yazar-kolektif","12":"first","13":"instock","14":"sale","15":"shipping-taxable","16":"purchasable","17":"product-type-simple"},"_links":{"self":[{"href":"https:\/\/roveyayinevi.com.tr\/index.php\/wp-json\/wp\/v2\/product\/739158","targetHints":{"allow":["GET"]}}],"collection":[{"href":"https:\/\/roveyayinevi.com.tr\/index.php\/wp-json\/wp\/v2\/product"}],"about":[{"href":"https:\/\/roveyayinevi.com.tr\/index.php\/wp-json\/wp\/v2\/types\/product"}],"wp:attachment":[{"href":"https:\/\/roveyayinevi.com.tr\/index.php\/wp-json\/wp\/v2\/media?parent=739158"}],"wp:term":[{"taxonomy":"product_brand","embeddable":true,"href":"https:\/\/roveyayinevi.com.tr\/index.php\/wp-json\/wp\/v2\/product_brand?post=739158"},{"taxonomy":"product_cat","embeddable":true,"href":"https:\/\/roveyayinevi.com.tr\/index.php\/wp-json\/wp\/v2\/product_cat?post=739158"},{"taxonomy":"product_tag","embeddable":true,"href":"https:\/\/roveyayinevi.com.tr\/index.php\/wp-json\/wp\/v2\/product_tag?post=739158"}],"curies":[{"name":"wp","href":"https:\/\/api.w.org\/{rel}","templated":true}]}}