{"id":739156,"date":"2025-08-28T00:05:14","date_gmt":"2025-08-27T21:05:14","guid":{"rendered":"https:\/\/roveyayinevi.com.tr\/index.php\/urun\/fizyolojik-psikoloji-psikoloji-seti\/"},"modified":"2026-04-16T02:49:30","modified_gmt":"2026-04-15T23:49:30","slug":"fizyolojik-psikoloji-psikoloji-seti","status":"publish","type":"product","link":"https:\/\/roveyayinevi.com.tr\/index.php\/urun\/fizyolojik-psikoloji-psikoloji-seti\/","title":{"rendered":"Fizyolojik Psikoloji (Psikoloji Seti)"},"content":{"rendered":"<p>Psikoloji setinde yer alan kitaplar; temel ve genel alanlar olarak belirlenmi\u015f, lisans e\u011fitiminde gereksinim duyulan bilimsel ve entelekt\u00fcel birikimi kazand\u0131rmay\u0131 hedeflemektedir. Di\u011fer yandan ortalama ve ilgili okuyucuya da hitap edebilecek \u015fekilde; didaktik, basitten zora, somuttan soya, kolaydan zora do\u011fru kurgulanmas\u0131na \u00f6zen g\u00f6sterilmi\u015ftir.<\/p>\n","protected":false},"excerpt":{"rendered":"<p>Psikoloji setinde yer alan kitaplar; temel ve genel alanlar olarak belirlenmi\u015f, lisans e\u011fitiminde gereksinim duyulan bilimsel ve entelekt\u00fcel birikimi kazand\u0131rmay\u0131 hedeflemektedir. Di\u011fer yandan ortalama ve ilgili<span class=\"excerpt-hellip\"> [\u2026]<\/span><\/p>\n","protected":false},"featured_media":0,"template":"","meta":{"_monsterinsights_skip_tracking":false,"_monsterinsights_sitenote_active":false,"_monsterinsights_sitenote_note":"","_monsterinsights_sitenote_category":0},"product_brand":[],"product_cat":[12573,12566],"product_tag":[],"class_list":{"0":"post-739156","1":"product","2":"type-product","3":"status-publish","5":"product_cat-akademik-kitaplar","6":"product_cat-egitim","7":"pa_cilt-ciltsiz","8":"pa_tur-kitap","9":"pa_yayinevi-egiten-kitap","10":"pa_yazar-kolektif","12":"first","13":"instock","14":"sale","15":"shipping-taxable","16":"purchasable","17":"product-type-simple"},"_links":{"self":[{"href":"https:\/\/roveyayinevi.com.tr\/index.php\/wp-json\/wp\/v2\/product\/739156","targetHints":{"allow":["GET"]}}],"collection":[{"href":"https:\/\/roveyayinevi.com.tr\/index.php\/wp-json\/wp\/v2\/product"}],"about":[{"href":"https:\/\/roveyayinevi.com.tr\/index.php\/wp-json\/wp\/v2\/types\/product"}],"wp:attachment":[{"href":"https:\/\/roveyayinevi.com.tr\/index.php\/wp-json\/wp\/v2\/media?parent=739156"}],"wp:term":[{"taxonomy":"product_brand","embeddable":true,"href":"https:\/\/roveyayinevi.com.tr\/index.php\/wp-json\/wp\/v2\/product_brand?post=739156"},{"taxonomy":"product_cat","embeddable":true,"href":"https:\/\/roveyayinevi.com.tr\/index.php\/wp-json\/wp\/v2\/product_cat?post=739156"},{"taxonomy":"product_tag","embeddable":true,"href":"https:\/\/roveyayinevi.com.tr\/index.php\/wp-json\/wp\/v2\/product_tag?post=739156"}],"curies":[{"name":"wp","href":"https:\/\/api.w.org\/{rel}","templated":true}]}}