{"id":739155,"date":"2025-08-28T00:05:13","date_gmt":"2025-08-27T21:05:13","guid":{"rendered":"https:\/\/roveyayinevi.com.tr\/index.php\/urun\/okul-oncesinde-hikaye-anlatim-materyalleri\/"},"modified":"2026-04-16T02:49:30","modified_gmt":"2026-04-15T23:49:30","slug":"okul-oncesinde-hikaye-anlatim-materyalleri","status":"publish","type":"product","link":"https:\/\/roveyayinevi.com.tr\/index.php\/urun\/okul-oncesinde-hikaye-anlatim-materyalleri\/","title":{"rendered":"Okul \u00d6ncesinde Hikaye Anlat\u0131m Materyalleri"},"content":{"rendered":"<p>Okul \u00f6ncesi d\u00f6nemde, kal\u0131c\u0131 \u00f6\u011frenmenin ger\u00e7ekle\u015fmesi i\u00e7in en \u00e7ok ba\u015fvurulan yol materyal kullan\u0131m\u0131d\u0131r. Materyaller \u00e7ocuklar\u0131n t\u00fcm duyu organlar\u0131na hitap etti\u011finden \u00f6\u011frenmede kal\u0131c\u0131l\u0131\u011f\u0131 sa\u011flaman\u0131n yan\u0131 s\u0131ra \u00e7ocuklara e\u011fitsel de\u011feri y\u00fcksek, nitelikli \u00f6\u011frenme ortamlar\u0131 sa\u011flamaktad\u0131r.   Kitapta hik\u00e2ye anlat\u0131m\u0131nda kullan\u0131lan farkl\u0131 materyallerle haz\u0131rlanm\u0131\u015f teknikler yer almaktad\u0131r. Kitab\u0131n i\u00e7eri\u011finde, okul \u00f6ncesi d\u00f6nemde hik\u00e2ye anlat\u0131m materyalleri haz\u0131rlamaya ve bunlar\u0131n nas\u0131l uygulanaca\u011f\u0131na y\u00f6nelik a\u00e7\u0131klay\u0131c\u0131 bilgiler verilmi\u015ftir.<\/p>\n","protected":false},"excerpt":{"rendered":"<p>Okul \u00f6ncesi d\u00f6nemde, kal\u0131c\u0131 \u00f6\u011frenmenin ger\u00e7ekle\u015fmesi i\u00e7in en \u00e7ok ba\u015fvurulan yol materyal kullan\u0131m\u0131d\u0131r. Materyaller \u00e7ocuklar\u0131n t\u00fcm duyu organlar\u0131na hitap etti\u011finden \u00f6\u011frenmede kal\u0131c\u0131l\u0131\u011f\u0131 sa\u011flaman\u0131n yan\u0131 s\u0131ra \u00e7ocuklara<span class=\"excerpt-hellip\"> [\u2026]<\/span><\/p>\n","protected":false},"featured_media":0,"template":"","meta":{"_monsterinsights_skip_tracking":false,"_monsterinsights_sitenote_active":false,"_monsterinsights_sitenote_note":"","_monsterinsights_sitenote_category":0},"product_brand":[],"product_cat":[12573,12566],"product_tag":[],"class_list":{"0":"post-739155","1":"product","2":"type-product","3":"status-publish","5":"product_cat-akademik-kitaplar","6":"product_cat-egitim","7":"pa_cilt-ciltsiz","8":"pa_tur-kitap","9":"pa_yayinevi-egiten-kitap","10":"pa_yazar-filiz-aydemir","12":"first","13":"instock","14":"sale","15":"shipping-taxable","16":"purchasable","17":"product-type-simple"},"_links":{"self":[{"href":"https:\/\/roveyayinevi.com.tr\/index.php\/wp-json\/wp\/v2\/product\/739155","targetHints":{"allow":["GET"]}}],"collection":[{"href":"https:\/\/roveyayinevi.com.tr\/index.php\/wp-json\/wp\/v2\/product"}],"about":[{"href":"https:\/\/roveyayinevi.com.tr\/index.php\/wp-json\/wp\/v2\/types\/product"}],"wp:attachment":[{"href":"https:\/\/roveyayinevi.com.tr\/index.php\/wp-json\/wp\/v2\/media?parent=739155"}],"wp:term":[{"taxonomy":"product_brand","embeddable":true,"href":"https:\/\/roveyayinevi.com.tr\/index.php\/wp-json\/wp\/v2\/product_brand?post=739155"},{"taxonomy":"product_cat","embeddable":true,"href":"https:\/\/roveyayinevi.com.tr\/index.php\/wp-json\/wp\/v2\/product_cat?post=739155"},{"taxonomy":"product_tag","embeddable":true,"href":"https:\/\/roveyayinevi.com.tr\/index.php\/wp-json\/wp\/v2\/product_tag?post=739155"}],"curies":[{"name":"wp","href":"https:\/\/api.w.org\/{rel}","templated":true}]}}